{"id":3498,"date":"2023-12-30T16:52:18","date_gmt":"2023-12-30T16:52:18","guid":{"rendered":"https:\/\/newweb.brandyourshoes.com\/?page_id=3498"},"modified":"2023-12-30T17:02:49","modified_gmt":"2023-12-30T17:02:49","slug":"sitemap-fr","status":"publish","type":"page","link":"https:\/\/brandyourshoes.com\/fr\/sitemap-fr\/","title":{"rendered":"Sitemap FR"},"content":{"rendered":"\n<div class=\"wsp-container\"><h2 class=\"wsp-pages-title\">Pages<\/h2>\n<ul class=\"wsp-pages-list\">\n<li class=\"page_item page-item-1538\"><a href=\"https:\/\/brandyourshoes.com\/fr\/qui-sommes-nous\/\">About us FR<\/a><\/li>\n<li class=\"page_item page-item-16121\"><a href=\"https:\/\/brandyourshoes.com\/fr\/branding-et-merchandising\/\">Branding et Merchandising<\/a><\/li>\n<li class=\"page_item page-item-16131\"><a href=\"https:\/\/brandyourshoes.com\/fr\/cadeaux-equipes-et-motivation\/\">Cadeaux, \u00c9quipes et Motivation<\/a><\/li>\n<li class=\"page_item page-item-3026\"><a href=\"https:\/\/brandyourshoes.com\/fr\/contactez\/\">Contact<\/a><\/li>\n<li class=\"page_item page-item-17927\"><a href=\"https:\/\/brandyourshoes.com\/fr\/contact-christmas-2025-fr\/\">Contact \u2013 Christmas 2025 \u2013 FR<\/a><\/li>\n<li class=\"page_item page-item-16716\"><a href=\"https:\/\/brandyourshoes.com\/fr\/cookies-policy\/\">Cookies policy<\/a><\/li>\n<li class=\"page_item page-item-16103\"><a href=\"https:\/\/brandyourshoes.com\/fr\/evenements-et-expositions\/\">\u00c9v\u00e8nements et Expositions<\/a><\/li>\n<li class=\"page_item page-item-1737\"><a href=\"https:\/\/brandyourshoes.com\/fr\/personnalisation-chaussures-faqs\/\">FAQs<\/a><\/li>\n<li class=\"page_item page-item-2312\"><a href=\"https:\/\/brandyourshoes.com\/fr\/general-conditions-fr\/\">General conditions<\/a><\/li>\n<li class=\"page_item page-item-1473\"><a href=\"https:\/\/brandyourshoes.com\/fr\/\">Home &#8211; Fran\u00e7ais<\/a><\/li>\n<li class=\"page_item page-item-2848\"><a href=\"https:\/\/brandyourshoes.com\/fr\/sneakers-corporatives-methode\/\">How we create &#8211; FR<\/a><\/li>\n<li class=\"page_item page-item-2000\"><a href=\"https:\/\/brandyourshoes.com\/fr\/landing-fully-customizable-branded-sneakers-thanks-fr\/\">Landing fully customizable branded sneakers thanks FR<\/a><\/li>\n<li class=\"page_item page-item-2295\"><a href=\"https:\/\/brandyourshoes.com\/fr\/legal-notice-fr\/\">Legal notice<\/a><\/li>\n<li class=\"page_item page-item-16110\"><a href=\"https:\/\/brandyourshoes.com\/fr\/marketing-et-promotion\/\">Marketing et Promotion<\/a><\/li>\n<li class=\"page_item page-item-1669\"><a href=\"https:\/\/brandyourshoes.com\/fr\/modeles\/\">Models FR<\/a><\/li>\n<li class=\"page_item page-item-2301\"><a href=\"https:\/\/brandyourshoes.com\/fr\/privacy-policy-fr\/\">Privacy policy<\/a><\/li>\n<li class=\"page_item page-item-16238\"><a href=\"https:\/\/brandyourshoes.com\/fr\/realisations\/\">Projects FR<\/a><\/li>\n<li class=\"page_item page-item-2322\"><a href=\"https:\/\/brandyourshoes.com\/fr\/fr-returns-policy-fr\/\">Returns policy<\/a><\/li>\n<li class=\"page_item page-item-3498\"><a href=\"https:\/\/brandyourshoes.com\/fr\/sitemap-fr\/\">Sitemap FR<\/a><\/li>\n<li class=\"page_item page-item-16093\"><a href=\"https:\/\/brandyourshoes.com\/fr\/tenues-de-travail\/\">Tenues de travail<\/a><\/li>\n<li class=\"page_item page-item-2061\"><a href=\"https:\/\/brandyourshoes.com\/fr\/thank-you-page-from-contact-form-fr\/\">Thank you page &#8211; from contact form FR<\/a><\/li>\n<li class=\"page_item page-item-17735\"><a href=\"https:\/\/brandyourshoes.com\/fr\/thank-you-page-google-ads-fr\/\">Thank you page \u2013 Google ads FR<\/a><\/li>\n<\/ul>\n<h2 class=\"wsp-landings-title\">Landings<\/h2>\n<ul class=\"wsp-landings-list\">\n<li><a href=\"https:\/\/brandyourshoes.com\/fr\/landing\/baskets-dentreprise-personnalisees\/\">Baskets d\u2019entreprise personnalis\u00e9es<\/a><\/li>\n<li><a href=\"https:\/\/brandyourshoes.com\/fr\/landing\/landing-branded-skeakers-idees-cadeaux-dentreprise-pour-employes\/\">Id\u00e9es cadeaux d\u2019entreprise pour employ\u00e9s<\/a><\/li>\n<li><a href=\"https:\/\/brandyourshoes.com\/fr\/landing\/landing-branded-skeakers-cadeau-special-equipes\/\">Cadeau sp\u00e9cial \u00e9quipes<\/a><\/li>\n<li><a href=\"https:\/\/brandyourshoes.com\/fr\/landing\/landing-branded-skeakers-objets-de-communication\/\">Objets de communication<\/a><\/li>\n<li><a href=\"https:\/\/brandyourshoes.com\/fr\/landing\/landing-branded-skeakers-complements-pour-seminaires-et-evenements\/\">Compl\u00e9ments pour s\u00e9minaires et \u00e9v\u00e8nements<\/a><\/li>\n<li><a href=\"https:\/\/brandyourshoes.com\/fr\/landing\/landing-branded-skeakers-baskets-corporatives\/\">Baskets corporatives<\/a><\/li>\n<li><a href=\"https:\/\/brandyourshoes.com\/fr\/landing\/landing-branded-skeakers-customized-sneakers-fr\/\">Customized sneakers<\/a><\/li>\n<li><a href=\"https:\/\/brandyourshoes.com\/fr\/landing\/landing-branded-skeakers-baskets-personnalisees-1\/\">Baskets personnalis\u00e9es<\/a><\/li>\n<li><a href=\"https:\/\/brandyourshoes.com\/fr\/landing\/landing-branded-skeakers-brand-strategie\/\">Brand strat\u00e9gie<\/a><\/li>\n<li><a href=\"https:\/\/brandyourshoes.com\/fr\/landing\/landing-branded-skeakers-idees-de-branding\/\">Id\u00e9es de branding<\/a><\/li>\n<li><a href=\"https:\/\/brandyourshoes.com\/fr\/landing\/landing-branded-skeakers-cadeau-corporatifs\/\">Cadeau corporatifs<\/a><\/li>\n<li><a href=\"https:\/\/brandyourshoes.com\/fr\/landing\/landing-branded-skeakers-idees-de-marketing\/\">Id\u00e9es de marketing<\/a><\/li>\n<li><a href=\"https:\/\/brandyourshoes.com\/fr\/landing\/landing-branded-skeakers-idees-cadeau-dentreprise-pour-equipes\/\">Id\u00e9es cadeau d\u2019entreprise pour \u00e9quipes<\/a><\/li>\n<li><a href=\"https:\/\/brandyourshoes.com\/fr\/landing\/landing-branded-skeakers-pack-de-bienvenue\/\">Pack de bienvenue<\/a><\/li>\n<li><a href=\"https:\/\/brandyourshoes.com\/fr\/landing\/landing-branded-skeakers-cadeaux-corporatifs\/\">Cadeaux corporatifs<\/a><\/li>\n<li><a href=\"https:\/\/brandyourshoes.com\/fr\/landing\/landing-branded-skeakers-custom-sneakers-fr\/\">Custom sneakers<\/a><\/li>\n<li><a href=\"https:\/\/brandyourshoes.com\/fr\/landing\/landing-branded-skeakers-produits-promotionnels\/\">Produits promotionnels<\/a><\/li>\n<li><a href=\"https:\/\/brandyourshoes.com\/fr\/landing\/landing-branded-skeakers-cadeaux-promotionnels\/\">Cadeaux promotionnels<\/a><\/li>\n<li><a href=\"https:\/\/brandyourshoes.com\/fr\/landing\/landing-branded-skeakers-chaussures-corporatives\/\">Chaussures corporatives<\/a><\/li>\n<li><a href=\"https:\/\/brandyourshoes.com\/fr\/landing\/landing-branded-skeakers-chaussures-duniformes\/\">Chaussures d\u2019uniformes<\/a><\/li>\n<li><a href=\"https:\/\/brandyourshoes.com\/fr\/landing\/landing-branded-skeakers-corporate-swag-fr\/\">Corporate swag<\/a><\/li>\n<li><a href=\"https:\/\/brandyourshoes.com\/fr\/landing\/landing-branded-skeakers-cadeau-de-noel-pour-entreprises\/\">Cadeau de No\u00ebl pour entreprises<\/a><\/li>\n<li><a href=\"https:\/\/brandyourshoes.com\/fr\/landing\/landing-branded-skeakers-merch-fr\/\">Merch<\/a><\/li>\n<li><a href=\"https:\/\/brandyourshoes.com\/fr\/landing\/landing-branded-skeakers-baskets-personnalisees\/\">Personalized sneakers<\/a><\/li>\n<\/ul>\n<h2 class=\"wsp-models-title\">Models<\/h2>\n<ul class=\"wsp-models-list\">\n<li><a href=\"https:\/\/brandyourshoes.com\/fr\/model\/hazel\/\">HAZEL<\/a><\/li>\n<li><a href=\"https:\/\/brandyourshoes.com\/fr\/model\/mocha\/\">Mocha<\/a><\/li>\n<li><a href=\"https:\/\/brandyourshoes.com\/fr\/model\/retro\/\">Retro<\/a><\/li>\n<li><a href=\"https:\/\/brandyourshoes.com\/fr\/model\/tennis\/\">Tennis<\/a><\/li>\n<li><a href=\"https:\/\/brandyourshoes.com\/fr\/model\/street\/\">Street<\/a><\/li>\n<li><a href=\"https:\/\/brandyourshoes.com\/fr\/model\/rocket\/\">Rocket<\/a><\/li>\n<li><a href=\"https:\/\/brandyourshoes.com\/fr\/model\/urban\/\">Urban<\/a><\/li>\n<li><a href=\"https:\/\/brandyourshoes.com\/fr\/model\/vintage\/\">Vintage<\/a><\/li>\n<li><a href=\"https:\/\/brandyourshoes.com\/fr\/model\/desert\/\">Desert<\/a><\/li>\n<li><a href=\"https:\/\/brandyourshoes.com\/fr\/model\/new-classic\/\">New classic<\/a><\/li>\n<\/ul>\n<h2 class=\"wsp-projects-title\">Projects<\/h2>\n<ul class=\"wsp-projects-list\">\n<li><a href=\"https:\/\/brandyourshoes.com\/fr\/project\/montana-university\/\">MONTANA UNIVERSITY<\/a><\/li>\n<li><a href=\"https:\/\/brandyourshoes.com\/fr\/project\/invivo\/\">INVIVO<\/a><\/li>\n<li><a href=\"https:\/\/brandyourshoes.com\/fr\/project\/aruba\/\">ARUBA<\/a><\/li>\n<li><a href=\"https:\/\/brandyourshoes.com\/fr\/project\/threefold\/\">THREEFOLD<\/a><\/li>\n<li><a href=\"https:\/\/brandyourshoes.com\/fr\/project\/hard-rock\/\">HARD ROCK<\/a><\/li>\n<li><a href=\"https:\/\/brandyourshoes.com\/fr\/project\/bang-olufsen-bo\/\">Bang &amp; Olufsen (B&amp;O)<\/a><\/li>\n<li><a href=\"https:\/\/brandyourshoes.com\/fr\/project\/bps\/\">BPS<\/a><\/li>\n<li><a href=\"https:\/\/brandyourshoes.com\/fr\/project\/google-for-education\/\">GOOGLE for education<\/a><\/li>\n<li><a href=\"https:\/\/brandyourshoes.com\/fr\/project\/imex\/\">IMEX<\/a><\/li>\n<li><a href=\"https:\/\/brandyourshoes.com\/fr\/project\/ise\/\">ISE<\/a><\/li>\n<li><a href=\"https:\/\/brandyourshoes.com\/fr\/project\/jubany\/\">JUBANY<\/a><\/li>\n<li><a href=\"https:\/\/brandyourshoes.com\/fr\/project\/kawasaki\/\">KAWASAKI<\/a><\/li>\n<li><a href=\"https:\/\/brandyourshoes.com\/fr\/project\/hpe-intel\/\">HPE + INTEL<\/a><\/li>\n<li><a href=\"https:\/\/brandyourshoes.com\/fr\/project\/accor\/\">ACCOR<\/a><\/li>\n<li><a href=\"https:\/\/brandyourshoes.com\/fr\/project\/lotus\/\">LOTUS<\/a><\/li>\n<li><a href=\"https:\/\/brandyourshoes.com\/fr\/project\/pepsicola\/\">PEPSICOLA<\/a><\/li>\n<li><a href=\"https:\/\/brandyourshoes.com\/fr\/project\/honda\/\">HONDA<\/a><\/li>\n<\/ul>\n<h2 class=\"wsp-project_categorys-title\">Projects category<\/h2>\n<ul class=\"wsp-project_categorys-list\">\n<li><a href=\"https:\/\/brandyourshoes.com\/fr\/project-category\/branding-et-merchandising\/\">Branding et Merchandising<\/a><\/li>\n<li><a href=\"https:\/\/brandyourshoes.com\/fr\/project-category\/cadeaux-equipes-et-motivation\/\">Cadeaux, \u00c9quipes et Motivation<\/a><\/li>\n<li><a href=\"https:\/\/brandyourshoes.com\/fr\/project-category\/evenements-et-expositions\/\">\u00c9v\u00e8nements et Expositions<\/a><\/li>\n<li><a href=\"https:\/\/brandyourshoes.com\/fr\/project-category\/marketing-et-promotion\/\">Marketing et Promotion<\/a><\/li>\n<li><a href=\"https:\/\/brandyourshoes.com\/fr\/project-category\/tenues-de-travail\/\">Tenues de travail<\/a><\/li>\n<\/ul>\n<\/div>\n","protected":false},"excerpt":{"rendered":"","protected":false},"author":1,"featured_media":0,"parent":0,"menu_order":0,"comment_status":"closed","ping_status":"closed","template":"","meta":{"_acf_changed":false,"footnotes":""},"funcionalitat":[],"class_list":["post-3498","page","type-page","status-publish","hentry"],"acf":[],"yoast_head":"<!-- This site is optimized with the Yoast SEO plugin v27.2 - https:\/\/yoast.com\/product\/yoast-seo-wordpress\/ -->\n<title>Sitemap FR - BrandYourShoes<\/title>\n<meta name=\"robots\" content=\"index, follow, max-snippet:-1, max-image-preview:large, max-video-preview:-1\" \/>\n<link rel=\"canonical\" href=\"https:\/\/brandyourshoes.com\/fr\/sitemap-fr\/\" \/>\n<meta property=\"og:locale\" content=\"fr_FR\" \/>\n<meta property=\"og:type\" content=\"article\" \/>\n<meta property=\"og:title\" content=\"Sitemap FR - BrandYourShoes\" \/>\n<meta property=\"og:url\" content=\"https:\/\/brandyourshoes.com\/fr\/sitemap-fr\/\" \/>\n<meta property=\"og:site_name\" content=\"BrandYourShoes\" \/>\n<meta property=\"article:modified_time\" content=\"2023-12-30T17:02:49+00:00\" \/>\n<meta name=\"twitter:card\" content=\"summary_large_image\" \/>\n<meta name=\"twitter:label1\" content=\"Dur\u00e9e de lecture estim\u00e9e\" \/>\n\t<meta name=\"twitter:data1\" content=\"1 minute\" \/>\n<script type=\"application\/ld+json\" class=\"yoast-schema-graph\">{\"@context\":\"https:\/\/schema.org\",\"@graph\":[{\"@type\":\"WebPage\",\"@id\":\"https:\/\/brandyourshoes.com\/fr\/sitemap-fr\/\",\"url\":\"https:\/\/brandyourshoes.com\/fr\/sitemap-fr\/\",\"name\":\"Sitemap FR - BrandYourShoes\",\"isPartOf\":{\"@id\":\"https:\/\/brandyourshoes.com\/fr\/#website\"},\"datePublished\":\"2023-12-30T16:52:18+00:00\",\"dateModified\":\"2023-12-30T17:02:49+00:00\",\"breadcrumb\":{\"@id\":\"https:\/\/brandyourshoes.com\/fr\/sitemap-fr\/#breadcrumb\"},\"inLanguage\":\"fr-FR\",\"potentialAction\":[{\"@type\":\"ReadAction\",\"target\":[\"https:\/\/brandyourshoes.com\/fr\/sitemap-fr\/\"]}]},{\"@type\":\"BreadcrumbList\",\"@id\":\"https:\/\/brandyourshoes.com\/fr\/sitemap-fr\/#breadcrumb\",\"itemListElement\":[{\"@type\":\"ListItem\",\"position\":1,\"name\":\"Portada\",\"item\":\"https:\/\/brandyourshoes.com\/fr\/\"},{\"@type\":\"ListItem\",\"position\":2,\"name\":\"Sitemap FR\"}]},{\"@type\":\"WebSite\",\"@id\":\"https:\/\/brandyourshoes.com\/fr\/#website\",\"url\":\"https:\/\/brandyourshoes.com\/fr\/\",\"name\":\"BrandYourShoes\",\"description\":\"Customized Sneakers\",\"publisher\":{\"@id\":\"https:\/\/brandyourshoes.com\/fr\/#organization\"},\"potentialAction\":[{\"@type\":\"SearchAction\",\"target\":{\"@type\":\"EntryPoint\",\"urlTemplate\":\"https:\/\/brandyourshoes.com\/fr\/?s={search_term_string}\"},\"query-input\":{\"@type\":\"PropertyValueSpecification\",\"valueRequired\":true,\"valueName\":\"search_term_string\"}}],\"inLanguage\":\"fr-FR\"},{\"@type\":\"Organization\",\"@id\":\"https:\/\/brandyourshoes.com\/fr\/#organization\",\"name\":\"BrandYourShoes\",\"url\":\"https:\/\/brandyourshoes.com\/fr\/\",\"logo\":{\"@type\":\"ImageObject\",\"inLanguage\":\"fr-FR\",\"@id\":\"https:\/\/brandyourshoes.com\/fr\/#\/schema\/logo\/image\/\",\"url\":\"https:\/\/brandyourshoes.com\/wp-content\/uploads\/2024\/02\/logo-horizontal-e1707810262679.png\",\"contentUrl\":\"https:\/\/brandyourshoes.com\/wp-content\/uploads\/2024\/02\/logo-horizontal-e1707810262679.png\",\"width\":292,\"height\":61,\"caption\":\"BrandYourShoes\"},\"image\":{\"@id\":\"https:\/\/brandyourshoes.com\/fr\/#\/schema\/logo\/image\/\"}}]}<\/script>\n<!-- \/ Yoast SEO plugin. -->","yoast_head_json":{"title":"Sitemap FR - BrandYourShoes","robots":{"index":"index","follow":"follow","max-snippet":"max-snippet:-1","max-image-preview":"max-image-preview:large","max-video-preview":"max-video-preview:-1"},"canonical":"https:\/\/brandyourshoes.com\/fr\/sitemap-fr\/","og_locale":"fr_FR","og_type":"article","og_title":"Sitemap FR - BrandYourShoes","og_url":"https:\/\/brandyourshoes.com\/fr\/sitemap-fr\/","og_site_name":"BrandYourShoes","article_modified_time":"2023-12-30T17:02:49+00:00","twitter_card":"summary_large_image","twitter_misc":{"Dur\u00e9e de lecture estim\u00e9e":"1 minute"},"schema":{"@context":"https:\/\/schema.org","@graph":[{"@type":"WebPage","@id":"https:\/\/brandyourshoes.com\/fr\/sitemap-fr\/","url":"https:\/\/brandyourshoes.com\/fr\/sitemap-fr\/","name":"Sitemap FR - BrandYourShoes","isPartOf":{"@id":"https:\/\/brandyourshoes.com\/fr\/#website"},"datePublished":"2023-12-30T16:52:18+00:00","dateModified":"2023-12-30T17:02:49+00:00","breadcrumb":{"@id":"https:\/\/brandyourshoes.com\/fr\/sitemap-fr\/#breadcrumb"},"inLanguage":"fr-FR","potentialAction":[{"@type":"ReadAction","target":["https:\/\/brandyourshoes.com\/fr\/sitemap-fr\/"]}]},{"@type":"BreadcrumbList","@id":"https:\/\/brandyourshoes.com\/fr\/sitemap-fr\/#breadcrumb","itemListElement":[{"@type":"ListItem","position":1,"name":"Portada","item":"https:\/\/brandyourshoes.com\/fr\/"},{"@type":"ListItem","position":2,"name":"Sitemap FR"}]},{"@type":"WebSite","@id":"https:\/\/brandyourshoes.com\/fr\/#website","url":"https:\/\/brandyourshoes.com\/fr\/","name":"BrandYourShoes","description":"Customized Sneakers","publisher":{"@id":"https:\/\/brandyourshoes.com\/fr\/#organization"},"potentialAction":[{"@type":"SearchAction","target":{"@type":"EntryPoint","urlTemplate":"https:\/\/brandyourshoes.com\/fr\/?s={search_term_string}"},"query-input":{"@type":"PropertyValueSpecification","valueRequired":true,"valueName":"search_term_string"}}],"inLanguage":"fr-FR"},{"@type":"Organization","@id":"https:\/\/brandyourshoes.com\/fr\/#organization","name":"BrandYourShoes","url":"https:\/\/brandyourshoes.com\/fr\/","logo":{"@type":"ImageObject","inLanguage":"fr-FR","@id":"https:\/\/brandyourshoes.com\/fr\/#\/schema\/logo\/image\/","url":"https:\/\/brandyourshoes.com\/wp-content\/uploads\/2024\/02\/logo-horizontal-e1707810262679.png","contentUrl":"https:\/\/brandyourshoes.com\/wp-content\/uploads\/2024\/02\/logo-horizontal-e1707810262679.png","width":292,"height":61,"caption":"BrandYourShoes"},"image":{"@id":"https:\/\/brandyourshoes.com\/fr\/#\/schema\/logo\/image\/"}}]}},"_links":{"self":[{"href":"https:\/\/brandyourshoes.com\/fr\/wp-json\/wp\/v2\/pages\/3498","targetHints":{"allow":["GET"]}}],"collection":[{"href":"https:\/\/brandyourshoes.com\/fr\/wp-json\/wp\/v2\/pages"}],"about":[{"href":"https:\/\/brandyourshoes.com\/fr\/wp-json\/wp\/v2\/types\/page"}],"author":[{"embeddable":true,"href":"https:\/\/brandyourshoes.com\/fr\/wp-json\/wp\/v2\/users\/1"}],"replies":[{"embeddable":true,"href":"https:\/\/brandyourshoes.com\/fr\/wp-json\/wp\/v2\/comments?post=3498"}],"version-history":[{"count":0,"href":"https:\/\/brandyourshoes.com\/fr\/wp-json\/wp\/v2\/pages\/3498\/revisions"}],"wp:attachment":[{"href":"https:\/\/brandyourshoes.com\/fr\/wp-json\/wp\/v2\/media?parent=3498"}],"wp:term":[{"taxonomy":"funcionalitat","embeddable":true,"href":"https:\/\/brandyourshoes.com\/fr\/wp-json\/wp\/v2\/funcionalitat?post=3498"}],"curies":[{"name":"wp","href":"https:\/\/api.w.org\/{rel}","templated":true}]}}