{"id":2848,"date":"2023-07-07T14:14:56","date_gmt":"2023-07-07T14:14:56","guid":{"rendered":"https:\/\/newweb.brandyourshoes.com\/?page_id=2848"},"modified":"2025-07-04T09:35:17","modified_gmt":"2025-07-04T09:35:17","slug":"sneakers-corporatives-methode","status":"publish","type":"page","link":"https:\/\/brandyourshoes.com\/fr\/sneakers-corporatives-methode\/","title":{"rendered":"How we create &#8211; FR"},"content":{"rendered":"\t\t<div data-elementor-type=\"wp-page\" data-elementor-id=\"2848\" class=\"elementor elementor-2848 elementor-1244\" data-elementor-post-type=\"page\">\n\t\t\t\t<div class=\"elementor-element elementor-element-ec48454 e-flex e-con-boxed e-con e-parent\" data-id=\"ec48454\" data-element_type=\"container\" data-e-type=\"container\">\n\t\t\t\t\t<div class=\"e-con-inner\">\n\t\t<div class=\"elementor-element elementor-element-d3cf9d2 e-con-full e-flex e-con e-child\" data-id=\"d3cf9d2\" data-element_type=\"container\" data-e-type=\"container\" data-settings=\"{&quot;background_background&quot;:&quot;classic&quot;}\">\n\t\t<div class=\"elementor-element elementor-element-a7dfad3 e-con-full overflow_hidden e-flex e-con e-child\" data-id=\"a7dfad3\" data-element_type=\"container\" data-e-type=\"container\">\n\t\t<div class=\"elementor-element elementor-element-5affe05 e-con-full e-flex elementor-invisible e-con e-child\" data-id=\"5affe05\" data-element_type=\"container\" data-e-type=\"container\" data-settings=\"{&quot;animation&quot;:&quot;aux-anim-scale-down&quot;}\">\n\t\t<div class=\"elementor-element elementor-element-12fdb5d e-con-full e-flex elementor-invisible e-con e-child\" data-id=\"12fdb5d\" data-element_type=\"container\" data-e-type=\"container\" data-settings=\"{&quot;background_background&quot;:&quot;classic&quot;,&quot;animation&quot;:&quot;aux-anim-mask-from-left&quot;}\">\n\t\t\t\t<div class=\"elementor-element elementor-element-00044a9 elementor-invisible elementor-widget elementor-widget-image\" data-id=\"00044a9\" data-element_type=\"widget\" data-e-type=\"widget\" data-settings=\"{&quot;_animation&quot;:&quot;aux-anim-mask-from-left&quot;}\" data-widget_type=\"image.default\">\n\t\t\t\t<div class=\"elementor-widget-container\">\n\t\t\t\t\t\t\t\t\t\t\t\t\t\t\t<img fetchpriority=\"high\" decoding=\"async\" width=\"730\" height=\"900\" src=\"https:\/\/brandyourshoes.com\/wp-content\/uploads\/2025\/05\/Brandyourshoes-Barcelona-2.webp\" class=\"attachment-large size-large wp-image-11774\" alt=\"\" srcset=\"https:\/\/brandyourshoes.com\/wp-content\/uploads\/2025\/05\/Brandyourshoes-Barcelona-2.webp 730w, https:\/\/brandyourshoes.com\/wp-content\/uploads\/2025\/05\/Brandyourshoes-Barcelona-2-243x300.webp 243w\" sizes=\"(max-width: 730px) 100vw, 730px\" \/>\t\t\t\t\t\t\t\t\t\t\t\t\t\t\t<\/div>\n\t\t\t\t<\/div>\n\t\t\t\t<div class=\"elementor-element elementor-element-5a3f0e9 elementor-absolute elementor-widget elementor-widget-heading\" data-id=\"5a3f0e9\" data-element_type=\"widget\" data-e-type=\"widget\" data-settings=\"{&quot;_position&quot;:&quot;absolute&quot;}\" data-widget_type=\"heading.default\">\n\t\t\t\t<div class=\"elementor-widget-container\">\n\t\t\t\t\t<h2 class=\"elementor-heading-title elementor-size-default\">Conception<br \/> \u00e0 Barcelone, <br \/>Made in Spain\n<\/h2>\t\t\t\t<\/div>\n\t\t\t\t<\/div>\n\t\t\t\t<\/div>\n\t\t\t\t<\/div>\n\t\t\t\t<\/div>\n\t\t\t\t<\/div>\n\t\t<div class=\"elementor-element elementor-element-bbb109c e-con-full e-flex e-con e-child\" data-id=\"bbb109c\" data-element_type=\"container\" data-e-type=\"container\" data-settings=\"{&quot;background_background&quot;:&quot;classic&quot;}\">\n\t\t<div class=\"elementor-element elementor-element-fc7ae03 e-con-full e-flex e-con e-child\" data-id=\"fc7ae03\" data-element_type=\"container\" data-e-type=\"container\">\n\t\t<div class=\"elementor-element elementor-element-b13a69e e-con-full overflow_hidden e-flex e-con e-child\" data-id=\"b13a69e\" data-element_type=\"container\" data-e-type=\"container\">\n\t\t<div class=\"elementor-element elementor-element-1b5d80a e-con-full e-flex elementor-invisible e-con e-child\" data-id=\"1b5d80a\" data-element_type=\"container\" data-e-type=\"container\" data-settings=\"{&quot;animation&quot;:&quot;aux-anim-scale-down&quot;}\">\n\t\t\t\t<div class=\"elementor-element elementor-element-1c225d6 elementor-invisible elementor-widget elementor-widget-image\" data-id=\"1c225d6\" data-element_type=\"widget\" data-e-type=\"widget\" data-settings=\"{&quot;_animation&quot;:&quot;aux-anim-mask-from-left&quot;}\" data-widget_type=\"image.default\">\n\t\t\t\t<div class=\"elementor-widget-container\">\n\t\t\t\t\t\t\t\t\t\t\t\t\t\t\t<img decoding=\"async\" width=\"630\" height=\"430\" src=\"https:\/\/brandyourshoes.com\/wp-content\/uploads\/2025\/05\/Brandyourshoes-personalization-QUE-FEM_1-2.webp\" class=\"attachment-large size-large wp-image-11779\" alt=\"\" srcset=\"https:\/\/brandyourshoes.com\/wp-content\/uploads\/2025\/05\/Brandyourshoes-personalization-QUE-FEM_1-2.webp 630w, https:\/\/brandyourshoes.com\/wp-content\/uploads\/2025\/05\/Brandyourshoes-personalization-QUE-FEM_1-2-300x205.webp 300w\" sizes=\"(max-width: 630px) 100vw, 630px\" \/>\t\t\t\t\t\t\t\t\t\t\t\t\t\t\t<\/div>\n\t\t\t\t<\/div>\n\t\t\t\t<\/div>\n\t\t\t\t<\/div>\n\t\t\t\t<div class=\"elementor-element elementor-element-9063c52 elementor-widget elementor-widget-text-editor\" data-id=\"9063c52\" data-element_type=\"widget\" data-e-type=\"widget\" data-widget_type=\"text-editor.default\">\n\t\t\t\t<div class=\"elementor-widget-container\">\n\t\t\t\t\t\t\t\t\t<p>Depuis 2016, chez BrandYourShoes, nous cr\u00e9ons des baskets personnalis\u00e9es pour des entreprises. Nos chaussures refl\u00e8tent l\u2019essence et les valeurs de chaque marque. En tant que <strong>pionniers du secteur<\/strong>, nous vous proposons les meilleures solutions, uniques et originales.<\/p>\t\t\t\t\t\t\t\t<\/div>\n\t\t\t\t<\/div>\n\t\t<div class=\"elementor-element elementor-element-121e4d3 e-con-full overflow_hidden e-flex e-con e-child\" data-id=\"121e4d3\" data-element_type=\"container\" data-e-type=\"container\">\n\t\t<div class=\"elementor-element elementor-element-cf0c429 e-con-full e-flex elementor-invisible e-con e-child\" data-id=\"cf0c429\" data-element_type=\"container\" data-e-type=\"container\" data-settings=\"{&quot;animation&quot;:&quot;aux-anim-scale-down&quot;}\">\n\t\t\t\t<div class=\"elementor-element elementor-element-8b6076a elementor-invisible elementor-widget elementor-widget-image\" data-id=\"8b6076a\" data-element_type=\"widget\" data-e-type=\"widget\" data-settings=\"{&quot;_animation&quot;:&quot;aux-anim-mask-from-left&quot;}\" data-widget_type=\"image.default\">\n\t\t\t\t<div class=\"elementor-widget-container\">\n\t\t\t\t\t\t\t\t\t\t\t\t\t\t\t<img decoding=\"async\" width=\"630\" height=\"430\" src=\"https:\/\/brandyourshoes.com\/wp-content\/uploads\/2025\/05\/Brandyourshoes-personalizacion-QUE-FEM_2-2.webp\" class=\"attachment-large size-large wp-image-11784\" alt=\"\" srcset=\"https:\/\/brandyourshoes.com\/wp-content\/uploads\/2025\/05\/Brandyourshoes-personalizacion-QUE-FEM_2-2.webp 630w, https:\/\/brandyourshoes.com\/wp-content\/uploads\/2025\/05\/Brandyourshoes-personalizacion-QUE-FEM_2-2-300x205.webp 300w\" sizes=\"(max-width: 630px) 100vw, 630px\" \/>\t\t\t\t\t\t\t\t\t\t\t\t\t\t\t<\/div>\n\t\t\t\t<\/div>\n\t\t\t\t<\/div>\n\t\t\t\t<\/div>\n\t\t\t\t<div class=\"elementor-element elementor-element-64688c4 elementor-widget elementor-widget-text-editor\" data-id=\"64688c4\" data-element_type=\"widget\" data-e-type=\"widget\" data-widget_type=\"text-editor.default\">\n\t\t\t\t<div class=\"elementor-widget-container\">\n\t\t\t\t\t\t\t\t\t<p>Nous suivons les derni\u00e8res tendances et utilisons les <strong>techniques les plus avanc\u00e9es en mati\u00e8re de personnalisation<\/strong>. Nous concevons des baskets exclusives, en parfait accord avec l\u2019identit\u00e9 de votre marque. Trouvez l&rsquo;inspiration parmi nos mod\u00e8les, choisissez le style qui vous repr\u00e9sente le mieux et laissez-vous guider par notre \u00e9quipe de cr\u00e9ation.<\/p>\t\t\t\t\t\t\t\t<\/div>\n\t\t\t\t<\/div>\n\t\t<div class=\"elementor-element elementor-element-4cab8d4 e-con-full overflow_hidden e-flex e-con e-child\" data-id=\"4cab8d4\" data-element_type=\"container\" data-e-type=\"container\">\n\t\t<div class=\"elementor-element elementor-element-d1b823f e-con-full e-flex elementor-invisible e-con e-child\" data-id=\"d1b823f\" data-element_type=\"container\" data-e-type=\"container\" data-settings=\"{&quot;animation&quot;:&quot;aux-anim-scale-down&quot;}\">\n\t\t\t\t<div class=\"elementor-element elementor-element-fb10d0c elementor-invisible elementor-widget elementor-widget-image\" data-id=\"fb10d0c\" data-element_type=\"widget\" data-e-type=\"widget\" data-settings=\"{&quot;_animation&quot;:&quot;aux-anim-mask-from-left&quot;}\" data-widget_type=\"image.default\">\n\t\t\t\t<div class=\"elementor-widget-container\">\n\t\t\t\t\t\t\t\t\t\t\t\t\t\t\t<img loading=\"lazy\" decoding=\"async\" width=\"630\" height=\"430\" src=\"https:\/\/brandyourshoes.com\/wp-content\/uploads\/2025\/05\/Brandyourshoes-made-in-spain-QUE-FEM_3-2.webp\" class=\"attachment-large size-large wp-image-11769\" alt=\"\" srcset=\"https:\/\/brandyourshoes.com\/wp-content\/uploads\/2025\/05\/Brandyourshoes-made-in-spain-QUE-FEM_3-2.webp 630w, https:\/\/brandyourshoes.com\/wp-content\/uploads\/2025\/05\/Brandyourshoes-made-in-spain-QUE-FEM_3-2-300x205.webp 300w\" sizes=\"(max-width: 630px) 100vw, 630px\" \/>\t\t\t\t\t\t\t\t\t\t\t\t\t\t\t<\/div>\n\t\t\t\t<\/div>\n\t\t\t\t<\/div>\n\t\t\t\t<\/div>\n\t\t\t\t<div class=\"elementor-element elementor-element-a531ef1 elementor-widget elementor-widget-text-editor\" data-id=\"a531ef1\" data-element_type=\"widget\" data-e-type=\"widget\" data-widget_type=\"text-editor.default\">\n\t\t\t\t<div class=\"elementor-widget-container\">\n\t\t\t\t\t\t\t\t\t<p>Fabrication propre, Made in Spain, aupr\u00e8s d\u2019experts du secteur et de fournisseurs locaux. Nous employons des mat\u00e9riaux de qualit\u00e9 sup\u00e9rieure, de proximit\u00e9 et respectueux de l\u2019environnement. Ainsi, chaque paire de baskets est le r\u00e9sultat d\u2019un <strong>processus artisanal<\/strong> qui prend soin du moindre d\u00e9tail.<\/p>\t\t\t\t\t\t\t\t<\/div>\n\t\t\t\t<\/div>\n\t\t\t\t<div class=\"elementor-element elementor-element-430b2e3 elementor-widget elementor-widget-heading\" data-id=\"430b2e3\" data-element_type=\"widget\" data-e-type=\"widget\" data-widget_type=\"heading.default\">\n\t\t\t\t<div class=\"elementor-widget-container\">\n\t\t\t\t\t<h2 class=\"elementor-heading-title elementor-size-default\">Nous misons sur une production responsable, offrant des conditions de travail justes, engag\u00e9e en faveur de la qualit\u00e9 et de la durabilit\u00e9<\/h2>\t\t\t\t<\/div>\n\t\t\t\t<\/div>\n\t\t\t\t<\/div>\n\t\t\t\t<\/div>\n\t\t\t\t\t<\/div>\n\t\t\t\t<\/div>\n\t\t\t\t<\/div>\n\t\t","protected":false},"excerpt":{"rendered":"<p>Notre \u00e9quipe commerciale ou votre \u00e9quipe peut cr\u00e9er vos sneakers corporatives.<\/p>\n","protected":false},"author":1,"featured_media":4302,"parent":0,"menu_order":0,"comment_status":"closed","ping_status":"closed","template":"elementor_header_footer","meta":{"_acf_changed":false,"footnotes":""},"funcionalitat":[],"class_list":["post-2848","page","type-page","status-publish","has-post-thumbnail","hentry"],"acf":[],"yoast_head":"<!-- This site is optimized with the Yoast SEO plugin v27.2 - https:\/\/yoast.com\/product\/yoast-seo-wordpress\/ -->\n<title>Sneakers corporatives comment les cr\u00e9er?<\/title>\n<meta name=\"description\" content=\"Nous proposons une production sur mesure de baskets corporatives. De la conception \u00e0 la livraison, notre \u00e9quipe vous guide \u00e0 chaque \u00e9tape.\" \/>\n<meta name=\"robots\" content=\"index, follow, max-snippet:-1, max-image-preview:large, max-video-preview:-1\" \/>\n<link rel=\"canonical\" href=\"https:\/\/brandyourshoes.com\/fr\/sneakers-corporatives-methode\/\" \/>\n<meta property=\"og:locale\" content=\"fr_FR\" \/>\n<meta property=\"og:type\" content=\"article\" \/>\n<meta property=\"og:title\" content=\"Sneakers corporatives comment les cr\u00e9er?\" \/>\n<meta property=\"og:description\" content=\"Nous proposons une production sur mesure de baskets corporatives. De la conception \u00e0 la livraison, notre \u00e9quipe vous guide \u00e0 chaque \u00e9tape.\" \/>\n<meta property=\"og:url\" content=\"https:\/\/brandyourshoes.com\/fr\/sneakers-corporatives-methode\/\" \/>\n<meta property=\"og:site_name\" content=\"BrandYourShoes\" \/>\n<meta property=\"article:modified_time\" content=\"2025-07-04T09:35:17+00:00\" \/>\n<meta property=\"og:image\" content=\"https:\/\/brandyourshoes.com\/wp-content\/uploads\/2024\/03\/BYS-how-its-done.png\" \/>\n\t<meta property=\"og:image:width\" content=\"131\" \/>\n\t<meta property=\"og:image:height\" content=\"118\" \/>\n\t<meta property=\"og:image:type\" content=\"image\/png\" \/>\n<meta name=\"twitter:card\" content=\"summary_large_image\" \/>\n<meta name=\"twitter:label1\" content=\"Dur\u00e9e de lecture estim\u00e9e\" \/>\n\t<meta name=\"twitter:data1\" content=\"2 minutes\" \/>\n<script type=\"application\/ld+json\" class=\"yoast-schema-graph\">{\"@context\":\"https:\/\/schema.org\",\"@graph\":[{\"@type\":\"WebPage\",\"@id\":\"https:\/\/brandyourshoes.com\/fr\/sneakers-corporatives-methode\/\",\"url\":\"https:\/\/brandyourshoes.com\/fr\/sneakers-corporatives-methode\/\",\"name\":\"Sneakers corporatives comment les cr\u00e9er?\",\"isPartOf\":{\"@id\":\"https:\/\/brandyourshoes.com\/fr\/#website\"},\"primaryImageOfPage\":{\"@id\":\"https:\/\/brandyourshoes.com\/fr\/sneakers-corporatives-methode\/#primaryimage\"},\"image\":{\"@id\":\"https:\/\/brandyourshoes.com\/fr\/sneakers-corporatives-methode\/#primaryimage\"},\"thumbnailUrl\":\"https:\/\/brandyourshoes.com\/wp-content\/uploads\/2024\/03\/BYS-how-its-done.png\",\"datePublished\":\"2023-07-07T14:14:56+00:00\",\"dateModified\":\"2025-07-04T09:35:17+00:00\",\"description\":\"Nous proposons une production sur mesure de baskets corporatives. De la conception \u00e0 la livraison, notre \u00e9quipe vous guide \u00e0 chaque \u00e9tape.\",\"breadcrumb\":{\"@id\":\"https:\/\/brandyourshoes.com\/fr\/sneakers-corporatives-methode\/#breadcrumb\"},\"inLanguage\":\"fr-FR\",\"potentialAction\":[{\"@type\":\"ReadAction\",\"target\":[\"https:\/\/brandyourshoes.com\/fr\/sneakers-corporatives-methode\/\"]}]},{\"@type\":\"ImageObject\",\"inLanguage\":\"fr-FR\",\"@id\":\"https:\/\/brandyourshoes.com\/fr\/sneakers-corporatives-methode\/#primaryimage\",\"url\":\"https:\/\/brandyourshoes.com\/wp-content\/uploads\/2024\/03\/BYS-how-its-done.png\",\"contentUrl\":\"https:\/\/brandyourshoes.com\/wp-content\/uploads\/2024\/03\/BYS-how-its-done.png\",\"width\":131,\"height\":118,\"caption\":\"production de sneakers corporatives sur mesure\"},{\"@type\":\"BreadcrumbList\",\"@id\":\"https:\/\/brandyourshoes.com\/fr\/sneakers-corporatives-methode\/#breadcrumb\",\"itemListElement\":[{\"@type\":\"ListItem\",\"position\":1,\"name\":\"Portada\",\"item\":\"https:\/\/brandyourshoes.com\/fr\/\"},{\"@type\":\"ListItem\",\"position\":2,\"name\":\"How we create &#8211; FR\"}]},{\"@type\":\"WebSite\",\"@id\":\"https:\/\/brandyourshoes.com\/fr\/#website\",\"url\":\"https:\/\/brandyourshoes.com\/fr\/\",\"name\":\"BrandYourShoes\",\"description\":\"Customized Sneakers\",\"publisher\":{\"@id\":\"https:\/\/brandyourshoes.com\/fr\/#organization\"},\"potentialAction\":[{\"@type\":\"SearchAction\",\"target\":{\"@type\":\"EntryPoint\",\"urlTemplate\":\"https:\/\/brandyourshoes.com\/fr\/?s={search_term_string}\"},\"query-input\":{\"@type\":\"PropertyValueSpecification\",\"valueRequired\":true,\"valueName\":\"search_term_string\"}}],\"inLanguage\":\"fr-FR\"},{\"@type\":\"Organization\",\"@id\":\"https:\/\/brandyourshoes.com\/fr\/#organization\",\"name\":\"BrandYourShoes\",\"url\":\"https:\/\/brandyourshoes.com\/fr\/\",\"logo\":{\"@type\":\"ImageObject\",\"inLanguage\":\"fr-FR\",\"@id\":\"https:\/\/brandyourshoes.com\/fr\/#\/schema\/logo\/image\/\",\"url\":\"https:\/\/brandyourshoes.com\/wp-content\/uploads\/2024\/02\/logo-horizontal-e1707810262679.png\",\"contentUrl\":\"https:\/\/brandyourshoes.com\/wp-content\/uploads\/2024\/02\/logo-horizontal-e1707810262679.png\",\"width\":292,\"height\":61,\"caption\":\"BrandYourShoes\"},\"image\":{\"@id\":\"https:\/\/brandyourshoes.com\/fr\/#\/schema\/logo\/image\/\"}}]}<\/script>\n<!-- \/ Yoast SEO plugin. -->","yoast_head_json":{"title":"Sneakers corporatives comment les cr\u00e9er?","description":"Nous proposons une production sur mesure de baskets corporatives. De la conception \u00e0 la livraison, notre \u00e9quipe vous guide \u00e0 chaque \u00e9tape.","robots":{"index":"index","follow":"follow","max-snippet":"max-snippet:-1","max-image-preview":"max-image-preview:large","max-video-preview":"max-video-preview:-1"},"canonical":"https:\/\/brandyourshoes.com\/fr\/sneakers-corporatives-methode\/","og_locale":"fr_FR","og_type":"article","og_title":"Sneakers corporatives comment les cr\u00e9er?","og_description":"Nous proposons une production sur mesure de baskets corporatives. De la conception \u00e0 la livraison, notre \u00e9quipe vous guide \u00e0 chaque \u00e9tape.","og_url":"https:\/\/brandyourshoes.com\/fr\/sneakers-corporatives-methode\/","og_site_name":"BrandYourShoes","article_modified_time":"2025-07-04T09:35:17+00:00","og_image":[{"width":131,"height":118,"url":"https:\/\/brandyourshoes.com\/wp-content\/uploads\/2024\/03\/BYS-how-its-done.png","type":"image\/png"}],"twitter_card":"summary_large_image","twitter_misc":{"Dur\u00e9e de lecture estim\u00e9e":"2 minutes"},"schema":{"@context":"https:\/\/schema.org","@graph":[{"@type":"WebPage","@id":"https:\/\/brandyourshoes.com\/fr\/sneakers-corporatives-methode\/","url":"https:\/\/brandyourshoes.com\/fr\/sneakers-corporatives-methode\/","name":"Sneakers corporatives comment les cr\u00e9er?","isPartOf":{"@id":"https:\/\/brandyourshoes.com\/fr\/#website"},"primaryImageOfPage":{"@id":"https:\/\/brandyourshoes.com\/fr\/sneakers-corporatives-methode\/#primaryimage"},"image":{"@id":"https:\/\/brandyourshoes.com\/fr\/sneakers-corporatives-methode\/#primaryimage"},"thumbnailUrl":"https:\/\/brandyourshoes.com\/wp-content\/uploads\/2024\/03\/BYS-how-its-done.png","datePublished":"2023-07-07T14:14:56+00:00","dateModified":"2025-07-04T09:35:17+00:00","description":"Nous proposons une production sur mesure de baskets corporatives. De la conception \u00e0 la livraison, notre \u00e9quipe vous guide \u00e0 chaque \u00e9tape.","breadcrumb":{"@id":"https:\/\/brandyourshoes.com\/fr\/sneakers-corporatives-methode\/#breadcrumb"},"inLanguage":"fr-FR","potentialAction":[{"@type":"ReadAction","target":["https:\/\/brandyourshoes.com\/fr\/sneakers-corporatives-methode\/"]}]},{"@type":"ImageObject","inLanguage":"fr-FR","@id":"https:\/\/brandyourshoes.com\/fr\/sneakers-corporatives-methode\/#primaryimage","url":"https:\/\/brandyourshoes.com\/wp-content\/uploads\/2024\/03\/BYS-how-its-done.png","contentUrl":"https:\/\/brandyourshoes.com\/wp-content\/uploads\/2024\/03\/BYS-how-its-done.png","width":131,"height":118,"caption":"production de sneakers corporatives sur mesure"},{"@type":"BreadcrumbList","@id":"https:\/\/brandyourshoes.com\/fr\/sneakers-corporatives-methode\/#breadcrumb","itemListElement":[{"@type":"ListItem","position":1,"name":"Portada","item":"https:\/\/brandyourshoes.com\/fr\/"},{"@type":"ListItem","position":2,"name":"How we create &#8211; FR"}]},{"@type":"WebSite","@id":"https:\/\/brandyourshoes.com\/fr\/#website","url":"https:\/\/brandyourshoes.com\/fr\/","name":"BrandYourShoes","description":"Customized Sneakers","publisher":{"@id":"https:\/\/brandyourshoes.com\/fr\/#organization"},"potentialAction":[{"@type":"SearchAction","target":{"@type":"EntryPoint","urlTemplate":"https:\/\/brandyourshoes.com\/fr\/?s={search_term_string}"},"query-input":{"@type":"PropertyValueSpecification","valueRequired":true,"valueName":"search_term_string"}}],"inLanguage":"fr-FR"},{"@type":"Organization","@id":"https:\/\/brandyourshoes.com\/fr\/#organization","name":"BrandYourShoes","url":"https:\/\/brandyourshoes.com\/fr\/","logo":{"@type":"ImageObject","inLanguage":"fr-FR","@id":"https:\/\/brandyourshoes.com\/fr\/#\/schema\/logo\/image\/","url":"https:\/\/brandyourshoes.com\/wp-content\/uploads\/2024\/02\/logo-horizontal-e1707810262679.png","contentUrl":"https:\/\/brandyourshoes.com\/wp-content\/uploads\/2024\/02\/logo-horizontal-e1707810262679.png","width":292,"height":61,"caption":"BrandYourShoes"},"image":{"@id":"https:\/\/brandyourshoes.com\/fr\/#\/schema\/logo\/image\/"}}]}},"_links":{"self":[{"href":"https:\/\/brandyourshoes.com\/fr\/wp-json\/wp\/v2\/pages\/2848","targetHints":{"allow":["GET"]}}],"collection":[{"href":"https:\/\/brandyourshoes.com\/fr\/wp-json\/wp\/v2\/pages"}],"about":[{"href":"https:\/\/brandyourshoes.com\/fr\/wp-json\/wp\/v2\/types\/page"}],"author":[{"embeddable":true,"href":"https:\/\/brandyourshoes.com\/fr\/wp-json\/wp\/v2\/users\/1"}],"replies":[{"embeddable":true,"href":"https:\/\/brandyourshoes.com\/fr\/wp-json\/wp\/v2\/comments?post=2848"}],"version-history":[{"count":0,"href":"https:\/\/brandyourshoes.com\/fr\/wp-json\/wp\/v2\/pages\/2848\/revisions"}],"wp:featuredmedia":[{"embeddable":true,"href":"https:\/\/brandyourshoes.com\/fr\/wp-json\/wp\/v2\/media\/4302"}],"wp:attachment":[{"href":"https:\/\/brandyourshoes.com\/fr\/wp-json\/wp\/v2\/media?parent=2848"}],"wp:term":[{"taxonomy":"funcionalitat","embeddable":true,"href":"https:\/\/brandyourshoes.com\/fr\/wp-json\/wp\/v2\/funcionalitat?post=2848"}],"curies":[{"name":"wp","href":"https:\/\/api.w.org\/{rel}","templated":true}]}}