{"id":16238,"date":"2025-05-16T09:14:02","date_gmt":"2025-05-16T09:14:02","guid":{"rendered":"https:\/\/brandyourshoes.com\/?page_id=16238"},"modified":"2025-07-16T13:30:58","modified_gmt":"2025-07-16T13:30:58","slug":"realisations","status":"publish","type":"page","link":"https:\/\/brandyourshoes.com\/fr\/realisations\/","title":{"rendered":"Projects FR"},"content":{"rendered":"\t\t<div data-elementor-type=\"wp-page\" data-elementor-id=\"16238\" class=\"elementor elementor-16238 elementor-7845\" data-elementor-post-type=\"page\">\n\t\t\t\t<div class=\"elementor-element elementor-element-b4e14df e-flex e-con-boxed e-con e-parent\" data-id=\"b4e14df\" data-element_type=\"container\" data-e-type=\"container\">\n\t\t\t\t\t<div class=\"e-con-inner\">\n\t\t\t\t<div class=\"elementor-element elementor-element-525022f elementor-invisible elementor-widget elementor-widget-heading\" data-id=\"525022f\" data-element_type=\"widget\" data-e-type=\"widget\" data-settings=\"{&quot;_animation&quot;:&quot;fadeInUp&quot;}\" data-widget_type=\"heading.default\">\n\t\t\t\t<div class=\"elementor-widget-container\">\n\t\t\t\t\t<p class=\"elementor-heading-title elementor-size-default\">TRACE YOUR STORY<\/p>\t\t\t\t<\/div>\n\t\t\t\t<\/div>\n\t\t\t\t<div class=\"elementor-element elementor-element-d74c066 elementor-widget elementor-widget-heading\" data-id=\"d74c066\" data-element_type=\"widget\" data-e-type=\"widget\" data-widget_type=\"heading.default\">\n\t\t\t\t<div class=\"elementor-widget-container\">\n\t\t\t\t\t<h2 class=\"elementor-heading-title elementor-size-default\">Trouvez la solution id\u00e9ale pour promouvoir votre marque<\/h2>\t\t\t\t<\/div>\n\t\t\t\t<\/div>\n\t\t<div class=\"elementor-element elementor-element-51202fa e-grid e-con-full e-con e-child\" data-id=\"51202fa\" data-element_type=\"container\" data-e-type=\"container\">\n\t\t<div class=\"elementor-element elementor-element-e41846c e-con-full overflow_hidden e-flex elementor-invisible e-con e-child\" data-id=\"e41846c\" data-element_type=\"container\" data-e-type=\"container\" data-settings=\"{&quot;animation&quot;:&quot;aux-anim-mask-from-left&quot;}\">\n\t\t\t\t<div class=\"elementor-element elementor-element-dab62cd elementor-invisible elementor-widget elementor-widget-image\" data-id=\"dab62cd\" data-element_type=\"widget\" data-e-type=\"widget\" data-settings=\"{&quot;_animation&quot;:&quot;aux-anim-scale-down&quot;}\" data-widget_type=\"image.default\">\n\t\t\t\t<div class=\"elementor-widget-container\">\n\t\t\t\t\t\t\t\t\t\t\t\t\t\t\t\t<a href=\"https:\/\/brandyourshoes.com\/workwear\/\">\n\t\t\t\t\t\t\t<img fetchpriority=\"high\" decoding=\"async\" width=\"858\" height=\"572\" src=\"https:\/\/brandyourshoes.com\/wp-content\/uploads\/2025\/05\/Portada_UNIFORMES-2.webp\" class=\"attachment-large size-large wp-image-12099\" alt=\"\" srcset=\"https:\/\/brandyourshoes.com\/wp-content\/uploads\/2025\/05\/Portada_UNIFORMES-2.webp 858w, https:\/\/brandyourshoes.com\/wp-content\/uploads\/2025\/05\/Portada_UNIFORMES-2-300x200.webp 300w, https:\/\/brandyourshoes.com\/wp-content\/uploads\/2025\/05\/Portada_UNIFORMES-2-768x512.webp 768w\" sizes=\"(max-width: 858px) 100vw, 858px\" \/>\t\t\t\t\t\t\t\t<\/a>\n\t\t\t\t\t\t\t\t\t\t\t\t\t\t\t<\/div>\n\t\t\t\t<\/div>\n\t\t\t\t<div class=\"elementor-element elementor-element-9fc65d4 elementor-widget__width-inherit elementor-widget elementor-widget-heading\" data-id=\"9fc65d4\" data-element_type=\"widget\" data-e-type=\"widget\" data-widget_type=\"heading.default\">\n\t\t\t\t<div class=\"elementor-widget-container\">\n\t\t\t\t\t<h2 class=\"elementor-heading-title elementor-size-default\">TENUES DE TRAVAIL<\/h2>\t\t\t\t<\/div>\n\t\t\t\t<\/div>\n\t\t<div class=\"elementor-element elementor-element-c5c86f0 e-con-full e-flex e-con e-child\" data-id=\"c5c86f0\" data-element_type=\"container\" data-e-type=\"container\">\n\t\t\t\t<div class=\"elementor-element elementor-element-b6ad5bd elementor-widget__width-auto elementor-widget elementor-widget-heading\" data-id=\"b6ad5bd\" data-element_type=\"widget\" data-e-type=\"widget\" data-widget_type=\"heading.default\">\n\t\t\t\t<div class=\"elementor-widget-container\">\n\t\t\t\t\t<h2 class=\"elementor-heading-title elementor-size-default\"><a href=\"https:\/\/brandyourshoes.com\/workwear\/\">EN SAVOIR PLUS  <img class=\"fletxa_apunta_dalt_dreta\" \/><\/a><\/h2>\t\t\t\t<\/div>\n\t\t\t\t<\/div>\n\t\t\t\t<\/div>\n\t\t\t\t<\/div>\n\t\t<div class=\"elementor-element elementor-element-d9e3cf5 e-con-full overflow_hidden e-flex elementor-invisible e-con e-child\" data-id=\"d9e3cf5\" data-element_type=\"container\" data-e-type=\"container\" data-settings=\"{&quot;animation&quot;:&quot;aux-anim-mask-from-left&quot;}\">\n\t\t\t\t<div class=\"elementor-element elementor-element-e7a79b1 elementor-invisible elementor-widget elementor-widget-image\" data-id=\"e7a79b1\" data-element_type=\"widget\" data-e-type=\"widget\" data-settings=\"{&quot;_animation&quot;:&quot;aux-anim-scale-down&quot;}\" data-widget_type=\"image.default\">\n\t\t\t\t<div class=\"elementor-widget-container\">\n\t\t\t\t\t\t\t\t\t\t\t\t\t\t\t\t<a href=\"https:\/\/brandyourshoes.com\/trade-shows-exhibitions-2\/\">\n\t\t\t\t\t\t\t<img decoding=\"async\" width=\"858\" height=\"572\" src=\"https:\/\/brandyourshoes.com\/wp-content\/uploads\/2025\/05\/Portada_FIRES-I-ESDEVENIMENTS-2.webp\" class=\"attachment-large size-large wp-image-12089\" alt=\"\" srcset=\"https:\/\/brandyourshoes.com\/wp-content\/uploads\/2025\/05\/Portada_FIRES-I-ESDEVENIMENTS-2.webp 858w, https:\/\/brandyourshoes.com\/wp-content\/uploads\/2025\/05\/Portada_FIRES-I-ESDEVENIMENTS-2-300x200.webp 300w, https:\/\/brandyourshoes.com\/wp-content\/uploads\/2025\/05\/Portada_FIRES-I-ESDEVENIMENTS-2-768x512.webp 768w\" sizes=\"(max-width: 858px) 100vw, 858px\" \/>\t\t\t\t\t\t\t\t<\/a>\n\t\t\t\t\t\t\t\t\t\t\t\t\t\t\t<\/div>\n\t\t\t\t<\/div>\n\t\t\t\t<div class=\"elementor-element elementor-element-cdf455e elementor-widget__width-inherit elementor-widget elementor-widget-heading\" data-id=\"cdf455e\" data-element_type=\"widget\" data-e-type=\"widget\" data-widget_type=\"heading.default\">\n\t\t\t\t<div class=\"elementor-widget-container\">\n\t\t\t\t\t<h2 class=\"elementor-heading-title elementor-size-default\">SALONS ET \u00c9V\u00c8NEMENTS<\/h2>\t\t\t\t<\/div>\n\t\t\t\t<\/div>\n\t\t<div class=\"elementor-element elementor-element-5c008ce e-con-full e-flex e-con e-child\" data-id=\"5c008ce\" data-element_type=\"container\" data-e-type=\"container\">\n\t\t\t\t<div class=\"elementor-element elementor-element-a1ca706 elementor-widget__width-auto elementor-widget elementor-widget-heading\" data-id=\"a1ca706\" data-element_type=\"widget\" data-e-type=\"widget\" data-widget_type=\"heading.default\">\n\t\t\t\t<div class=\"elementor-widget-container\">\n\t\t\t\t\t<h2 class=\"elementor-heading-title elementor-size-default\"><a href=\"https:\/\/brandyourshoes.com\/trade-shows-exhibitions-2\/\">EN SAVOIR PLUS  <img class=\"fletxa_apunta_dalt_dreta\" \/><\/a><\/h2>\t\t\t\t<\/div>\n\t\t\t\t<\/div>\n\t\t\t\t<\/div>\n\t\t\t\t<\/div>\n\t\t<div class=\"elementor-element elementor-element-a518eab e-con-full overflow_hidden e-flex e-con e-child\" data-id=\"a518eab\" data-element_type=\"container\" data-e-type=\"container\">\n\t\t\t\t<div class=\"elementor-element elementor-element-6612a8c tp_text_invert_middle grey_to_black elementor-widget elementor-widget-heading\" data-id=\"6612a8c\" data-element_type=\"widget\" data-e-type=\"widget\" data-widget_type=\"heading.default\">\n\t\t\t\t<div class=\"elementor-widget-container\">\n\t\t\t\t\t<h2 class=\"elementor-heading-title elementor-size-default\">Exprimez-vous, soyez source d'inspiration, avancez vers votre but.<\/h2>\t\t\t\t<\/div>\n\t\t\t\t<\/div>\n\t\t\t\t<\/div>\n\t\t<div class=\"elementor-element elementor-element-ff38947 e-con-full overflow_hidden e-flex elementor-invisible e-con e-child\" data-id=\"ff38947\" data-element_type=\"container\" data-e-type=\"container\" data-settings=\"{&quot;animation&quot;:&quot;aux-anim-mask-from-left&quot;}\">\n\t\t\t\t<div class=\"elementor-element elementor-element-d502609 elementor-invisible elementor-widget elementor-widget-image\" data-id=\"d502609\" data-element_type=\"widget\" data-e-type=\"widget\" data-settings=\"{&quot;_animation&quot;:&quot;aux-anim-scale-down&quot;}\" data-widget_type=\"image.default\">\n\t\t\t\t<div class=\"elementor-widget-container\">\n\t\t\t\t\t\t\t\t\t\t\t\t<figure class=\"wp-caption\">\n\t\t\t\t\t\t\t\t\t\t\t<a href=\"https:\/\/brandyourshoes.com\/marketing-promotion\/\">\n\t\t\t\t\t\t\t<img decoding=\"async\" width=\"1500\" height=\"1000\" src=\"https:\/\/brandyourshoes.com\/wp-content\/uploads\/2025\/07\/Portada_MARQUETING_PROMOCIO_PRODUCTE-2-copia.webp\" class=\"attachment-large size-large wp-image-16939\" alt=\"\" \/>\t\t\t\t\t\t\t\t<\/a>\n\t\t\t\t\t\t\t\t\t\t\t<figcaption class=\"widget-image-caption wp-caption-text\"><\/figcaption>\n\t\t\t\t\t\t\t\t\t\t<\/figure>\n\t\t\t\t\t\t\t\t\t<\/div>\n\t\t\t\t<\/div>\n\t\t\t\t<div class=\"elementor-element elementor-element-48d0f8c elementor-widget__width-inherit elementor-widget elementor-widget-heading\" data-id=\"48d0f8c\" data-element_type=\"widget\" data-e-type=\"widget\" data-widget_type=\"heading.default\">\n\t\t\t\t<div class=\"elementor-widget-container\">\n\t\t\t\t\t<h2 class=\"elementor-heading-title elementor-size-default\">MARKETING ET PROMOTION DE PRODUIT<\/h2>\t\t\t\t<\/div>\n\t\t\t\t<\/div>\n\t\t<div class=\"elementor-element elementor-element-58c4e98 e-con-full e-flex e-con e-child\" data-id=\"58c4e98\" data-element_type=\"container\" data-e-type=\"container\">\n\t\t\t\t<div class=\"elementor-element elementor-element-497cf6b elementor-widget__width-auto elementor-widget elementor-widget-heading\" data-id=\"497cf6b\" data-element_type=\"widget\" data-e-type=\"widget\" data-widget_type=\"heading.default\">\n\t\t\t\t<div class=\"elementor-widget-container\">\n\t\t\t\t\t<h2 class=\"elementor-heading-title elementor-size-default\"><a href=\"https:\/\/brandyourshoes.com\/marketing-promotion\/\">EN SAVOIR PLUS  <img class=\"fletxa_apunta_dalt_dreta\" \/><\/a><\/h2>\t\t\t\t<\/div>\n\t\t\t\t<\/div>\n\t\t\t\t<\/div>\n\t\t\t\t<\/div>\n\t\t<div class=\"elementor-element elementor-element-321ce44 e-con-full overflow_hidden e-flex elementor-invisible e-con e-child\" data-id=\"321ce44\" data-element_type=\"container\" data-e-type=\"container\" data-settings=\"{&quot;animation&quot;:&quot;aux-anim-mask-from-left&quot;}\">\n\t\t\t\t<div class=\"elementor-element elementor-element-92fe3dd elementor-invisible elementor-widget elementor-widget-image\" data-id=\"92fe3dd\" data-element_type=\"widget\" data-e-type=\"widget\" data-settings=\"{&quot;_animation&quot;:&quot;aux-anim-scale-down&quot;}\" data-widget_type=\"image.default\">\n\t\t\t\t<div class=\"elementor-widget-container\">\n\t\t\t\t\t\t\t\t\t\t\t\t\t\t\t\t<a href=\"https:\/\/brandyourshoes.com\/branding-merchandise-2\/\">\n\t\t\t\t\t\t\t<img loading=\"lazy\" decoding=\"async\" width=\"858\" height=\"572\" src=\"https:\/\/brandyourshoes.com\/wp-content\/uploads\/2025\/05\/Portada_BRANDING-MERCHAN-2.webp\" class=\"attachment-large size-large wp-image-12084\" alt=\"\" srcset=\"https:\/\/brandyourshoes.com\/wp-content\/uploads\/2025\/05\/Portada_BRANDING-MERCHAN-2.webp 858w, https:\/\/brandyourshoes.com\/wp-content\/uploads\/2025\/05\/Portada_BRANDING-MERCHAN-2-300x200.webp 300w, https:\/\/brandyourshoes.com\/wp-content\/uploads\/2025\/05\/Portada_BRANDING-MERCHAN-2-768x512.webp 768w\" sizes=\"(max-width: 858px) 100vw, 858px\" \/>\t\t\t\t\t\t\t\t<\/a>\n\t\t\t\t\t\t\t\t\t\t\t\t\t\t\t<\/div>\n\t\t\t\t<\/div>\n\t\t\t\t<div class=\"elementor-element elementor-element-39299f3 elementor-widget__width-inherit elementor-widget elementor-widget-heading\" data-id=\"39299f3\" data-element_type=\"widget\" data-e-type=\"widget\" data-widget_type=\"heading.default\">\n\t\t\t\t<div class=\"elementor-widget-container\">\n\t\t\t\t\t<h2 class=\"elementor-heading-title elementor-size-default\">BRANDING ET MERCHANDISING<\/h2>\t\t\t\t<\/div>\n\t\t\t\t<\/div>\n\t\t<div class=\"elementor-element elementor-element-4d08c1c e-con-full e-flex e-con e-child\" data-id=\"4d08c1c\" data-element_type=\"container\" data-e-type=\"container\">\n\t\t\t\t<div class=\"elementor-element elementor-element-b049e38 elementor-widget__width-auto elementor-widget elementor-widget-heading\" data-id=\"b049e38\" data-element_type=\"widget\" data-e-type=\"widget\" data-widget_type=\"heading.default\">\n\t\t\t\t<div class=\"elementor-widget-container\">\n\t\t\t\t\t<h2 class=\"elementor-heading-title elementor-size-default\"><a href=\"https:\/\/brandyourshoes.com\/branding-merchandise-2\/\">EN SAVOIR PLUS  <img class=\"fletxa_apunta_dalt_dreta\" \/><\/a><\/h2>\t\t\t\t<\/div>\n\t\t\t\t<\/div>\n\t\t\t\t<\/div>\n\t\t\t\t<\/div>\n\t\t<div class=\"elementor-element elementor-element-459c637 e-con-full overflow_hidden e-flex elementor-invisible e-con e-child\" data-id=\"459c637\" data-element_type=\"container\" data-e-type=\"container\" data-settings=\"{&quot;animation&quot;:&quot;aux-anim-mask-from-left&quot;}\">\n\t\t\t\t<div class=\"elementor-element elementor-element-fb2bce1 elementor-invisible elementor-widget elementor-widget-image\" data-id=\"fb2bce1\" data-element_type=\"widget\" data-e-type=\"widget\" data-settings=\"{&quot;_animation&quot;:&quot;aux-anim-scale-down&quot;}\" data-widget_type=\"image.default\">\n\t\t\t\t<div class=\"elementor-widget-container\">\n\t\t\t\t\t\t\t\t\t\t\t\t\t\t\t\t<a href=\"https:\/\/brandyourshoes.com\/team-gifts-incentives-2\/\">\n\t\t\t\t\t\t\t<img loading=\"lazy\" decoding=\"async\" width=\"858\" height=\"572\" src=\"https:\/\/brandyourshoes.com\/wp-content\/uploads\/2025\/05\/Porada_EQUIP_REGALS_INCENTIUS-2.webp\" class=\"attachment-large size-large wp-image-12079\" alt=\"\" srcset=\"https:\/\/brandyourshoes.com\/wp-content\/uploads\/2025\/05\/Porada_EQUIP_REGALS_INCENTIUS-2.webp 858w, https:\/\/brandyourshoes.com\/wp-content\/uploads\/2025\/05\/Porada_EQUIP_REGALS_INCENTIUS-2-300x200.webp 300w, https:\/\/brandyourshoes.com\/wp-content\/uploads\/2025\/05\/Porada_EQUIP_REGALS_INCENTIUS-2-768x512.webp 768w\" sizes=\"(max-width: 858px) 100vw, 858px\" \/>\t\t\t\t\t\t\t\t<\/a>\n\t\t\t\t\t\t\t\t\t\t\t\t\t\t\t<\/div>\n\t\t\t\t<\/div>\n\t\t\t\t<div class=\"elementor-element elementor-element-a6dcc23 elementor-widget__width-inherit elementor-widget elementor-widget-heading\" data-id=\"a6dcc23\" data-element_type=\"widget\" data-e-type=\"widget\" data-widget_type=\"heading.default\">\n\t\t\t\t<div class=\"elementor-widget-container\">\n\t\t\t\t\t<h2 class=\"elementor-heading-title elementor-size-default\">\u00c9QUIPEMENT, CADEAUX ET MOTIVATION<\/h2>\t\t\t\t<\/div>\n\t\t\t\t<\/div>\n\t\t<div class=\"elementor-element elementor-element-f3a3c15 e-con-full e-flex e-con e-child\" data-id=\"f3a3c15\" data-element_type=\"container\" data-e-type=\"container\">\n\t\t\t\t<div class=\"elementor-element elementor-element-9a43799 elementor-widget__width-auto elementor-widget elementor-widget-heading\" data-id=\"9a43799\" data-element_type=\"widget\" data-e-type=\"widget\" data-widget_type=\"heading.default\">\n\t\t\t\t<div class=\"elementor-widget-container\">\n\t\t\t\t\t<h2 class=\"elementor-heading-title elementor-size-default\"><a href=\"https:\/\/brandyourshoes.com\/team-gifts-incentives-2\/\">EN SAVOIR PLUS  <img class=\"fletxa_apunta_dalt_dreta\" \/><\/a><\/h2>\t\t\t\t<\/div>\n\t\t\t\t<\/div>\n\t\t\t\t<\/div>\n\t\t\t\t<\/div>\n\t\t\t\t<\/div>\n\t\t\t\t\t<\/div>\n\t\t\t\t<\/div>\n\t\t\t\t<\/div>\n\t\t","protected":false},"excerpt":{"rendered":"<p>TRACE YOUR STORY Trouvez la solution id\u00e9ale pour promouvoir votre marque TENUES DE TRAVAIL EN SAVOIR PLUS SALONS ET \u00c9V\u00c8NEMENTS EN SAVOIR PLUS Exprimez-vous, soyez source d&rsquo;inspiration, avancez vers votre but. MARKETING ET PROMOTION DE PRODUIT EN SAVOIR PLUS BRANDING ET MERCHANDISING EN SAVOIR PLUS \u00c9QUIPEMENT, CADEAUX ET MOTIVATION EN SAVOIR PLUS<\/p>\n","protected":false},"author":1,"featured_media":0,"parent":0,"menu_order":0,"comment_status":"closed","ping_status":"closed","template":"elementor_header_footer","meta":{"_acf_changed":false,"footnotes":""},"funcionalitat":[],"class_list":["post-16238","page","type-page","status-publish","hentry"],"acf":[],"yoast_head":"<!-- This site is optimized with the Yoast SEO plugin v27.2 - https:\/\/yoast.com\/product\/yoast-seo-wordpress\/ -->\n<title>R\u00e9alisations - BrandYourShoes<\/title>\n<meta name=\"robots\" content=\"index, follow, max-snippet:-1, max-image-preview:large, max-video-preview:-1\" \/>\n<link rel=\"canonical\" href=\"https:\/\/brandyourshoes.com\/fr\/realisations\/\" \/>\n<meta property=\"og:locale\" content=\"fr_FR\" \/>\n<meta property=\"og:type\" content=\"article\" \/>\n<meta property=\"og:title\" content=\"R\u00e9alisations - BrandYourShoes\" \/>\n<meta property=\"og:description\" content=\"TRACE YOUR STORY Trouvez la solution id\u00e9ale pour promouvoir votre marque TENUES DE TRAVAIL EN SAVOIR PLUS SALONS ET \u00c9V\u00c8NEMENTS EN SAVOIR PLUS Exprimez-vous, soyez source d&rsquo;inspiration, avancez vers votre but. MARKETING ET PROMOTION DE PRODUIT EN SAVOIR PLUS BRANDING ET MERCHANDISING EN SAVOIR PLUS \u00c9QUIPEMENT, CADEAUX ET MOTIVATION EN SAVOIR PLUS\" \/>\n<meta property=\"og:url\" content=\"https:\/\/brandyourshoes.com\/fr\/realisations\/\" \/>\n<meta property=\"og:site_name\" content=\"BrandYourShoes\" \/>\n<meta property=\"article:modified_time\" content=\"2025-07-16T13:30:58+00:00\" \/>\n<meta property=\"og:image\" content=\"https:\/\/brandyourshoes.com\/wp-content\/uploads\/2025\/05\/Portada_UNIFORMES-2.webp\" \/>\n\t<meta property=\"og:image:width\" content=\"858\" \/>\n\t<meta property=\"og:image:height\" content=\"572\" \/>\n\t<meta property=\"og:image:type\" content=\"image\/webp\" \/>\n<meta name=\"twitter:card\" content=\"summary_large_image\" \/>\n<meta name=\"twitter:label1\" content=\"Dur\u00e9e de lecture estim\u00e9e\" \/>\n\t<meta name=\"twitter:data1\" content=\"3 minutes\" \/>\n<script type=\"application\/ld+json\" class=\"yoast-schema-graph\">{\"@context\":\"https:\/\/schema.org\",\"@graph\":[{\"@type\":\"WebPage\",\"@id\":\"https:\/\/brandyourshoes.com\/fr\/realisations\/\",\"url\":\"https:\/\/brandyourshoes.com\/fr\/realisations\/\",\"name\":\"R\u00e9alisations - BrandYourShoes\",\"isPartOf\":{\"@id\":\"https:\/\/brandyourshoes.com\/fr\/#website\"},\"primaryImageOfPage\":{\"@id\":\"https:\/\/brandyourshoes.com\/fr\/realisations\/#primaryimage\"},\"image\":{\"@id\":\"https:\/\/brandyourshoes.com\/fr\/realisations\/#primaryimage\"},\"thumbnailUrl\":\"https:\/\/brandyourshoes.com\/wp-content\/uploads\/2025\/05\/Portada_UNIFORMES-2.webp\",\"datePublished\":\"2025-05-16T09:14:02+00:00\",\"dateModified\":\"2025-07-16T13:30:58+00:00\",\"breadcrumb\":{\"@id\":\"https:\/\/brandyourshoes.com\/fr\/realisations\/#breadcrumb\"},\"inLanguage\":\"fr-FR\",\"potentialAction\":[{\"@type\":\"ReadAction\",\"target\":[\"https:\/\/brandyourshoes.com\/fr\/realisations\/\"]}]},{\"@type\":\"ImageObject\",\"inLanguage\":\"fr-FR\",\"@id\":\"https:\/\/brandyourshoes.com\/fr\/realisations\/#primaryimage\",\"url\":\"https:\/\/brandyourshoes.com\/wp-content\/uploads\/2025\/05\/Portada_UNIFORMES-2.webp\",\"contentUrl\":\"https:\/\/brandyourshoes.com\/wp-content\/uploads\/2025\/05\/Portada_UNIFORMES-2.webp\"},{\"@type\":\"BreadcrumbList\",\"@id\":\"https:\/\/brandyourshoes.com\/fr\/realisations\/#breadcrumb\",\"itemListElement\":[{\"@type\":\"ListItem\",\"position\":1,\"name\":\"Portada\",\"item\":\"https:\/\/brandyourshoes.com\/fr\/\"},{\"@type\":\"ListItem\",\"position\":2,\"name\":\"Projects FR\"}]},{\"@type\":\"WebSite\",\"@id\":\"https:\/\/brandyourshoes.com\/fr\/#website\",\"url\":\"https:\/\/brandyourshoes.com\/fr\/\",\"name\":\"BrandYourShoes\",\"description\":\"Customized Sneakers\",\"publisher\":{\"@id\":\"https:\/\/brandyourshoes.com\/fr\/#organization\"},\"potentialAction\":[{\"@type\":\"SearchAction\",\"target\":{\"@type\":\"EntryPoint\",\"urlTemplate\":\"https:\/\/brandyourshoes.com\/fr\/?s={search_term_string}\"},\"query-input\":{\"@type\":\"PropertyValueSpecification\",\"valueRequired\":true,\"valueName\":\"search_term_string\"}}],\"inLanguage\":\"fr-FR\"},{\"@type\":\"Organization\",\"@id\":\"https:\/\/brandyourshoes.com\/fr\/#organization\",\"name\":\"BrandYourShoes\",\"url\":\"https:\/\/brandyourshoes.com\/fr\/\",\"logo\":{\"@type\":\"ImageObject\",\"inLanguage\":\"fr-FR\",\"@id\":\"https:\/\/brandyourshoes.com\/fr\/#\/schema\/logo\/image\/\",\"url\":\"https:\/\/brandyourshoes.com\/wp-content\/uploads\/2024\/02\/logo-horizontal-e1707810262679.png\",\"contentUrl\":\"https:\/\/brandyourshoes.com\/wp-content\/uploads\/2024\/02\/logo-horizontal-e1707810262679.png\",\"width\":292,\"height\":61,\"caption\":\"BrandYourShoes\"},\"image\":{\"@id\":\"https:\/\/brandyourshoes.com\/fr\/#\/schema\/logo\/image\/\"}}]}<\/script>\n<!-- \/ Yoast SEO plugin. -->","yoast_head_json":{"title":"R\u00e9alisations - BrandYourShoes","robots":{"index":"index","follow":"follow","max-snippet":"max-snippet:-1","max-image-preview":"max-image-preview:large","max-video-preview":"max-video-preview:-1"},"canonical":"https:\/\/brandyourshoes.com\/fr\/realisations\/","og_locale":"fr_FR","og_type":"article","og_title":"R\u00e9alisations - BrandYourShoes","og_description":"TRACE YOUR STORY Trouvez la solution id\u00e9ale pour promouvoir votre marque TENUES DE TRAVAIL EN SAVOIR PLUS SALONS ET \u00c9V\u00c8NEMENTS EN SAVOIR PLUS Exprimez-vous, soyez source d&rsquo;inspiration, avancez vers votre but. MARKETING ET PROMOTION DE PRODUIT EN SAVOIR PLUS BRANDING ET MERCHANDISING EN SAVOIR PLUS \u00c9QUIPEMENT, CADEAUX ET MOTIVATION EN SAVOIR PLUS","og_url":"https:\/\/brandyourshoes.com\/fr\/realisations\/","og_site_name":"BrandYourShoes","article_modified_time":"2025-07-16T13:30:58+00:00","og_image":[{"width":858,"height":572,"url":"https:\/\/brandyourshoes.com\/wp-content\/uploads\/2025\/05\/Portada_UNIFORMES-2.webp","type":"image\/webp"}],"twitter_card":"summary_large_image","twitter_misc":{"Dur\u00e9e de lecture estim\u00e9e":"3 minutes"},"schema":{"@context":"https:\/\/schema.org","@graph":[{"@type":"WebPage","@id":"https:\/\/brandyourshoes.com\/fr\/realisations\/","url":"https:\/\/brandyourshoes.com\/fr\/realisations\/","name":"R\u00e9alisations - BrandYourShoes","isPartOf":{"@id":"https:\/\/brandyourshoes.com\/fr\/#website"},"primaryImageOfPage":{"@id":"https:\/\/brandyourshoes.com\/fr\/realisations\/#primaryimage"},"image":{"@id":"https:\/\/brandyourshoes.com\/fr\/realisations\/#primaryimage"},"thumbnailUrl":"https:\/\/brandyourshoes.com\/wp-content\/uploads\/2025\/05\/Portada_UNIFORMES-2.webp","datePublished":"2025-05-16T09:14:02+00:00","dateModified":"2025-07-16T13:30:58+00:00","breadcrumb":{"@id":"https:\/\/brandyourshoes.com\/fr\/realisations\/#breadcrumb"},"inLanguage":"fr-FR","potentialAction":[{"@type":"ReadAction","target":["https:\/\/brandyourshoes.com\/fr\/realisations\/"]}]},{"@type":"ImageObject","inLanguage":"fr-FR","@id":"https:\/\/brandyourshoes.com\/fr\/realisations\/#primaryimage","url":"https:\/\/brandyourshoes.com\/wp-content\/uploads\/2025\/05\/Portada_UNIFORMES-2.webp","contentUrl":"https:\/\/brandyourshoes.com\/wp-content\/uploads\/2025\/05\/Portada_UNIFORMES-2.webp"},{"@type":"BreadcrumbList","@id":"https:\/\/brandyourshoes.com\/fr\/realisations\/#breadcrumb","itemListElement":[{"@type":"ListItem","position":1,"name":"Portada","item":"https:\/\/brandyourshoes.com\/fr\/"},{"@type":"ListItem","position":2,"name":"Projects FR"}]},{"@type":"WebSite","@id":"https:\/\/brandyourshoes.com\/fr\/#website","url":"https:\/\/brandyourshoes.com\/fr\/","name":"BrandYourShoes","description":"Customized Sneakers","publisher":{"@id":"https:\/\/brandyourshoes.com\/fr\/#organization"},"potentialAction":[{"@type":"SearchAction","target":{"@type":"EntryPoint","urlTemplate":"https:\/\/brandyourshoes.com\/fr\/?s={search_term_string}"},"query-input":{"@type":"PropertyValueSpecification","valueRequired":true,"valueName":"search_term_string"}}],"inLanguage":"fr-FR"},{"@type":"Organization","@id":"https:\/\/brandyourshoes.com\/fr\/#organization","name":"BrandYourShoes","url":"https:\/\/brandyourshoes.com\/fr\/","logo":{"@type":"ImageObject","inLanguage":"fr-FR","@id":"https:\/\/brandyourshoes.com\/fr\/#\/schema\/logo\/image\/","url":"https:\/\/brandyourshoes.com\/wp-content\/uploads\/2024\/02\/logo-horizontal-e1707810262679.png","contentUrl":"https:\/\/brandyourshoes.com\/wp-content\/uploads\/2024\/02\/logo-horizontal-e1707810262679.png","width":292,"height":61,"caption":"BrandYourShoes"},"image":{"@id":"https:\/\/brandyourshoes.com\/fr\/#\/schema\/logo\/image\/"}}]}},"_links":{"self":[{"href":"https:\/\/brandyourshoes.com\/fr\/wp-json\/wp\/v2\/pages\/16238","targetHints":{"allow":["GET"]}}],"collection":[{"href":"https:\/\/brandyourshoes.com\/fr\/wp-json\/wp\/v2\/pages"}],"about":[{"href":"https:\/\/brandyourshoes.com\/fr\/wp-json\/wp\/v2\/types\/page"}],"author":[{"embeddable":true,"href":"https:\/\/brandyourshoes.com\/fr\/wp-json\/wp\/v2\/users\/1"}],"replies":[{"embeddable":true,"href":"https:\/\/brandyourshoes.com\/fr\/wp-json\/wp\/v2\/comments?post=16238"}],"version-history":[{"count":0,"href":"https:\/\/brandyourshoes.com\/fr\/wp-json\/wp\/v2\/pages\/16238\/revisions"}],"wp:attachment":[{"href":"https:\/\/brandyourshoes.com\/fr\/wp-json\/wp\/v2\/media?parent=16238"}],"wp:term":[{"taxonomy":"funcionalitat","embeddable":true,"href":"https:\/\/brandyourshoes.com\/fr\/wp-json\/wp\/v2\/funcionalitat?post=16238"}],"curies":[{"name":"wp","href":"https:\/\/api.w.org\/{rel}","templated":true}]}}