{"id":2815,"date":"2023-07-07T14:14:56","date_gmt":"2023-07-07T14:14:56","guid":{"rendered":"https:\/\/newweb.brandyourshoes.com\/?page_id=2815"},"modified":"2025-07-04T09:35:44","modified_gmt":"2025-07-04T09:35:44","slug":"como-crear-zapatillas-corporativas","status":"publish","type":"page","link":"https:\/\/brandyourshoes.com\/es\/como-crear-zapatillas-corporativas\/","title":{"rendered":"How we create ES"},"content":{"rendered":"\t\t<div data-elementor-type=\"wp-page\" data-elementor-id=\"2815\" class=\"elementor elementor-2815 elementor-1244\" data-elementor-post-type=\"page\">\n\t\t\t\t<div class=\"elementor-element elementor-element-2ae5662 e-flex e-con-boxed e-con e-parent\" data-id=\"2ae5662\" data-element_type=\"container\" data-e-type=\"container\">\n\t\t\t\t\t<div class=\"e-con-inner\">\n\t\t<div class=\"elementor-element elementor-element-30b142f e-con-full e-flex e-con e-child\" data-id=\"30b142f\" data-element_type=\"container\" data-e-type=\"container\" data-settings=\"{&quot;background_background&quot;:&quot;classic&quot;}\">\n\t\t<div class=\"elementor-element elementor-element-ac25f56 e-con-full overflow_hidden e-flex e-con e-child\" data-id=\"ac25f56\" data-element_type=\"container\" data-e-type=\"container\">\n\t\t<div class=\"elementor-element elementor-element-6b4d99e e-con-full e-flex elementor-invisible e-con e-child\" data-id=\"6b4d99e\" data-element_type=\"container\" data-e-type=\"container\" data-settings=\"{&quot;animation&quot;:&quot;aux-anim-scale-down&quot;}\">\n\t\t<div class=\"elementor-element elementor-element-3b8f0bf e-con-full e-flex elementor-invisible e-con e-child\" data-id=\"3b8f0bf\" data-element_type=\"container\" data-e-type=\"container\" data-settings=\"{&quot;background_background&quot;:&quot;classic&quot;,&quot;animation&quot;:&quot;aux-anim-mask-from-left&quot;}\">\n\t\t\t\t<div class=\"elementor-element elementor-element-8ece61b elementor-invisible elementor-widget elementor-widget-image\" data-id=\"8ece61b\" data-element_type=\"widget\" data-e-type=\"widget\" data-settings=\"{&quot;_animation&quot;:&quot;aux-anim-mask-from-left&quot;}\" data-widget_type=\"image.default\">\n\t\t\t\t<div class=\"elementor-widget-container\">\n\t\t\t\t\t\t\t\t\t\t\t\t\t\t\t<img fetchpriority=\"high\" decoding=\"async\" width=\"730\" height=\"900\" src=\"https:\/\/brandyourshoes.com\/wp-content\/uploads\/2025\/05\/Brandyourshoes-Barcelona-2.webp\" class=\"attachment-large size-large wp-image-11776\" alt=\"\" srcset=\"https:\/\/brandyourshoes.com\/wp-content\/uploads\/2025\/05\/Brandyourshoes-Barcelona-2.webp 730w, https:\/\/brandyourshoes.com\/wp-content\/uploads\/2025\/05\/Brandyourshoes-Barcelona-2-243x300.webp 243w\" sizes=\"(max-width: 730px) 100vw, 730px\" \/>\t\t\t\t\t\t\t\t\t\t\t\t\t\t\t<\/div>\n\t\t\t\t<\/div>\n\t\t\t\t<div class=\"elementor-element elementor-element-9abe125 elementor-absolute elementor-widget elementor-widget-heading\" data-id=\"9abe125\" data-element_type=\"widget\" data-e-type=\"widget\" data-settings=\"{&quot;_position&quot;:&quot;absolute&quot;}\" data-widget_type=\"heading.default\">\n\t\t\t\t<div class=\"elementor-widget-container\">\n\t\t\t\t\t<h2 class=\"elementor-heading-title elementor-size-default\">Dise\u00f1adas<br \/> en Barcelona, <br \/> Made in Spain\n<\/h2>\t\t\t\t<\/div>\n\t\t\t\t<\/div>\n\t\t\t\t<\/div>\n\t\t\t\t<\/div>\n\t\t\t\t<\/div>\n\t\t\t\t<\/div>\n\t\t<div class=\"elementor-element elementor-element-cfc83db e-con-full e-flex e-con e-child\" data-id=\"cfc83db\" data-element_type=\"container\" data-e-type=\"container\" data-settings=\"{&quot;background_background&quot;:&quot;classic&quot;}\">\n\t\t<div class=\"elementor-element elementor-element-58737c1 e-con-full e-flex e-con e-child\" data-id=\"58737c1\" data-element_type=\"container\" data-e-type=\"container\">\n\t\t<div class=\"elementor-element elementor-element-2120c16 e-con-full overflow_hidden e-flex e-con e-child\" data-id=\"2120c16\" data-element_type=\"container\" data-e-type=\"container\">\n\t\t<div class=\"elementor-element elementor-element-6abd9e2 e-con-full e-flex elementor-invisible e-con e-child\" data-id=\"6abd9e2\" data-element_type=\"container\" data-e-type=\"container\" data-settings=\"{&quot;animation&quot;:&quot;aux-anim-scale-down&quot;}\">\n\t\t\t\t<div class=\"elementor-element elementor-element-44f2ba1 elementor-invisible elementor-widget elementor-widget-image\" data-id=\"44f2ba1\" data-element_type=\"widget\" data-e-type=\"widget\" data-settings=\"{&quot;_animation&quot;:&quot;aux-anim-mask-from-left&quot;}\" data-widget_type=\"image.default\">\n\t\t\t\t<div class=\"elementor-widget-container\">\n\t\t\t\t\t\t\t\t\t\t\t\t\t\t\t<img decoding=\"async\" width=\"630\" height=\"430\" src=\"https:\/\/brandyourshoes.com\/wp-content\/uploads\/2025\/05\/Brandyourshoes-personalization-QUE-FEM_1-2.webp\" class=\"attachment-large size-large wp-image-11781\" alt=\"\" srcset=\"https:\/\/brandyourshoes.com\/wp-content\/uploads\/2025\/05\/Brandyourshoes-personalization-QUE-FEM_1-2.webp 630w, https:\/\/brandyourshoes.com\/wp-content\/uploads\/2025\/05\/Brandyourshoes-personalization-QUE-FEM_1-2-300x205.webp 300w\" sizes=\"(max-width: 630px) 100vw, 630px\" \/>\t\t\t\t\t\t\t\t\t\t\t\t\t\t\t<\/div>\n\t\t\t\t<\/div>\n\t\t\t\t<\/div>\n\t\t\t\t<\/div>\n\t\t\t\t<div class=\"elementor-element elementor-element-4404b8d elementor-widget elementor-widget-text-editor\" data-id=\"4404b8d\" data-element_type=\"widget\" data-e-type=\"widget\" data-widget_type=\"text-editor.default\">\n\t\t\t\t<div class=\"elementor-widget-container\">\n\t\t\t\t\t\t\t\t\t<p>Desde 2016, en BrandYourShoes creamos zapatillas personalizadas para empresas que reflejan la esencia y los valores de cada marca. Como <strong>pioneros en el sector<\/strong>, ofrecemos las mejores soluciones, \u00fanicas y originales.<\/p>\t\t\t\t\t\t\t\t<\/div>\n\t\t\t\t<\/div>\n\t\t<div class=\"elementor-element elementor-element-790df6f e-con-full overflow_hidden e-flex e-con e-child\" data-id=\"790df6f\" data-element_type=\"container\" data-e-type=\"container\">\n\t\t<div class=\"elementor-element elementor-element-79cf3e8 e-con-full e-flex elementor-invisible e-con e-child\" data-id=\"79cf3e8\" data-element_type=\"container\" data-e-type=\"container\" data-settings=\"{&quot;animation&quot;:&quot;aux-anim-scale-down&quot;}\">\n\t\t\t\t<div class=\"elementor-element elementor-element-74af74e elementor-invisible elementor-widget elementor-widget-image\" data-id=\"74af74e\" data-element_type=\"widget\" data-e-type=\"widget\" data-settings=\"{&quot;_animation&quot;:&quot;aux-anim-mask-from-left&quot;}\" data-widget_type=\"image.default\">\n\t\t\t\t<div class=\"elementor-widget-container\">\n\t\t\t\t\t\t\t\t\t\t\t\t\t\t\t<img decoding=\"async\" width=\"630\" height=\"430\" src=\"https:\/\/brandyourshoes.com\/wp-content\/uploads\/2025\/05\/Brandyourshoes-personalizacion-QUE-FEM_2-2.webp\" class=\"attachment-large size-large wp-image-11786\" alt=\"\" srcset=\"https:\/\/brandyourshoes.com\/wp-content\/uploads\/2025\/05\/Brandyourshoes-personalizacion-QUE-FEM_2-2.webp 630w, https:\/\/brandyourshoes.com\/wp-content\/uploads\/2025\/05\/Brandyourshoes-personalizacion-QUE-FEM_2-2-300x205.webp 300w\" sizes=\"(max-width: 630px) 100vw, 630px\" \/>\t\t\t\t\t\t\t\t\t\t\t\t\t\t\t<\/div>\n\t\t\t\t<\/div>\n\t\t\t\t<\/div>\n\t\t\t\t<\/div>\n\t\t\t\t<div class=\"elementor-element elementor-element-c25b439 elementor-widget elementor-widget-text-editor\" data-id=\"c25b439\" data-element_type=\"widget\" data-e-type=\"widget\" data-widget_type=\"text-editor.default\">\n\t\t\t\t<div class=\"elementor-widget-container\">\n\t\t\t\t\t\t\t\t\t<p>Seguimos las \u00faltimas tendencias y utilizamos las <strong>t\u00e9cnicas m\u00e1s avanzadas de personalizaci\u00f3n<\/strong>. Dise\u00f1amos zapatillas exclusivas perfectamente alineadas con la identidad de tu marca. Insp\u00edrate con nuestros modelos, elige el estilo que mejor te represente y deja que nuestro equipo creativo te gu\u00ede.<\/p>\t\t\t\t\t\t\t\t<\/div>\n\t\t\t\t<\/div>\n\t\t<div class=\"elementor-element elementor-element-cf6d38f e-con-full overflow_hidden e-flex e-con e-child\" data-id=\"cf6d38f\" data-element_type=\"container\" data-e-type=\"container\">\n\t\t<div class=\"elementor-element elementor-element-1a7f302 e-con-full e-flex elementor-invisible e-con e-child\" data-id=\"1a7f302\" data-element_type=\"container\" data-e-type=\"container\" data-settings=\"{&quot;animation&quot;:&quot;aux-anim-scale-down&quot;}\">\n\t\t\t\t<div class=\"elementor-element elementor-element-2d2089f elementor-invisible elementor-widget elementor-widget-image\" data-id=\"2d2089f\" data-element_type=\"widget\" data-e-type=\"widget\" data-settings=\"{&quot;_animation&quot;:&quot;aux-anim-mask-from-left&quot;}\" data-widget_type=\"image.default\">\n\t\t\t\t<div class=\"elementor-widget-container\">\n\t\t\t\t\t\t\t\t\t\t\t\t\t\t\t<img loading=\"lazy\" decoding=\"async\" width=\"630\" height=\"430\" src=\"https:\/\/brandyourshoes.com\/wp-content\/uploads\/2025\/05\/Brandyourshoes-made-in-spain-QUE-FEM_3-2.webp\" class=\"attachment-large size-large wp-image-11771\" alt=\"\" srcset=\"https:\/\/brandyourshoes.com\/wp-content\/uploads\/2025\/05\/Brandyourshoes-made-in-spain-QUE-FEM_3-2.webp 630w, https:\/\/brandyourshoes.com\/wp-content\/uploads\/2025\/05\/Brandyourshoes-made-in-spain-QUE-FEM_3-2-300x205.webp 300w\" sizes=\"(max-width: 630px) 100vw, 630px\" \/>\t\t\t\t\t\t\t\t\t\t\t\t\t\t\t<\/div>\n\t\t\t\t<\/div>\n\t\t\t\t<\/div>\n\t\t\t\t<\/div>\n\t\t\t\t<div class=\"elementor-element elementor-element-fc08cb9 elementor-widget elementor-widget-text-editor\" data-id=\"fc08cb9\" data-element_type=\"widget\" data-e-type=\"widget\" data-widget_type=\"text-editor.default\">\n\t\t\t\t<div class=\"elementor-widget-container\">\n\t\t\t\t\t\t\t\t\t<p>Fabricaci\u00f3n propia, Made in Spain, con expertos en el sector y proveedores locales. Nuestros materiales son de calidad superior, de proximidad y respetuosos con el medio ambiente. Por esta raz\u00f3n, cada par de zapatillas es el resultado de un<strong> proceso artesanal<\/strong> cuidado hasta el m\u00e1s m\u00ednimo detalle.<\/p>\t\t\t\t\t\t\t\t<\/div>\n\t\t\t\t<\/div>\n\t\t\t\t<div class=\"elementor-element elementor-element-9273028 elementor-widget elementor-widget-heading\" data-id=\"9273028\" data-element_type=\"widget\" data-e-type=\"widget\" data-widget_type=\"heading.default\">\n\t\t\t\t<div class=\"elementor-widget-container\">\n\t\t\t\t\t<h2 class=\"elementor-heading-title elementor-size-default\">Apostamos por una producci\u00f3n responsable, con condiciones laborales justas, comprometida con la calidad y la sostenibilidad<\/h2>\t\t\t\t<\/div>\n\t\t\t\t<\/div>\n\t\t\t\t<\/div>\n\t\t\t\t<\/div>\n\t\t\t\t\t<\/div>\n\t\t\t\t<\/div>\n\t\t\t\t<\/div>\n\t\t","protected":false},"excerpt":{"rendered":"<p>Nuestro equipo comercial o t\u00fa equipo pueden crear tus zapatillas corporativas.<\/p>\n","protected":false},"author":1,"featured_media":4304,"parent":0,"menu_order":0,"comment_status":"closed","ping_status":"closed","template":"elementor_header_footer","meta":{"_acf_changed":false,"footnotes":""},"funcionalitat":[],"class_list":["post-2815","page","type-page","status-publish","has-post-thumbnail","hentry"],"acf":[],"yoast_head":"<!-- This site is optimized with the Yoast SEO plugin v27.2 - https:\/\/yoast.com\/product\/yoast-seo-wordpress\/ -->\n<title>Crea tus zapatillas corporativas - BrandYourShoes<\/title>\n<meta name=\"description\" content=\"\u00bfC\u00f3mo crear zapatillas corporativas a medida para tu empresa? Desde el dise\u00f1o hasta la entrega, nuestro equipo os gu\u00eda en cada paso.\" \/>\n<meta name=\"robots\" content=\"index, follow, max-snippet:-1, max-image-preview:large, max-video-preview:-1\" \/>\n<link rel=\"canonical\" href=\"https:\/\/brandyourshoes.com\/es\/como-crear-zapatillas-corporativas\/\" \/>\n<meta property=\"og:locale\" content=\"es_ES\" \/>\n<meta property=\"og:type\" content=\"article\" \/>\n<meta property=\"og:title\" content=\"Crea tus zapatillas corporativas - BrandYourShoes\" \/>\n<meta property=\"og:description\" content=\"\u00bfC\u00f3mo crear zapatillas corporativas a medida para tu empresa? Desde el dise\u00f1o hasta la entrega, nuestro equipo os gu\u00eda en cada paso.\" \/>\n<meta property=\"og:url\" content=\"https:\/\/brandyourshoes.com\/es\/como-crear-zapatillas-corporativas\/\" \/>\n<meta property=\"og:site_name\" content=\"BrandYourShoes\" \/>\n<meta property=\"article:modified_time\" content=\"2025-07-04T09:35:44+00:00\" \/>\n<meta property=\"og:image\" content=\"https:\/\/brandyourshoes.com\/wp-content\/uploads\/2024\/03\/BYS-how-its-done-1.png\" \/>\n\t<meta property=\"og:image:width\" content=\"131\" \/>\n\t<meta property=\"og:image:height\" content=\"118\" \/>\n\t<meta property=\"og:image:type\" content=\"image\/png\" \/>\n<meta name=\"twitter:card\" content=\"summary_large_image\" \/>\n<meta name=\"twitter:label1\" content=\"Tiempo de lectura\" \/>\n\t<meta name=\"twitter:data1\" content=\"2 minutos\" \/>\n<script type=\"application\/ld+json\" class=\"yoast-schema-graph\">{\"@context\":\"https:\/\/schema.org\",\"@graph\":[{\"@type\":\"WebPage\",\"@id\":\"https:\/\/brandyourshoes.com\/es\/como-crear-zapatillas-corporativas\/\",\"url\":\"https:\/\/brandyourshoes.com\/es\/como-crear-zapatillas-corporativas\/\",\"name\":\"Crea tus zapatillas corporativas - BrandYourShoes\",\"isPartOf\":{\"@id\":\"https:\/\/brandyourshoes.com\/es\/#website\"},\"primaryImageOfPage\":{\"@id\":\"https:\/\/brandyourshoes.com\/es\/como-crear-zapatillas-corporativas\/#primaryimage\"},\"image\":{\"@id\":\"https:\/\/brandyourshoes.com\/es\/como-crear-zapatillas-corporativas\/#primaryimage\"},\"thumbnailUrl\":\"https:\/\/brandyourshoes.com\/wp-content\/uploads\/2024\/03\/BYS-how-its-done-1.png\",\"datePublished\":\"2023-07-07T14:14:56+00:00\",\"dateModified\":\"2025-07-04T09:35:44+00:00\",\"description\":\"\u00bfC\u00f3mo crear zapatillas corporativas a medida para tu empresa? Desde el dise\u00f1o hasta la entrega, nuestro equipo os gu\u00eda en cada paso.\",\"breadcrumb\":{\"@id\":\"https:\/\/brandyourshoes.com\/es\/como-crear-zapatillas-corporativas\/#breadcrumb\"},\"inLanguage\":\"es\",\"potentialAction\":[{\"@type\":\"ReadAction\",\"target\":[\"https:\/\/brandyourshoes.com\/es\/como-crear-zapatillas-corporativas\/\"]}]},{\"@type\":\"ImageObject\",\"inLanguage\":\"es\",\"@id\":\"https:\/\/brandyourshoes.com\/es\/como-crear-zapatillas-corporativas\/#primaryimage\",\"url\":\"https:\/\/brandyourshoes.com\/wp-content\/uploads\/2024\/03\/BYS-how-its-done-1.png\",\"contentUrl\":\"https:\/\/brandyourshoes.com\/wp-content\/uploads\/2024\/03\/BYS-how-its-done-1.png\",\"width\":131,\"height\":118,\"caption\":\"c\u00f3mo crear zapatillas corporativas\"},{\"@type\":\"BreadcrumbList\",\"@id\":\"https:\/\/brandyourshoes.com\/es\/como-crear-zapatillas-corporativas\/#breadcrumb\",\"itemListElement\":[{\"@type\":\"ListItem\",\"position\":1,\"name\":\"Portada\",\"item\":\"https:\/\/brandyourshoes.com\/es\/\"},{\"@type\":\"ListItem\",\"position\":2,\"name\":\"How we create ES\"}]},{\"@type\":\"WebSite\",\"@id\":\"https:\/\/brandyourshoes.com\/es\/#website\",\"url\":\"https:\/\/brandyourshoes.com\/es\/\",\"name\":\"BrandYourShoes\",\"description\":\"Customized Sneakers\",\"publisher\":{\"@id\":\"https:\/\/brandyourshoes.com\/es\/#organization\"},\"potentialAction\":[{\"@type\":\"SearchAction\",\"target\":{\"@type\":\"EntryPoint\",\"urlTemplate\":\"https:\/\/brandyourshoes.com\/es\/?s={search_term_string}\"},\"query-input\":{\"@type\":\"PropertyValueSpecification\",\"valueRequired\":true,\"valueName\":\"search_term_string\"}}],\"inLanguage\":\"es\"},{\"@type\":\"Organization\",\"@id\":\"https:\/\/brandyourshoes.com\/es\/#organization\",\"name\":\"BrandYourShoes\",\"url\":\"https:\/\/brandyourshoes.com\/es\/\",\"logo\":{\"@type\":\"ImageObject\",\"inLanguage\":\"es\",\"@id\":\"https:\/\/brandyourshoes.com\/es\/#\/schema\/logo\/image\/\",\"url\":\"https:\/\/brandyourshoes.com\/wp-content\/uploads\/2024\/02\/logo-horizontal-e1707810262679.png\",\"contentUrl\":\"https:\/\/brandyourshoes.com\/wp-content\/uploads\/2024\/02\/logo-horizontal-e1707810262679.png\",\"width\":292,\"height\":61,\"caption\":\"BrandYourShoes\"},\"image\":{\"@id\":\"https:\/\/brandyourshoes.com\/es\/#\/schema\/logo\/image\/\"}}]}<\/script>\n<!-- \/ Yoast SEO plugin. -->","yoast_head_json":{"title":"Crea tus zapatillas corporativas - BrandYourShoes","description":"\u00bfC\u00f3mo crear zapatillas corporativas a medida para tu empresa? Desde el dise\u00f1o hasta la entrega, nuestro equipo os gu\u00eda en cada paso.","robots":{"index":"index","follow":"follow","max-snippet":"max-snippet:-1","max-image-preview":"max-image-preview:large","max-video-preview":"max-video-preview:-1"},"canonical":"https:\/\/brandyourshoes.com\/es\/como-crear-zapatillas-corporativas\/","og_locale":"es_ES","og_type":"article","og_title":"Crea tus zapatillas corporativas - BrandYourShoes","og_description":"\u00bfC\u00f3mo crear zapatillas corporativas a medida para tu empresa? Desde el dise\u00f1o hasta la entrega, nuestro equipo os gu\u00eda en cada paso.","og_url":"https:\/\/brandyourshoes.com\/es\/como-crear-zapatillas-corporativas\/","og_site_name":"BrandYourShoes","article_modified_time":"2025-07-04T09:35:44+00:00","og_image":[{"width":131,"height":118,"url":"https:\/\/brandyourshoes.com\/wp-content\/uploads\/2024\/03\/BYS-how-its-done-1.png","type":"image\/png"}],"twitter_card":"summary_large_image","twitter_misc":{"Tiempo de lectura":"2 minutos"},"schema":{"@context":"https:\/\/schema.org","@graph":[{"@type":"WebPage","@id":"https:\/\/brandyourshoes.com\/es\/como-crear-zapatillas-corporativas\/","url":"https:\/\/brandyourshoes.com\/es\/como-crear-zapatillas-corporativas\/","name":"Crea tus zapatillas corporativas - BrandYourShoes","isPartOf":{"@id":"https:\/\/brandyourshoes.com\/es\/#website"},"primaryImageOfPage":{"@id":"https:\/\/brandyourshoes.com\/es\/como-crear-zapatillas-corporativas\/#primaryimage"},"image":{"@id":"https:\/\/brandyourshoes.com\/es\/como-crear-zapatillas-corporativas\/#primaryimage"},"thumbnailUrl":"https:\/\/brandyourshoes.com\/wp-content\/uploads\/2024\/03\/BYS-how-its-done-1.png","datePublished":"2023-07-07T14:14:56+00:00","dateModified":"2025-07-04T09:35:44+00:00","description":"\u00bfC\u00f3mo crear zapatillas corporativas a medida para tu empresa? Desde el dise\u00f1o hasta la entrega, nuestro equipo os gu\u00eda en cada paso.","breadcrumb":{"@id":"https:\/\/brandyourshoes.com\/es\/como-crear-zapatillas-corporativas\/#breadcrumb"},"inLanguage":"es","potentialAction":[{"@type":"ReadAction","target":["https:\/\/brandyourshoes.com\/es\/como-crear-zapatillas-corporativas\/"]}]},{"@type":"ImageObject","inLanguage":"es","@id":"https:\/\/brandyourshoes.com\/es\/como-crear-zapatillas-corporativas\/#primaryimage","url":"https:\/\/brandyourshoes.com\/wp-content\/uploads\/2024\/03\/BYS-how-its-done-1.png","contentUrl":"https:\/\/brandyourshoes.com\/wp-content\/uploads\/2024\/03\/BYS-how-its-done-1.png","width":131,"height":118,"caption":"c\u00f3mo crear zapatillas corporativas"},{"@type":"BreadcrumbList","@id":"https:\/\/brandyourshoes.com\/es\/como-crear-zapatillas-corporativas\/#breadcrumb","itemListElement":[{"@type":"ListItem","position":1,"name":"Portada","item":"https:\/\/brandyourshoes.com\/es\/"},{"@type":"ListItem","position":2,"name":"How we create ES"}]},{"@type":"WebSite","@id":"https:\/\/brandyourshoes.com\/es\/#website","url":"https:\/\/brandyourshoes.com\/es\/","name":"BrandYourShoes","description":"Customized Sneakers","publisher":{"@id":"https:\/\/brandyourshoes.com\/es\/#organization"},"potentialAction":[{"@type":"SearchAction","target":{"@type":"EntryPoint","urlTemplate":"https:\/\/brandyourshoes.com\/es\/?s={search_term_string}"},"query-input":{"@type":"PropertyValueSpecification","valueRequired":true,"valueName":"search_term_string"}}],"inLanguage":"es"},{"@type":"Organization","@id":"https:\/\/brandyourshoes.com\/es\/#organization","name":"BrandYourShoes","url":"https:\/\/brandyourshoes.com\/es\/","logo":{"@type":"ImageObject","inLanguage":"es","@id":"https:\/\/brandyourshoes.com\/es\/#\/schema\/logo\/image\/","url":"https:\/\/brandyourshoes.com\/wp-content\/uploads\/2024\/02\/logo-horizontal-e1707810262679.png","contentUrl":"https:\/\/brandyourshoes.com\/wp-content\/uploads\/2024\/02\/logo-horizontal-e1707810262679.png","width":292,"height":61,"caption":"BrandYourShoes"},"image":{"@id":"https:\/\/brandyourshoes.com\/es\/#\/schema\/logo\/image\/"}}]}},"_links":{"self":[{"href":"https:\/\/brandyourshoes.com\/es\/wp-json\/wp\/v2\/pages\/2815","targetHints":{"allow":["GET"]}}],"collection":[{"href":"https:\/\/brandyourshoes.com\/es\/wp-json\/wp\/v2\/pages"}],"about":[{"href":"https:\/\/brandyourshoes.com\/es\/wp-json\/wp\/v2\/types\/page"}],"author":[{"embeddable":true,"href":"https:\/\/brandyourshoes.com\/es\/wp-json\/wp\/v2\/users\/1"}],"replies":[{"embeddable":true,"href":"https:\/\/brandyourshoes.com\/es\/wp-json\/wp\/v2\/comments?post=2815"}],"version-history":[{"count":0,"href":"https:\/\/brandyourshoes.com\/es\/wp-json\/wp\/v2\/pages\/2815\/revisions"}],"wp:featuredmedia":[{"embeddable":true,"href":"https:\/\/brandyourshoes.com\/es\/wp-json\/wp\/v2\/media\/4304"}],"wp:attachment":[{"href":"https:\/\/brandyourshoes.com\/es\/wp-json\/wp\/v2\/media?parent=2815"}],"wp:term":[{"taxonomy":"funcionalitat","embeddable":true,"href":"https:\/\/brandyourshoes.com\/es\/wp-json\/wp\/v2\/funcionalitat?post=2815"}],"curies":[{"name":"wp","href":"https:\/\/api.w.org\/{rel}","templated":true}]}}