{"id":2326,"date":"2023-07-21T15:45:24","date_gmt":"2023-07-21T15:45:24","guid":{"rendered":"https:\/\/newweb.brandyourshoes.com\/?page_id=2326"},"modified":"2025-01-28T10:39:49","modified_gmt":"2025-01-28T10:39:49","slug":"politica-de-devoluciones","status":"publish","type":"page","link":"https:\/\/brandyourshoes.com\/es\/politica-de-devoluciones\/","title":{"rendered":"Pol\u00edtica de devoluciones"},"content":{"rendered":"\n<p>Devoluciones \u2013\u00a0El cliente puede devolver los productos defectuosos en un plazo de 15 d\u00edas naturales a partir de la fecha que conste en el albar\u00e1n de entrega del producto.\u00a0<br><br>Producto defectuoso\u00a0\u2013 Se entender\u00e1 por producto defectuoso aquel que no cumpla con las especificaciones mencionadas en la factura proforma emitida por BRAND GLOBAL INT GRUP, SL<br><br>Pol\u00edtica de devoluci\u00f3n\u00a0\u2013 Solo se pueden devolver esos productos que presenten defectos de fabricaci\u00f3n mencionados en el p\u00e1rrafo \u201cproducto defectuoso\u201d<br><br>La devoluci\u00f3n de productos defectuosos estar\u00e1 sujeta a la evaluaci\u00f3n llevada a cabo por el departamento de calidad de la empresa BRAND GLOBAL INT GRUP, SL\u00a0<br><br>El servicio de calidad de BRAND GLOBAL INT GRUP, SL notificar\u00e1 a su cliente su decisi\u00f3n de si reconoce o no el producto como defectuoso, en un plazo de 15 d\u00edas naturales a partir de la fecha efectiva de devoluci\u00f3n.\u00a0<br><br>Si el producto presenta defectos de producci\u00f3n o es manifiestamente diferente al producto solicitado, BRAND GLOBAL INT GRUP, SL decidir\u00e1 si vuelve a producir el producto o procede al reembolso.\u00a0<br><br>El producto debe devolverse sin utilizar, sin da\u00f1os y con el embalaje original.\u00a0<br><br>No se aceptan devoluciones que no cumplan con nuestra pol\u00edtica.\u00a0<\/p>\n","protected":false},"excerpt":{"rendered":"<p>Devoluciones \u2013\u00a0El cliente puede devolver los productos defectuosos en un plazo de 15 d\u00edas naturales a partir de la fecha que conste en el albar\u00e1n de entrega del producto.\u00a0 Producto defectuoso\u00a0\u2013 Se entender\u00e1 por producto defectuoso aquel que no cumpla con las especificaciones mencionadas en la factura proforma emitida por BRAND GLOBAL INT GRUP, SL&#8230;<\/p>\n","protected":false},"author":1,"featured_media":0,"parent":0,"menu_order":0,"comment_status":"closed","ping_status":"closed","template":"","meta":{"_acf_changed":false,"footnotes":""},"funcionalitat":[],"class_list":["post-2326","page","type-page","status-publish","hentry"],"acf":[],"yoast_head":"<!-- This site is optimized with the Yoast SEO plugin v27.2 - https:\/\/yoast.com\/product\/yoast-seo-wordpress\/ -->\n<title>Pol\u00edtica de devoluciones - BrandYourShoes<\/title>\n<meta name=\"robots\" content=\"index, follow, max-snippet:-1, max-image-preview:large, max-video-preview:-1\" \/>\n<link rel=\"canonical\" href=\"https:\/\/brandyourshoes.com\/es\/politica-de-devoluciones\/\" \/>\n<meta property=\"og:locale\" content=\"es_ES\" \/>\n<meta property=\"og:type\" content=\"article\" \/>\n<meta property=\"og:title\" content=\"Pol\u00edtica de devoluciones - BrandYourShoes\" \/>\n<meta property=\"og:description\" content=\"Devoluciones \u2013\u00a0El cliente puede devolver los productos defectuosos en un plazo de 15 d\u00edas naturales a partir de la fecha que conste en el albar\u00e1n de entrega del producto.\u00a0 Producto defectuoso\u00a0\u2013 Se entender\u00e1 por producto defectuoso aquel que no cumpla con las especificaciones mencionadas en la factura proforma emitida por BRAND GLOBAL INT GRUP, SL...\" \/>\n<meta property=\"og:url\" content=\"https:\/\/brandyourshoes.com\/es\/politica-de-devoluciones\/\" \/>\n<meta property=\"og:site_name\" content=\"BrandYourShoes\" \/>\n<meta property=\"article:modified_time\" content=\"2025-01-28T10:39:49+00:00\" \/>\n<meta name=\"twitter:card\" content=\"summary_large_image\" \/>\n<meta name=\"twitter:label1\" content=\"Tiempo de lectura\" \/>\n\t<meta name=\"twitter:data1\" content=\"1 minuto\" \/>\n<script type=\"application\/ld+json\" class=\"yoast-schema-graph\">{\"@context\":\"https:\/\/schema.org\",\"@graph\":[{\"@type\":\"WebPage\",\"@id\":\"https:\/\/brandyourshoes.com\/es\/politica-de-devoluciones\/\",\"url\":\"https:\/\/brandyourshoes.com\/es\/politica-de-devoluciones\/\",\"name\":\"Pol\u00edtica de devoluciones - BrandYourShoes\",\"isPartOf\":{\"@id\":\"https:\/\/brandyourshoes.com\/es\/#website\"},\"datePublished\":\"2023-07-21T15:45:24+00:00\",\"dateModified\":\"2025-01-28T10:39:49+00:00\",\"breadcrumb\":{\"@id\":\"https:\/\/brandyourshoes.com\/es\/politica-de-devoluciones\/#breadcrumb\"},\"inLanguage\":\"es\",\"potentialAction\":[{\"@type\":\"ReadAction\",\"target\":[\"https:\/\/brandyourshoes.com\/es\/politica-de-devoluciones\/\"]}]},{\"@type\":\"BreadcrumbList\",\"@id\":\"https:\/\/brandyourshoes.com\/es\/politica-de-devoluciones\/#breadcrumb\",\"itemListElement\":[{\"@type\":\"ListItem\",\"position\":1,\"name\":\"Portada\",\"item\":\"https:\/\/brandyourshoes.com\/es\/\"},{\"@type\":\"ListItem\",\"position\":2,\"name\":\"Pol\u00edtica de devoluciones\"}]},{\"@type\":\"WebSite\",\"@id\":\"https:\/\/brandyourshoes.com\/es\/#website\",\"url\":\"https:\/\/brandyourshoes.com\/es\/\",\"name\":\"BrandYourShoes\",\"description\":\"Customized Sneakers\",\"publisher\":{\"@id\":\"https:\/\/brandyourshoes.com\/es\/#organization\"},\"potentialAction\":[{\"@type\":\"SearchAction\",\"target\":{\"@type\":\"EntryPoint\",\"urlTemplate\":\"https:\/\/brandyourshoes.com\/es\/?s={search_term_string}\"},\"query-input\":{\"@type\":\"PropertyValueSpecification\",\"valueRequired\":true,\"valueName\":\"search_term_string\"}}],\"inLanguage\":\"es\"},{\"@type\":\"Organization\",\"@id\":\"https:\/\/brandyourshoes.com\/es\/#organization\",\"name\":\"BrandYourShoes\",\"url\":\"https:\/\/brandyourshoes.com\/es\/\",\"logo\":{\"@type\":\"ImageObject\",\"inLanguage\":\"es\",\"@id\":\"https:\/\/brandyourshoes.com\/es\/#\/schema\/logo\/image\/\",\"url\":\"https:\/\/brandyourshoes.com\/wp-content\/uploads\/2024\/02\/logo-horizontal-e1707810262679.png\",\"contentUrl\":\"https:\/\/brandyourshoes.com\/wp-content\/uploads\/2024\/02\/logo-horizontal-e1707810262679.png\",\"width\":292,\"height\":61,\"caption\":\"BrandYourShoes\"},\"image\":{\"@id\":\"https:\/\/brandyourshoes.com\/es\/#\/schema\/logo\/image\/\"}}]}<\/script>\n<!-- \/ Yoast SEO plugin. -->","yoast_head_json":{"title":"Pol\u00edtica de devoluciones - BrandYourShoes","robots":{"index":"index","follow":"follow","max-snippet":"max-snippet:-1","max-image-preview":"max-image-preview:large","max-video-preview":"max-video-preview:-1"},"canonical":"https:\/\/brandyourshoes.com\/es\/politica-de-devoluciones\/","og_locale":"es_ES","og_type":"article","og_title":"Pol\u00edtica de devoluciones - BrandYourShoes","og_description":"Devoluciones \u2013\u00a0El cliente puede devolver los productos defectuosos en un plazo de 15 d\u00edas naturales a partir de la fecha que conste en el albar\u00e1n de entrega del producto.\u00a0 Producto defectuoso\u00a0\u2013 Se entender\u00e1 por producto defectuoso aquel que no cumpla con las especificaciones mencionadas en la factura proforma emitida por BRAND GLOBAL INT GRUP, SL...","og_url":"https:\/\/brandyourshoes.com\/es\/politica-de-devoluciones\/","og_site_name":"BrandYourShoes","article_modified_time":"2025-01-28T10:39:49+00:00","twitter_card":"summary_large_image","twitter_misc":{"Tiempo de lectura":"1 minuto"},"schema":{"@context":"https:\/\/schema.org","@graph":[{"@type":"WebPage","@id":"https:\/\/brandyourshoes.com\/es\/politica-de-devoluciones\/","url":"https:\/\/brandyourshoes.com\/es\/politica-de-devoluciones\/","name":"Pol\u00edtica de devoluciones - BrandYourShoes","isPartOf":{"@id":"https:\/\/brandyourshoes.com\/es\/#website"},"datePublished":"2023-07-21T15:45:24+00:00","dateModified":"2025-01-28T10:39:49+00:00","breadcrumb":{"@id":"https:\/\/brandyourshoes.com\/es\/politica-de-devoluciones\/#breadcrumb"},"inLanguage":"es","potentialAction":[{"@type":"ReadAction","target":["https:\/\/brandyourshoes.com\/es\/politica-de-devoluciones\/"]}]},{"@type":"BreadcrumbList","@id":"https:\/\/brandyourshoes.com\/es\/politica-de-devoluciones\/#breadcrumb","itemListElement":[{"@type":"ListItem","position":1,"name":"Portada","item":"https:\/\/brandyourshoes.com\/es\/"},{"@type":"ListItem","position":2,"name":"Pol\u00edtica de devoluciones"}]},{"@type":"WebSite","@id":"https:\/\/brandyourshoes.com\/es\/#website","url":"https:\/\/brandyourshoes.com\/es\/","name":"BrandYourShoes","description":"Customized Sneakers","publisher":{"@id":"https:\/\/brandyourshoes.com\/es\/#organization"},"potentialAction":[{"@type":"SearchAction","target":{"@type":"EntryPoint","urlTemplate":"https:\/\/brandyourshoes.com\/es\/?s={search_term_string}"},"query-input":{"@type":"PropertyValueSpecification","valueRequired":true,"valueName":"search_term_string"}}],"inLanguage":"es"},{"@type":"Organization","@id":"https:\/\/brandyourshoes.com\/es\/#organization","name":"BrandYourShoes","url":"https:\/\/brandyourshoes.com\/es\/","logo":{"@type":"ImageObject","inLanguage":"es","@id":"https:\/\/brandyourshoes.com\/es\/#\/schema\/logo\/image\/","url":"https:\/\/brandyourshoes.com\/wp-content\/uploads\/2024\/02\/logo-horizontal-e1707810262679.png","contentUrl":"https:\/\/brandyourshoes.com\/wp-content\/uploads\/2024\/02\/logo-horizontal-e1707810262679.png","width":292,"height":61,"caption":"BrandYourShoes"},"image":{"@id":"https:\/\/brandyourshoes.com\/es\/#\/schema\/logo\/image\/"}}]}},"_links":{"self":[{"href":"https:\/\/brandyourshoes.com\/es\/wp-json\/wp\/v2\/pages\/2326","targetHints":{"allow":["GET"]}}],"collection":[{"href":"https:\/\/brandyourshoes.com\/es\/wp-json\/wp\/v2\/pages"}],"about":[{"href":"https:\/\/brandyourshoes.com\/es\/wp-json\/wp\/v2\/types\/page"}],"author":[{"embeddable":true,"href":"https:\/\/brandyourshoes.com\/es\/wp-json\/wp\/v2\/users\/1"}],"replies":[{"embeddable":true,"href":"https:\/\/brandyourshoes.com\/es\/wp-json\/wp\/v2\/comments?post=2326"}],"version-history":[{"count":0,"href":"https:\/\/brandyourshoes.com\/es\/wp-json\/wp\/v2\/pages\/2326\/revisions"}],"wp:attachment":[{"href":"https:\/\/brandyourshoes.com\/es\/wp-json\/wp\/v2\/media?parent=2326"}],"wp:term":[{"taxonomy":"funcionalitat","embeddable":true,"href":"https:\/\/brandyourshoes.com\/es\/wp-json\/wp\/v2\/funcionalitat?post=2326"}],"curies":[{"name":"wp","href":"https:\/\/api.w.org\/{rel}","templated":true}]}}