{"id":2305,"date":"2023-07-21T15:34:33","date_gmt":"2023-07-21T15:34:33","guid":{"rendered":"https:\/\/newweb.brandyourshoes.com\/?page_id=2305"},"modified":"2024-04-19T10:51:54","modified_gmt":"2024-04-19T10:51:54","slug":"proteccion-de-datos","status":"publish","type":"page","link":"https:\/\/brandyourshoes.com\/es\/proteccion-de-datos\/","title":{"rendered":"Protecci\u00f3n de datos"},"content":{"rendered":"\n<p>Antes de facilitar sus datos personales y si es necesario prestar su consentimiento para su tratamiento, le recomendamos que lea y entienda esta pol\u00edtica de privacidad.<\/p>\n\n\n\n<p>A continuaci\u00f3n se facilita informaci\u00f3n sobre determinados tratamientos de datos personales que realiza BRAND YOUR SHOES, SL de conformidad con lo que prev\u00e9 el Reglamento (UE) 679\/2016, relativo a la protecci\u00f3n de las personas f\u00edsicas en lo que respecta al tratamiento de datos personales y a la libre circulaci\u00f3n de estos datos (RGPD) y la Ley Org\u00e1nica &nbsp;3\/2018, de Protecci\u00f3n de Datos y Garant\u00eda de Derechos Digitales (LOPDGDD)<\/p>\n\n\n\n<p>Se informa a los usuarios que sus datos ser\u00e1n tratados confidencialmente trat\u00e1ndose con las finalidades que se indican en cada caso.<\/p>\n\n\n\n<p>Al acceder a los distintos formularios de la web, usted deber\u00e1 rellenar obligatoriamente los campos que se solicitan, siendo requisito necesario para que en cada caso podamos tramitar la solicitud o prestar el servicio que solicita.<\/p>\n\n\n\n<p>Asimismo, previamente al registro y env\u00edo del formulario con sus datos personales, ser\u00e1 preciso que marque preceptivamente el&nbsp;<em>check box<\/em>&nbsp;previsto al efecto, significando tal acci\u00f3n que ha le\u00eddo, comprendido la informaci\u00f3n sobre datos personales y que presta su consentimiento para el tratamiento de sus datos cuando ello sea preceptivo.<\/p>\n\n\n\n<p>BRAND YOUR SHOES, SL no se hace responsable del cumplimiento de la normativa de protecci\u00f3n de datos de terceros propietarios de otros portales a la que se puedan enlazar webs a trav\u00e9s de este portal o que hayan podido establecer&nbsp;<em>links<\/em>&nbsp;al mismo, por lo que el Usuario es el responsable de los datos personales que pueda proporcionarles.<\/p>\n\n\n\n<p><strong><em>\u00bfQUI\u00c9N ES EL RESPONSABLE DEL TRATAMIENTO DE SUS DATOS PERSONALES?<\/em><\/strong><\/p>\n\n\n\n<p><em>\u2013 Identidad:&nbsp;<\/em>BRAND YOUR SHOES, SL, CIF B-66783804<\/p>\n\n\n\n<p>\u2013<em>&nbsp;Direcci\u00f3n postal<\/em>: C\/ Matar\u00f3 n\u00ba8, 2n C. Pol\u00edgon Industrial Sot dels Pradals -08500- Vic- (Barcelona)- Espa\u00f1a-<\/p>\n\n\n\n<p>\u2013 Tel\u00e9fono: +34 93 8862060<\/p>\n\n\n\n<p>\u2013\u00a0<em>Correo electr\u00f3nico:\u00a0<\/em><a href=\"mailto:info@brandyourshoes.com\">info<em>@brandyourshoes.com<\/em><\/a><\/p>\n\n\n\n<p><a><strong><em>\u00bf<\/em><\/strong><\/a><strong><em>CON QU\u00c9 FINALIDADES TRATAMOS SUS DATOS PERSONALES Y POR CU\u00c1NTO TIEMPO SE CONSERVAR\u00c1N?<\/em><\/strong><\/p>\n\n\n\n<p>Los datos que le solicitamos y tratamos pueden tener distintas finalidades y guardarse durante diferentes periodos de tiempo:<\/p>\n\n\n\n<p>Cuando cumplimenta el formulario online \u201ccont\u00e1ctanos\u201d o \u201cbuy +30 pairs\u201d, los datos que podemos tratar son su nombre, apellidos y correo electr\u00f3nico, tel\u00e9fono con la&nbsp;<a>finalidad de atender a sus peticiones de informaci\u00f3n y en cuanto lo consienta, para enviarle comunicaciones comerciales a trav\u00e9s de cualquier medio, incluso electr\u00f3nico.<\/a><\/p>\n\n\n\n<p>Con la finalidad que pueda guardar los dise\u00f1os que realice sobre nuestros productos y acceder a los mismos en cualquier momento, deber\u00e1 registrarse al efecto, cumplimentando el formulario en el que se solicitar\u00e1 un nombre de usuario o correo electr\u00f3nico y una contrase\u00f1a.<\/p>\n\n\n\n<p>Sus datos se conservar\u00e1n hasta que solicite el cese de la actividad y durante el plazo de prescripci\u00f3n de responsabilidades y reclamaciones seg\u00fan la normativa de protecci\u00f3n de datos.<\/p>\n\n\n\n<p><a><strong><em>\u00bfCU\u00c1L ES LA LEGITIMACI\u00d3N PARA EL TRATAMIENTO DE SUS DATOS?<\/em><\/strong><\/a><\/p>\n\n\n\n<p>La base jur\u00eddica para el tratamiento de sus datos es el consentimiento que le solicitamos y nos presta al marcar las casillas al efecto.<\/p>\n\n\n\n<p>Tiene derecho a retirar su consentimiento en cualquier momento sin que ello afecte a la licitud del tratamiento basado en el consentimiento previo a su retirada.<\/p>\n\n\n\n<p><a>En cualquier momento podr\u00e1 oponerse al tratamiento de sus datos personales con fines promocionales, pudiendo enviar un escrito al efecto a la siguiente direcci\u00f3n electr\u00f3nico\u00a0<\/a><a href=\"mailto:info@brandyouushoes.com\">info@brandyouushoes.com<\/a>\u00a0y cesaremos de tratar sus datos para dichas finalidades.<\/p>\n\n\n\n<p><strong><em>\u00bfQUI\u00c9NES SON LOS DESTINATARIOS DEL TRATAMIENTO DE SUS DATOS?<\/em><\/strong><\/p>\n\n\n\n<p>Sus datos personales se tratar\u00e1n por el responsable del tratamiento, cedi\u00e9ndose solamente en los supuestos previstos legalmente o cuando nos haya prestado su consentimiento.<\/p>\n\n\n\n<p><strong><em>\u00bfCU\u00c1LES SON SUS DERECHOS CUANDO NOS FACILITA SUS DATOS?<\/em><\/strong><\/p>\n\n\n\n<p>Tiene derecho a obtener confirmaci\u00f3n sobre si se tratan datos personales que le conciernan, o no y, en tal caso, derecho de acceso a los mismos.<\/p>\n\n\n\n<p>Tiene derecho a solicitar la rectificaci\u00f3n de los datos inexactos o, en su caso, solicitar su supresi\u00f3n cuando, entre otros motivos, los datos ya no sean necesarios para los fines que fueron recogidos.<\/p>\n\n\n\n<p>En determinadas circunstancias y por motivos relacionados con su situaci\u00f3n particular, podr\u00e1 oponerse al tratamiento de sus datos.<\/p>\n\n\n\n<p>En determinadas circunstancias, podr\u00e1 solicitar la limitaci\u00f3n del tratamiento de sus datos, en cuyo caso \u00fanicamente los conservaremos para el ejercicio o la defensa de reclamaciones.<\/p>\n\n\n\n<p>Tambi\u00e9n tendr\u00e1 derecho a la portabilidad en determinadas circunstancias, recibir los datos personales que incumben y que nos haya facilitado en un formato estructurado, de uso com\u00fan y lectura mec\u00e1nica, y a que se transmitan a otros responsables del tratamiento cuando el estado de la t\u00e9cnica lo permita.<\/p>\n\n\n\n<p>Para el efectivo ejercicio de los derechos indicados, deber\u00e1 enviar un escrito al efecto dirigido al responsable, a la siguiente direcci\u00f3n: c. Dues soles, 3 bajos \u2013 08500- Vic- (Barcelona) o enviando un correo electr\u00f3nico a\u00a0<a href=\"mailto:info@brandyourshoes.com\">info@brandyourshoes.com<\/a>\u00a0. Deber\u00e1 acompa\u00f1ar copia del DNI, pasaporte u otro documento que le identifique, salvo en el caso que use su firma electr\u00f3nica.<\/p>\n\n\n\n<p>Dejaremos de tratar los datos, salvo por motivos leg\u00edtimos imperiosos, o el ejercicio o la defensa de posibles reclamaciones.<\/p>\n\n\n\n<p>As\u00ed mismo le informamos que tiene derecho a presentar una reclamaci\u00f3n ante una autoridad de control como lo es la Agencia Espa\u00f1ola de Protecci\u00f3n de Datos, especialmente cuando no haya obtenido satisfacci\u00f3n en el ejercicio de sus derechos, pudiendo contactar con ella en la direcci\u00f3n c. Jorge Juan,6, -28002-Madrid-.<\/p>\n","protected":false},"excerpt":{"rendered":"<p>Antes de facilitar sus datos personales y si es necesario prestar su consentimiento para su tratamiento, le recomendamos que lea y entienda esta pol\u00edtica de privacidad. A continuaci\u00f3n se facilita informaci\u00f3n sobre determinados tratamientos de datos personales que realiza BRAND YOUR SHOES, SL de conformidad con lo que prev\u00e9 el Reglamento (UE) 679\/2016, relativo a&#8230;<\/p>\n","protected":false},"author":1,"featured_media":0,"parent":0,"menu_order":0,"comment_status":"closed","ping_status":"closed","template":"","meta":{"_acf_changed":false,"footnotes":""},"funcionalitat":[],"class_list":["post-2305","page","type-page","status-publish","hentry"],"acf":[],"yoast_head":"<!-- This site is optimized with the Yoast SEO plugin v27.2 - https:\/\/yoast.com\/product\/yoast-seo-wordpress\/ -->\n<title>BrandYourShoes-Protecci\u00f3n de datos<\/title>\n<meta name=\"description\" content=\"A continuaci\u00f3n se facilita informaci\u00f3n sobre determinados tratamientos de datos personales que realiza BrandYourShoes.\" \/>\n<meta name=\"robots\" content=\"index, follow, max-snippet:-1, max-image-preview:large, max-video-preview:-1\" \/>\n<link rel=\"canonical\" href=\"https:\/\/brandyourshoes.com\/es\/proteccion-de-datos\/\" \/>\n<meta property=\"og:locale\" content=\"es_ES\" \/>\n<meta property=\"og:type\" content=\"article\" \/>\n<meta property=\"og:title\" content=\"BrandYourShoes-Protecci\u00f3n de datos\" \/>\n<meta property=\"og:description\" content=\"A continuaci\u00f3n se facilita informaci\u00f3n sobre determinados tratamientos de datos personales que realiza BrandYourShoes.\" \/>\n<meta property=\"og:url\" content=\"https:\/\/brandyourshoes.com\/es\/proteccion-de-datos\/\" \/>\n<meta property=\"og:site_name\" content=\"BrandYourShoes\" \/>\n<meta property=\"article:modified_time\" content=\"2024-04-19T10:51:54+00:00\" \/>\n<meta name=\"twitter:card\" content=\"summary_large_image\" \/>\n<meta name=\"twitter:label1\" content=\"Tiempo de lectura\" \/>\n\t<meta name=\"twitter:data1\" content=\"4 minutos\" \/>\n<script type=\"application\/ld+json\" class=\"yoast-schema-graph\">{\"@context\":\"https:\/\/schema.org\",\"@graph\":[{\"@type\":\"WebPage\",\"@id\":\"https:\/\/brandyourshoes.com\/es\/proteccion-de-datos\/\",\"url\":\"https:\/\/brandyourshoes.com\/es\/proteccion-de-datos\/\",\"name\":\"BrandYourShoes-Protecci\u00f3n de datos\",\"isPartOf\":{\"@id\":\"https:\/\/brandyourshoes.com\/es\/#website\"},\"datePublished\":\"2023-07-21T15:34:33+00:00\",\"dateModified\":\"2024-04-19T10:51:54+00:00\",\"description\":\"A continuaci\u00f3n se facilita informaci\u00f3n sobre determinados tratamientos de datos personales que realiza BrandYourShoes.\",\"breadcrumb\":{\"@id\":\"https:\/\/brandyourshoes.com\/es\/proteccion-de-datos\/#breadcrumb\"},\"inLanguage\":\"es\",\"potentialAction\":[{\"@type\":\"ReadAction\",\"target\":[\"https:\/\/brandyourshoes.com\/es\/proteccion-de-datos\/\"]}]},{\"@type\":\"BreadcrumbList\",\"@id\":\"https:\/\/brandyourshoes.com\/es\/proteccion-de-datos\/#breadcrumb\",\"itemListElement\":[{\"@type\":\"ListItem\",\"position\":1,\"name\":\"Portada\",\"item\":\"https:\/\/brandyourshoes.com\/es\/\"},{\"@type\":\"ListItem\",\"position\":2,\"name\":\"Protecci\u00f3n de datos\"}]},{\"@type\":\"WebSite\",\"@id\":\"https:\/\/brandyourshoes.com\/es\/#website\",\"url\":\"https:\/\/brandyourshoes.com\/es\/\",\"name\":\"BrandYourShoes\",\"description\":\"Customized Sneakers\",\"publisher\":{\"@id\":\"https:\/\/brandyourshoes.com\/es\/#organization\"},\"potentialAction\":[{\"@type\":\"SearchAction\",\"target\":{\"@type\":\"EntryPoint\",\"urlTemplate\":\"https:\/\/brandyourshoes.com\/es\/?s={search_term_string}\"},\"query-input\":{\"@type\":\"PropertyValueSpecification\",\"valueRequired\":true,\"valueName\":\"search_term_string\"}}],\"inLanguage\":\"es\"},{\"@type\":\"Organization\",\"@id\":\"https:\/\/brandyourshoes.com\/es\/#organization\",\"name\":\"BrandYourShoes\",\"url\":\"https:\/\/brandyourshoes.com\/es\/\",\"logo\":{\"@type\":\"ImageObject\",\"inLanguage\":\"es\",\"@id\":\"https:\/\/brandyourshoes.com\/es\/#\/schema\/logo\/image\/\",\"url\":\"https:\/\/brandyourshoes.com\/wp-content\/uploads\/2024\/02\/logo-horizontal-e1707810262679.png\",\"contentUrl\":\"https:\/\/brandyourshoes.com\/wp-content\/uploads\/2024\/02\/logo-horizontal-e1707810262679.png\",\"width\":292,\"height\":61,\"caption\":\"BrandYourShoes\"},\"image\":{\"@id\":\"https:\/\/brandyourshoes.com\/es\/#\/schema\/logo\/image\/\"}}]}<\/script>\n<!-- \/ Yoast SEO plugin. -->","yoast_head_json":{"title":"BrandYourShoes-Protecci\u00f3n de datos","description":"A continuaci\u00f3n se facilita informaci\u00f3n sobre determinados tratamientos de datos personales que realiza BrandYourShoes.","robots":{"index":"index","follow":"follow","max-snippet":"max-snippet:-1","max-image-preview":"max-image-preview:large","max-video-preview":"max-video-preview:-1"},"canonical":"https:\/\/brandyourshoes.com\/es\/proteccion-de-datos\/","og_locale":"es_ES","og_type":"article","og_title":"BrandYourShoes-Protecci\u00f3n de datos","og_description":"A continuaci\u00f3n se facilita informaci\u00f3n sobre determinados tratamientos de datos personales que realiza BrandYourShoes.","og_url":"https:\/\/brandyourshoes.com\/es\/proteccion-de-datos\/","og_site_name":"BrandYourShoes","article_modified_time":"2024-04-19T10:51:54+00:00","twitter_card":"summary_large_image","twitter_misc":{"Tiempo de lectura":"4 minutos"},"schema":{"@context":"https:\/\/schema.org","@graph":[{"@type":"WebPage","@id":"https:\/\/brandyourshoes.com\/es\/proteccion-de-datos\/","url":"https:\/\/brandyourshoes.com\/es\/proteccion-de-datos\/","name":"BrandYourShoes-Protecci\u00f3n de datos","isPartOf":{"@id":"https:\/\/brandyourshoes.com\/es\/#website"},"datePublished":"2023-07-21T15:34:33+00:00","dateModified":"2024-04-19T10:51:54+00:00","description":"A continuaci\u00f3n se facilita informaci\u00f3n sobre determinados tratamientos de datos personales que realiza BrandYourShoes.","breadcrumb":{"@id":"https:\/\/brandyourshoes.com\/es\/proteccion-de-datos\/#breadcrumb"},"inLanguage":"es","potentialAction":[{"@type":"ReadAction","target":["https:\/\/brandyourshoes.com\/es\/proteccion-de-datos\/"]}]},{"@type":"BreadcrumbList","@id":"https:\/\/brandyourshoes.com\/es\/proteccion-de-datos\/#breadcrumb","itemListElement":[{"@type":"ListItem","position":1,"name":"Portada","item":"https:\/\/brandyourshoes.com\/es\/"},{"@type":"ListItem","position":2,"name":"Protecci\u00f3n de datos"}]},{"@type":"WebSite","@id":"https:\/\/brandyourshoes.com\/es\/#website","url":"https:\/\/brandyourshoes.com\/es\/","name":"BrandYourShoes","description":"Customized Sneakers","publisher":{"@id":"https:\/\/brandyourshoes.com\/es\/#organization"},"potentialAction":[{"@type":"SearchAction","target":{"@type":"EntryPoint","urlTemplate":"https:\/\/brandyourshoes.com\/es\/?s={search_term_string}"},"query-input":{"@type":"PropertyValueSpecification","valueRequired":true,"valueName":"search_term_string"}}],"inLanguage":"es"},{"@type":"Organization","@id":"https:\/\/brandyourshoes.com\/es\/#organization","name":"BrandYourShoes","url":"https:\/\/brandyourshoes.com\/es\/","logo":{"@type":"ImageObject","inLanguage":"es","@id":"https:\/\/brandyourshoes.com\/es\/#\/schema\/logo\/image\/","url":"https:\/\/brandyourshoes.com\/wp-content\/uploads\/2024\/02\/logo-horizontal-e1707810262679.png","contentUrl":"https:\/\/brandyourshoes.com\/wp-content\/uploads\/2024\/02\/logo-horizontal-e1707810262679.png","width":292,"height":61,"caption":"BrandYourShoes"},"image":{"@id":"https:\/\/brandyourshoes.com\/es\/#\/schema\/logo\/image\/"}}]}},"_links":{"self":[{"href":"https:\/\/brandyourshoes.com\/es\/wp-json\/wp\/v2\/pages\/2305","targetHints":{"allow":["GET"]}}],"collection":[{"href":"https:\/\/brandyourshoes.com\/es\/wp-json\/wp\/v2\/pages"}],"about":[{"href":"https:\/\/brandyourshoes.com\/es\/wp-json\/wp\/v2\/types\/page"}],"author":[{"embeddable":true,"href":"https:\/\/brandyourshoes.com\/es\/wp-json\/wp\/v2\/users\/1"}],"replies":[{"embeddable":true,"href":"https:\/\/brandyourshoes.com\/es\/wp-json\/wp\/v2\/comments?post=2305"}],"version-history":[{"count":0,"href":"https:\/\/brandyourshoes.com\/es\/wp-json\/wp\/v2\/pages\/2305\/revisions"}],"wp:attachment":[{"href":"https:\/\/brandyourshoes.com\/es\/wp-json\/wp\/v2\/media?parent=2305"}],"wp:term":[{"taxonomy":"funcionalitat","embeddable":true,"href":"https:\/\/brandyourshoes.com\/es\/wp-json\/wp\/v2\/funcionalitat?post=2305"}],"curies":[{"name":"wp","href":"https:\/\/api.w.org\/{rel}","templated":true}]}}