{"id":2290,"date":"2023-07-10T11:17:51","date_gmt":"2023-07-10T11:17:51","guid":{"rendered":"https:\/\/newweb.brandyourshoes.com\/?page_id=2290"},"modified":"2025-01-28T10:35:14","modified_gmt":"2025-01-28T10:35:14","slug":"aviso-legal","status":"publish","type":"page","link":"https:\/\/brandyourshoes.com\/es\/aviso-legal\/","title":{"rendered":"Aviso legal"},"content":{"rendered":"\n<div class=\"wp-block-group is-layout-constrained wp-block-group-is-layout-constrained\">\n<div class=\"wp-block-group is-layout-constrained wp-block-group-is-layout-constrained\">\n<p><strong>IDENTIFICACI\u00d3N<\/strong><\/p>\n\n\n\n<p>A trav\u00e9s del presente sitio web www.brandyourshoes.com act\u00faa el prestador de servicios de la sociedad de la informaci\u00f3n\u00a0BRAND GLOBAL INT GRUP, SL \u00a0(en adelante BRANDGRUP) con domicilio social en C\/ Matar\u00f3 n\u00ba8, 2n C. Pol\u00edgon Industrial Sot dels Pradals -08500- Vic- (Barcelona), CIF B- 66783804, inscrita en el Registro Mercantil de Barcelona, tomo 45428,\u00a0 folio 121, hoja B487414, tel\u00e9fono n\u00ba +34 93 8862060, correo electr\u00f3nico\u00a0hola@brandyourshoes.com\u00a0\u00a0<\/p>\n\n\n\n<p><strong>CONDICIONES DE USO DEL PORTAL Y RESPONSABILIDADES<\/strong><\/p>\n\n\n\n<p>El acceso a este portal es gratuito, entendi\u00e9ndose que todo aquel que acceda o haga uso del mismo adquiere la condici\u00f3n de Usuario y acepta sin reservas todas las presentes condiciones.<\/p>\n\n\n\n<p>El Usuario es el responsable del buen uso en general del portal, de su contenido y servicios, as\u00ed como de la veracidad y rectitud de los datos que en su caso deba proporcionar para acceder a los mismos, quedando expresamente prohibidas todas aquellas actividades que en cada momento puedan considerarse contrarias a la legislaci\u00f3n vigente, reserv\u00e1ndose el titular del portal el derecho a impedir el acceso total o parcial a su sitio web o a alguno de sus contenidos o servicios, as\u00ed como a ejercer las acciones legales oportunas contra aquellos que incumplan lo previsto en estas condiciones de uso, eximi\u00e9ndose el titular del portal de cualquier responsabilidad derivada de actuaciones realizadas por terceros, actos fortuitos o de fuerza mayor.<\/p>\n\n\n\n<p>Sin previo aviso, el titular del portal se reserva el derecho a hacer los cambios y revisiones que estime oportunos en su sitio web, alterando, a\u00f1adiendo, eliminando todo o parte de los contenidos, servicios o dise\u00f1o del portal.<\/p>\n\n\n\n<p><strong>DERECHOS DE PROPIEDAD INTELECTUAL E INDUSTRIAL<\/strong><\/p>\n\n\n\n<p>El software, el dise\u00f1o, el c\u00f3digo fuente y todos los contenidos del portal, tales como textos, incluidos los textos legales, fotograf\u00edas, logos, marcas, y dem\u00e1s signos distintivos que aparecen en el mismo, pertenecen al titular del portal o a terceros que han autorizado su uso, estando protegidos por la legislaci\u00f3n de propiedad intelectual e industrial.<\/p>\n\n\n\n<p>El uso, reproducci\u00f3n, distribuci\u00f3n, comunicaci\u00f3n p\u00fablica, transformaci\u00f3n total o parcial de los contenidos de este portal o cualquier otra actividad similar o an\u00e1loga, queda totalmente prohibida salvo que medie expresa autorizaci\u00f3n del titular del portal. La licencia de uso de cualquier contenido de este portal otorgada al Usuario se limita a la descarga de dicho contenido y el uso privado del mismo, siempre que se mantenga la integridad de dichos contenidos.<\/p>\n\n\n\n<p>Queda expresamente prohibida la realizaci\u00f3n de \u201c<em>framings<\/em>\u201d o el uso de cualquier otro mecanismo que modifique el dise\u00f1o, configuraci\u00f3n original o contenidos del portal.<\/p>\n\n\n\n<p>El titular del portal quiere respetar los derechos de propiedad intelectual e industrial de terceros, por lo que si considera que este sitio pudiera estar vulner\u00e1ndolos, contacte con nosotros a trav\u00e9s de cualquiera de los datos de contacto indicados en el apartado \u201cIdentificaci\u00f3n\u201d.<\/p>\n\n\n\n<p><strong>LINKS O HIPERENLACES<\/strong><\/p>\n\n\n\n<p>Con el fin de facilitar el acceso a p\u00e1ginas Web que el titular del portal considera que pueden ser de inter\u00e9s para el Usuario y cuya titularidad no le pertenecen, pueden proporcionarse enlaces a las mismas, sin que pueda hacerse responsable de los contenidos, del funcionamiento de la Web enlazada, o de posibles da\u00f1os que pudieran ocasionarse del acceso o uso de la misma, por lo que el usuario asume bajo su responsabilidad todas las consecuencias incluso da\u00f1osas que pudieran derivarse de tal acceso.<\/p>\n\n\n\n<p>Los enlaces de otras webs a la del titular del portal est\u00e1 prohibida sin previa autorizaci\u00f3n. En cualquier caso, el titular del portal declina cualquier responsabilidad por los da\u00f1os y perjuicios que pudieran derivarse al Usuario por el acceso y uso del portal que hubiera facilitado el enlace.<\/p>\n\n\n\n<p><strong>LEY APLICABLE Y JURISDICCI\u00d3N<\/strong>&nbsp;La legislaci\u00f3n espa\u00f1ola ser\u00e1 la aplicable en caso de conflictos que puedan surgir en relaci\u00f3n al acceso y uso este sitio Web. Sin perjuicio de lo que se establezca imperativamente para casos especiales y especialmente respetando la legislaci\u00f3n de consumidores y usuarios, con renuncia a cualquier otro foro que pudiera corresponderles, las partes se someten expresamente a la jurisdicci\u00f3n de los juzgados de la ciudad de Vic.<\/p>\n<\/div>\n<\/div>\n","protected":false},"excerpt":{"rendered":"","protected":false},"author":1,"featured_media":0,"parent":0,"menu_order":0,"comment_status":"closed","ping_status":"closed","template":"","meta":{"_acf_changed":false,"footnotes":""},"funcionalitat":[],"class_list":["post-2290","page","type-page","status-publish","hentry"],"acf":[],"yoast_head":"<!-- This site is optimized with the Yoast SEO plugin v27.2 - https:\/\/yoast.com\/product\/yoast-seo-wordpress\/ -->\n<title>Aviso legal - BrandYourShoes<\/title>\n<meta name=\"robots\" content=\"index, follow, max-snippet:-1, max-image-preview:large, max-video-preview:-1\" \/>\n<link rel=\"canonical\" href=\"https:\/\/brandyourshoes.com\/es\/aviso-legal\/\" \/>\n<meta property=\"og:locale\" content=\"es_ES\" \/>\n<meta property=\"og:type\" content=\"article\" \/>\n<meta property=\"og:title\" content=\"Aviso legal - BrandYourShoes\" \/>\n<meta property=\"og:url\" content=\"https:\/\/brandyourshoes.com\/es\/aviso-legal\/\" \/>\n<meta property=\"og:site_name\" content=\"BrandYourShoes\" \/>\n<meta property=\"article:modified_time\" content=\"2025-01-28T10:35:14+00:00\" \/>\n<meta name=\"twitter:card\" content=\"summary_large_image\" \/>\n<meta name=\"twitter:label1\" content=\"Tiempo de lectura\" \/>\n\t<meta name=\"twitter:data1\" content=\"3 minutos\" \/>\n<script type=\"application\/ld+json\" class=\"yoast-schema-graph\">{\"@context\":\"https:\/\/schema.org\",\"@graph\":[{\"@type\":\"WebPage\",\"@id\":\"https:\/\/brandyourshoes.com\/es\/aviso-legal\/\",\"url\":\"https:\/\/brandyourshoes.com\/es\/aviso-legal\/\",\"name\":\"Aviso legal - BrandYourShoes\",\"isPartOf\":{\"@id\":\"https:\/\/brandyourshoes.com\/es\/#website\"},\"datePublished\":\"2023-07-10T11:17:51+00:00\",\"dateModified\":\"2025-01-28T10:35:14+00:00\",\"breadcrumb\":{\"@id\":\"https:\/\/brandyourshoes.com\/es\/aviso-legal\/#breadcrumb\"},\"inLanguage\":\"es\",\"potentialAction\":[{\"@type\":\"ReadAction\",\"target\":[\"https:\/\/brandyourshoes.com\/es\/aviso-legal\/\"]}]},{\"@type\":\"BreadcrumbList\",\"@id\":\"https:\/\/brandyourshoes.com\/es\/aviso-legal\/#breadcrumb\",\"itemListElement\":[{\"@type\":\"ListItem\",\"position\":1,\"name\":\"Portada\",\"item\":\"https:\/\/brandyourshoes.com\/es\/\"},{\"@type\":\"ListItem\",\"position\":2,\"name\":\"Aviso legal\"}]},{\"@type\":\"WebSite\",\"@id\":\"https:\/\/brandyourshoes.com\/es\/#website\",\"url\":\"https:\/\/brandyourshoes.com\/es\/\",\"name\":\"BrandYourShoes\",\"description\":\"Customized Sneakers\",\"publisher\":{\"@id\":\"https:\/\/brandyourshoes.com\/es\/#organization\"},\"potentialAction\":[{\"@type\":\"SearchAction\",\"target\":{\"@type\":\"EntryPoint\",\"urlTemplate\":\"https:\/\/brandyourshoes.com\/es\/?s={search_term_string}\"},\"query-input\":{\"@type\":\"PropertyValueSpecification\",\"valueRequired\":true,\"valueName\":\"search_term_string\"}}],\"inLanguage\":\"es\"},{\"@type\":\"Organization\",\"@id\":\"https:\/\/brandyourshoes.com\/es\/#organization\",\"name\":\"BrandYourShoes\",\"url\":\"https:\/\/brandyourshoes.com\/es\/\",\"logo\":{\"@type\":\"ImageObject\",\"inLanguage\":\"es\",\"@id\":\"https:\/\/brandyourshoes.com\/es\/#\/schema\/logo\/image\/\",\"url\":\"https:\/\/brandyourshoes.com\/wp-content\/uploads\/2024\/02\/logo-horizontal-e1707810262679.png\",\"contentUrl\":\"https:\/\/brandyourshoes.com\/wp-content\/uploads\/2024\/02\/logo-horizontal-e1707810262679.png\",\"width\":292,\"height\":61,\"caption\":\"BrandYourShoes\"},\"image\":{\"@id\":\"https:\/\/brandyourshoes.com\/es\/#\/schema\/logo\/image\/\"}}]}<\/script>\n<!-- \/ Yoast SEO plugin. -->","yoast_head_json":{"title":"Aviso legal - BrandYourShoes","robots":{"index":"index","follow":"follow","max-snippet":"max-snippet:-1","max-image-preview":"max-image-preview:large","max-video-preview":"max-video-preview:-1"},"canonical":"https:\/\/brandyourshoes.com\/es\/aviso-legal\/","og_locale":"es_ES","og_type":"article","og_title":"Aviso legal - BrandYourShoes","og_url":"https:\/\/brandyourshoes.com\/es\/aviso-legal\/","og_site_name":"BrandYourShoes","article_modified_time":"2025-01-28T10:35:14+00:00","twitter_card":"summary_large_image","twitter_misc":{"Tiempo de lectura":"3 minutos"},"schema":{"@context":"https:\/\/schema.org","@graph":[{"@type":"WebPage","@id":"https:\/\/brandyourshoes.com\/es\/aviso-legal\/","url":"https:\/\/brandyourshoes.com\/es\/aviso-legal\/","name":"Aviso legal - BrandYourShoes","isPartOf":{"@id":"https:\/\/brandyourshoes.com\/es\/#website"},"datePublished":"2023-07-10T11:17:51+00:00","dateModified":"2025-01-28T10:35:14+00:00","breadcrumb":{"@id":"https:\/\/brandyourshoes.com\/es\/aviso-legal\/#breadcrumb"},"inLanguage":"es","potentialAction":[{"@type":"ReadAction","target":["https:\/\/brandyourshoes.com\/es\/aviso-legal\/"]}]},{"@type":"BreadcrumbList","@id":"https:\/\/brandyourshoes.com\/es\/aviso-legal\/#breadcrumb","itemListElement":[{"@type":"ListItem","position":1,"name":"Portada","item":"https:\/\/brandyourshoes.com\/es\/"},{"@type":"ListItem","position":2,"name":"Aviso legal"}]},{"@type":"WebSite","@id":"https:\/\/brandyourshoes.com\/es\/#website","url":"https:\/\/brandyourshoes.com\/es\/","name":"BrandYourShoes","description":"Customized Sneakers","publisher":{"@id":"https:\/\/brandyourshoes.com\/es\/#organization"},"potentialAction":[{"@type":"SearchAction","target":{"@type":"EntryPoint","urlTemplate":"https:\/\/brandyourshoes.com\/es\/?s={search_term_string}"},"query-input":{"@type":"PropertyValueSpecification","valueRequired":true,"valueName":"search_term_string"}}],"inLanguage":"es"},{"@type":"Organization","@id":"https:\/\/brandyourshoes.com\/es\/#organization","name":"BrandYourShoes","url":"https:\/\/brandyourshoes.com\/es\/","logo":{"@type":"ImageObject","inLanguage":"es","@id":"https:\/\/brandyourshoes.com\/es\/#\/schema\/logo\/image\/","url":"https:\/\/brandyourshoes.com\/wp-content\/uploads\/2024\/02\/logo-horizontal-e1707810262679.png","contentUrl":"https:\/\/brandyourshoes.com\/wp-content\/uploads\/2024\/02\/logo-horizontal-e1707810262679.png","width":292,"height":61,"caption":"BrandYourShoes"},"image":{"@id":"https:\/\/brandyourshoes.com\/es\/#\/schema\/logo\/image\/"}}]}},"_links":{"self":[{"href":"https:\/\/brandyourshoes.com\/es\/wp-json\/wp\/v2\/pages\/2290","targetHints":{"allow":["GET"]}}],"collection":[{"href":"https:\/\/brandyourshoes.com\/es\/wp-json\/wp\/v2\/pages"}],"about":[{"href":"https:\/\/brandyourshoes.com\/es\/wp-json\/wp\/v2\/types\/page"}],"author":[{"embeddable":true,"href":"https:\/\/brandyourshoes.com\/es\/wp-json\/wp\/v2\/users\/1"}],"replies":[{"embeddable":true,"href":"https:\/\/brandyourshoes.com\/es\/wp-json\/wp\/v2\/comments?post=2290"}],"version-history":[{"count":0,"href":"https:\/\/brandyourshoes.com\/es\/wp-json\/wp\/v2\/pages\/2290\/revisions"}],"wp:attachment":[{"href":"https:\/\/brandyourshoes.com\/es\/wp-json\/wp\/v2\/media?parent=2290"}],"wp:term":[{"taxonomy":"funcionalitat","embeddable":true,"href":"https:\/\/brandyourshoes.com\/es\/wp-json\/wp\/v2\/funcionalitat?post=2290"}],"curies":[{"name":"wp","href":"https:\/\/api.w.org\/{rel}","templated":true}]}}