{"id":2745,"date":"2023-07-07T14:14:56","date_gmt":"2023-07-07T14:14:56","guid":{"rendered":"https:\/\/newweb.brandyourshoes.com\/?page_id=2745"},"modified":"2025-07-04T09:35:31","modified_gmt":"2025-07-04T09:35:31","slug":"funktionsweise-firmenschuhe","status":"publish","type":"page","link":"https:\/\/brandyourshoes.com\/de\/funktionsweise-firmenschuhe\/","title":{"rendered":"How we create DE"},"content":{"rendered":"\t\t<div data-elementor-type=\"wp-page\" data-elementor-id=\"2745\" class=\"elementor elementor-2745 elementor-1244\" data-elementor-post-type=\"page\">\n\t\t\t\t<div class=\"elementor-element elementor-element-11c7108 e-flex e-con-boxed e-con e-parent\" data-id=\"11c7108\" data-element_type=\"container\" data-e-type=\"container\">\n\t\t\t\t\t<div class=\"e-con-inner\">\n\t\t<div class=\"elementor-element elementor-element-fa09b2e e-con-full e-flex e-con e-child\" data-id=\"fa09b2e\" data-element_type=\"container\" data-e-type=\"container\" data-settings=\"{&quot;background_background&quot;:&quot;classic&quot;}\">\n\t\t<div class=\"elementor-element elementor-element-246acb9 e-con-full overflow_hidden e-flex e-con e-child\" data-id=\"246acb9\" data-element_type=\"container\" data-e-type=\"container\">\n\t\t<div class=\"elementor-element elementor-element-09e74ba e-con-full e-flex elementor-invisible e-con e-child\" data-id=\"09e74ba\" data-element_type=\"container\" data-e-type=\"container\" data-settings=\"{&quot;animation&quot;:&quot;aux-anim-scale-down&quot;}\">\n\t\t<div class=\"elementor-element elementor-element-97e4037 e-con-full e-flex elementor-invisible e-con e-child\" data-id=\"97e4037\" data-element_type=\"container\" data-e-type=\"container\" data-settings=\"{&quot;background_background&quot;:&quot;classic&quot;,&quot;animation&quot;:&quot;aux-anim-mask-from-left&quot;}\">\n\t\t\t\t<div class=\"elementor-element elementor-element-90deb01 elementor-invisible elementor-widget elementor-widget-image\" data-id=\"90deb01\" data-element_type=\"widget\" data-e-type=\"widget\" data-settings=\"{&quot;_animation&quot;:&quot;aux-anim-mask-from-left&quot;}\" data-widget_type=\"image.default\">\n\t\t\t\t<div class=\"elementor-widget-container\">\n\t\t\t\t\t\t\t\t\t\t\t\t\t\t\t<img fetchpriority=\"high\" decoding=\"async\" width=\"730\" height=\"900\" src=\"https:\/\/brandyourshoes.com\/wp-content\/uploads\/2025\/05\/Brandyourshoes-Barcelona-2.webp\" class=\"attachment-large size-large wp-image-11775\" alt=\"\" srcset=\"https:\/\/brandyourshoes.com\/wp-content\/uploads\/2025\/05\/Brandyourshoes-Barcelona-2.webp 730w, https:\/\/brandyourshoes.com\/wp-content\/uploads\/2025\/05\/Brandyourshoes-Barcelona-2-243x300.webp 243w\" sizes=\"(max-width: 730px) 100vw, 730px\" \/>\t\t\t\t\t\t\t\t\t\t\t\t\t\t\t<\/div>\n\t\t\t\t<\/div>\n\t\t\t\t<div class=\"elementor-element elementor-element-5f0f70b elementor-absolute elementor-widget elementor-widget-heading\" data-id=\"5f0f70b\" data-element_type=\"widget\" data-e-type=\"widget\" data-settings=\"{&quot;_position&quot;:&quot;absolute&quot;}\" data-widget_type=\"heading.default\">\n\t\t\t\t<div class=\"elementor-widget-container\">\n\t\t\t\t\t<h2 class=\"elementor-heading-title elementor-size-default\">Entworfen<br \/> in Barcelona, <br \/>Made in Spain\n<\/h2>\t\t\t\t<\/div>\n\t\t\t\t<\/div>\n\t\t\t\t<\/div>\n\t\t\t\t<\/div>\n\t\t\t\t<\/div>\n\t\t\t\t<\/div>\n\t\t<div class=\"elementor-element elementor-element-f49f2a7 e-con-full e-flex e-con e-child\" data-id=\"f49f2a7\" data-element_type=\"container\" data-e-type=\"container\" data-settings=\"{&quot;background_background&quot;:&quot;classic&quot;}\">\n\t\t<div class=\"elementor-element elementor-element-4dd36bc e-con-full e-flex e-con e-child\" data-id=\"4dd36bc\" data-element_type=\"container\" data-e-type=\"container\">\n\t\t<div class=\"elementor-element elementor-element-83839a7 e-con-full overflow_hidden e-flex e-con e-child\" data-id=\"83839a7\" data-element_type=\"container\" data-e-type=\"container\">\n\t\t<div class=\"elementor-element elementor-element-c5482a1 e-con-full e-flex elementor-invisible e-con e-child\" data-id=\"c5482a1\" data-element_type=\"container\" data-e-type=\"container\" data-settings=\"{&quot;animation&quot;:&quot;aux-anim-scale-down&quot;}\">\n\t\t\t\t<div class=\"elementor-element elementor-element-7430606 elementor-invisible elementor-widget elementor-widget-image\" data-id=\"7430606\" data-element_type=\"widget\" data-e-type=\"widget\" data-settings=\"{&quot;_animation&quot;:&quot;aux-anim-mask-from-left&quot;}\" data-widget_type=\"image.default\">\n\t\t\t\t<div class=\"elementor-widget-container\">\n\t\t\t\t\t\t\t\t\t\t\t\t\t\t\t<img decoding=\"async\" width=\"630\" height=\"430\" src=\"https:\/\/brandyourshoes.com\/wp-content\/uploads\/2025\/05\/Brandyourshoes-personalization-QUE-FEM_1-2.webp\" class=\"attachment-large size-large wp-image-11780\" alt=\"\" srcset=\"https:\/\/brandyourshoes.com\/wp-content\/uploads\/2025\/05\/Brandyourshoes-personalization-QUE-FEM_1-2.webp 630w, https:\/\/brandyourshoes.com\/wp-content\/uploads\/2025\/05\/Brandyourshoes-personalization-QUE-FEM_1-2-300x205.webp 300w\" sizes=\"(max-width: 630px) 100vw, 630px\" \/>\t\t\t\t\t\t\t\t\t\t\t\t\t\t\t<\/div>\n\t\t\t\t<\/div>\n\t\t\t\t<\/div>\n\t\t\t\t<\/div>\n\t\t\t\t<div class=\"elementor-element elementor-element-7c9be59 elementor-widget elementor-widget-text-editor\" data-id=\"7c9be59\" data-element_type=\"widget\" data-e-type=\"widget\" data-widget_type=\"text-editor.default\">\n\t\t\t\t<div class=\"elementor-widget-container\">\n\t\t\t\t\t\t\t\t\t<p>Seit 2016 kreieren wir bei BrandYourShoes ma\u00dfgeschneiderte Turnschuhe f\u00fcr Unternehmen, die das Wesen und die Werte der jeweiligen Marke widerspiegeln. Als<strong> Pioniere in diesem Sektor<\/strong> bieten wir die besten, einzigartigsten und originellsten L\u00f6sungen.<\/p>\t\t\t\t\t\t\t\t<\/div>\n\t\t\t\t<\/div>\n\t\t<div class=\"elementor-element elementor-element-1c5a942 e-con-full overflow_hidden e-flex e-con e-child\" data-id=\"1c5a942\" data-element_type=\"container\" data-e-type=\"container\">\n\t\t<div class=\"elementor-element elementor-element-10ffc4e e-con-full e-flex elementor-invisible e-con e-child\" data-id=\"10ffc4e\" data-element_type=\"container\" data-e-type=\"container\" data-settings=\"{&quot;animation&quot;:&quot;aux-anim-scale-down&quot;}\">\n\t\t\t\t<div class=\"elementor-element elementor-element-b839d96 elementor-invisible elementor-widget elementor-widget-image\" data-id=\"b839d96\" data-element_type=\"widget\" data-e-type=\"widget\" data-settings=\"{&quot;_animation&quot;:&quot;aux-anim-mask-from-left&quot;}\" data-widget_type=\"image.default\">\n\t\t\t\t<div class=\"elementor-widget-container\">\n\t\t\t\t\t\t\t\t\t\t\t\t\t\t\t<img decoding=\"async\" width=\"630\" height=\"430\" src=\"https:\/\/brandyourshoes.com\/wp-content\/uploads\/2025\/05\/Brandyourshoes-personalizacion-QUE-FEM_2-2.webp\" class=\"attachment-large size-large wp-image-11785\" alt=\"\" srcset=\"https:\/\/brandyourshoes.com\/wp-content\/uploads\/2025\/05\/Brandyourshoes-personalizacion-QUE-FEM_2-2.webp 630w, https:\/\/brandyourshoes.com\/wp-content\/uploads\/2025\/05\/Brandyourshoes-personalizacion-QUE-FEM_2-2-300x205.webp 300w\" sizes=\"(max-width: 630px) 100vw, 630px\" \/>\t\t\t\t\t\t\t\t\t\t\t\t\t\t\t<\/div>\n\t\t\t\t<\/div>\n\t\t\t\t<\/div>\n\t\t\t\t<\/div>\n\t\t\t\t<div class=\"elementor-element elementor-element-305c893 elementor-widget elementor-widget-text-editor\" data-id=\"305c893\" data-element_type=\"widget\" data-e-type=\"widget\" data-widget_type=\"text-editor.default\">\n\t\t\t\t<div class=\"elementor-widget-container\">\n\t\t\t\t\t\t\t\t\t<p>Wir folgen den neuesten Trends und verwenden die <strong>fortschrittlichsten Personalisierungstechniken<\/strong>. Wir entwerfen exklusive Turnschuhe, die perfekt auf Ihre Markenidentit\u00e4t abgestimmt sind. Lassen Sie sich von unseren Modellen inspirieren, w\u00e4hlen Sie den Stil, der Sie am besten repr\u00e4sentiert und lassen Sie sich von unserem Kreativteam beraten.<\/p>\t\t\t\t\t\t\t\t<\/div>\n\t\t\t\t<\/div>\n\t\t<div class=\"elementor-element elementor-element-7bbb93e e-con-full overflow_hidden e-flex e-con e-child\" data-id=\"7bbb93e\" data-element_type=\"container\" data-e-type=\"container\">\n\t\t<div class=\"elementor-element elementor-element-2d6504c e-con-full e-flex elementor-invisible e-con e-child\" data-id=\"2d6504c\" data-element_type=\"container\" data-e-type=\"container\" data-settings=\"{&quot;animation&quot;:&quot;aux-anim-scale-down&quot;}\">\n\t\t\t\t<div class=\"elementor-element elementor-element-d17ab30 elementor-invisible elementor-widget elementor-widget-image\" data-id=\"d17ab30\" data-element_type=\"widget\" data-e-type=\"widget\" data-settings=\"{&quot;_animation&quot;:&quot;aux-anim-mask-from-left&quot;}\" data-widget_type=\"image.default\">\n\t\t\t\t<div class=\"elementor-widget-container\">\n\t\t\t\t\t\t\t\t\t\t\t\t\t\t\t<img loading=\"lazy\" decoding=\"async\" width=\"630\" height=\"430\" src=\"https:\/\/brandyourshoes.com\/wp-content\/uploads\/2025\/05\/Brandyourshoes-made-in-spain-QUE-FEM_3-2.webp\" class=\"attachment-large size-large wp-image-11770\" alt=\"\" srcset=\"https:\/\/brandyourshoes.com\/wp-content\/uploads\/2025\/05\/Brandyourshoes-made-in-spain-QUE-FEM_3-2.webp 630w, https:\/\/brandyourshoes.com\/wp-content\/uploads\/2025\/05\/Brandyourshoes-made-in-spain-QUE-FEM_3-2-300x205.webp 300w\" sizes=\"(max-width: 630px) 100vw, 630px\" \/>\t\t\t\t\t\t\t\t\t\t\t\t\t\t\t<\/div>\n\t\t\t\t<\/div>\n\t\t\t\t<\/div>\n\t\t\t\t<\/div>\n\t\t\t\t<div class=\"elementor-element elementor-element-5552955 elementor-widget elementor-widget-text-editor\" data-id=\"5552955\" data-element_type=\"widget\" data-e-type=\"widget\" data-widget_type=\"text-editor.default\">\n\t\t\t\t<div class=\"elementor-widget-container\">\n\t\t\t\t\t\t\t\t\tUnsere eigene Herstellung, Made in Spain, mit Experten des Sektors und lokalen Lieferanten. Unsere Materialien sind von h\u00f6chster Qualit\u00e4t, lokal und umweltfreundlich. Aus diesem Grund ist jedes Paar Schuhe das Ergebnis eines bis ins kleinste Detail sorgf\u00e4ltig ausgef\u00fchrten handwerklichen Prozesses.\t\t\t\t\t\t\t\t<\/div>\n\t\t\t\t<\/div>\n\t\t\t\t<div class=\"elementor-element elementor-element-9c93323 elementor-widget elementor-widget-heading\" data-id=\"9c93323\" data-element_type=\"widget\" data-e-type=\"widget\" data-widget_type=\"heading.default\">\n\t\t\t\t<div class=\"elementor-widget-container\">\n\t\t\t\t\t<h2 class=\"elementor-heading-title elementor-size-default\">Wir setzen auf eine verantwortungsvolle Produktion mit fairen Arbeitsbedingungen, die sich der Qualit\u00e4t und Nachhaltigkeit verpflichtet hat<\/h2>\t\t\t\t<\/div>\n\t\t\t\t<\/div>\n\t\t\t\t<\/div>\n\t\t\t\t<\/div>\n\t\t\t\t\t<\/div>\n\t\t\t\t<\/div>\n\t\t\t\t<\/div>\n\t\t","protected":false},"excerpt":{"rendered":"<p>Unser Vertriebsteam oder Ihr Team k\u00f6nnen Ihre Firmenschuhe entwerfen.<\/p>\n","protected":false},"author":1,"featured_media":4307,"parent":0,"menu_order":0,"comment_status":"closed","ping_status":"closed","template":"elementor_header_footer","meta":{"_acf_changed":false,"footnotes":""},"funcionalitat":[],"class_list":["post-2745","page","type-page","status-publish","has-post-thumbnail","hentry"],"acf":[],"yoast_head":"<!-- This site is optimized with the Yoast SEO plugin v27.2 - https:\/\/yoast.com\/product\/yoast-seo-wordpress\/ -->\n<title>Wie k\u00f6nnen Sie Ihre Firmenschuhe entwerfen? - BrandYourShoes<\/title>\n<meta name=\"description\" content=\"Individuelle Herstellung von Firmenschuhe entwerfen. Vom Entwurf bis zur Auslieferung begleitet unser Team jeden Schritt.\" \/>\n<meta name=\"robots\" content=\"index, follow, max-snippet:-1, max-image-preview:large, max-video-preview:-1\" \/>\n<link rel=\"canonical\" href=\"https:\/\/brandyourshoes.com\/de\/funktionsweise-firmenschuhe\/\" \/>\n<meta property=\"og:locale\" content=\"de_DE\" \/>\n<meta property=\"og:type\" content=\"article\" \/>\n<meta property=\"og:title\" content=\"Wie k\u00f6nnen Sie Ihre Firmenschuhe entwerfen? - BrandYourShoes\" \/>\n<meta property=\"og:description\" content=\"Individuelle Herstellung von Firmenschuhe entwerfen. Vom Entwurf bis zur Auslieferung begleitet unser Team jeden Schritt.\" \/>\n<meta property=\"og:url\" content=\"https:\/\/brandyourshoes.com\/de\/funktionsweise-firmenschuhe\/\" \/>\n<meta property=\"og:site_name\" content=\"BrandYourShoes\" \/>\n<meta property=\"article:modified_time\" content=\"2025-07-04T09:35:31+00:00\" \/>\n<meta property=\"og:image\" content=\"https:\/\/brandyourshoes.com\/wp-content\/uploads\/2024\/03\/BYS-how-its-done-4.png\" \/>\n\t<meta property=\"og:image:width\" content=\"131\" \/>\n\t<meta property=\"og:image:height\" content=\"118\" \/>\n\t<meta property=\"og:image:type\" content=\"image\/png\" \/>\n<meta name=\"twitter:card\" content=\"summary_large_image\" \/>\n<meta name=\"twitter:label1\" content=\"Gesch\u00e4tzte Lesezeit\" \/>\n\t<meta name=\"twitter:data1\" content=\"2\u00a0Minuten\" \/>\n<script type=\"application\/ld+json\" class=\"yoast-schema-graph\">{\"@context\":\"https:\/\/schema.org\",\"@graph\":[{\"@type\":\"WebPage\",\"@id\":\"https:\/\/brandyourshoes.com\/de\/funktionsweise-firmenschuhe\/\",\"url\":\"https:\/\/brandyourshoes.com\/de\/funktionsweise-firmenschuhe\/\",\"name\":\"Wie k\u00f6nnen Sie Ihre Firmenschuhe entwerfen? - BrandYourShoes\",\"isPartOf\":{\"@id\":\"https:\/\/brandyourshoes.com\/de\/#website\"},\"primaryImageOfPage\":{\"@id\":\"https:\/\/brandyourshoes.com\/de\/funktionsweise-firmenschuhe\/#primaryimage\"},\"image\":{\"@id\":\"https:\/\/brandyourshoes.com\/de\/funktionsweise-firmenschuhe\/#primaryimage\"},\"thumbnailUrl\":\"https:\/\/brandyourshoes.com\/wp-content\/uploads\/2024\/03\/BYS-how-its-done-4.png\",\"datePublished\":\"2023-07-07T14:14:56+00:00\",\"dateModified\":\"2025-07-04T09:35:31+00:00\",\"description\":\"Individuelle Herstellung von Firmenschuhe entwerfen. Vom Entwurf bis zur Auslieferung begleitet unser Team jeden Schritt.\",\"breadcrumb\":{\"@id\":\"https:\/\/brandyourshoes.com\/de\/funktionsweise-firmenschuhe\/#breadcrumb\"},\"inLanguage\":\"de\",\"potentialAction\":[{\"@type\":\"ReadAction\",\"target\":[\"https:\/\/brandyourshoes.com\/de\/funktionsweise-firmenschuhe\/\"]}]},{\"@type\":\"ImageObject\",\"inLanguage\":\"de\",\"@id\":\"https:\/\/brandyourshoes.com\/de\/funktionsweise-firmenschuhe\/#primaryimage\",\"url\":\"https:\/\/brandyourshoes.com\/wp-content\/uploads\/2024\/03\/BYS-how-its-done-4.png\",\"contentUrl\":\"https:\/\/brandyourshoes.com\/wp-content\/uploads\/2024\/03\/BYS-how-its-done-4.png\",\"width\":131,\"height\":118,\"caption\":\"Firmenschuhe entwerfen. BrandYourShoes\"},{\"@type\":\"BreadcrumbList\",\"@id\":\"https:\/\/brandyourshoes.com\/de\/funktionsweise-firmenschuhe\/#breadcrumb\",\"itemListElement\":[{\"@type\":\"ListItem\",\"position\":1,\"name\":\"Portada\",\"item\":\"https:\/\/brandyourshoes.com\/de\/\"},{\"@type\":\"ListItem\",\"position\":2,\"name\":\"How we create DE\"}]},{\"@type\":\"WebSite\",\"@id\":\"https:\/\/brandyourshoes.com\/de\/#website\",\"url\":\"https:\/\/brandyourshoes.com\/de\/\",\"name\":\"BrandYourShoes\",\"description\":\"Customized Sneakers\",\"publisher\":{\"@id\":\"https:\/\/brandyourshoes.com\/de\/#organization\"},\"potentialAction\":[{\"@type\":\"SearchAction\",\"target\":{\"@type\":\"EntryPoint\",\"urlTemplate\":\"https:\/\/brandyourshoes.com\/de\/?s={search_term_string}\"},\"query-input\":{\"@type\":\"PropertyValueSpecification\",\"valueRequired\":true,\"valueName\":\"search_term_string\"}}],\"inLanguage\":\"de\"},{\"@type\":\"Organization\",\"@id\":\"https:\/\/brandyourshoes.com\/de\/#organization\",\"name\":\"BrandYourShoes\",\"url\":\"https:\/\/brandyourshoes.com\/de\/\",\"logo\":{\"@type\":\"ImageObject\",\"inLanguage\":\"de\",\"@id\":\"https:\/\/brandyourshoes.com\/de\/#\/schema\/logo\/image\/\",\"url\":\"https:\/\/brandyourshoes.com\/wp-content\/uploads\/2024\/02\/logo-horizontal-e1707810262679.png\",\"contentUrl\":\"https:\/\/brandyourshoes.com\/wp-content\/uploads\/2024\/02\/logo-horizontal-e1707810262679.png\",\"width\":292,\"height\":61,\"caption\":\"BrandYourShoes\"},\"image\":{\"@id\":\"https:\/\/brandyourshoes.com\/de\/#\/schema\/logo\/image\/\"}}]}<\/script>\n<!-- \/ Yoast SEO plugin. -->","yoast_head_json":{"title":"Wie k\u00f6nnen Sie Ihre Firmenschuhe entwerfen? - BrandYourShoes","description":"Individuelle Herstellung von Firmenschuhe entwerfen. Vom Entwurf bis zur Auslieferung begleitet unser Team jeden Schritt.","robots":{"index":"index","follow":"follow","max-snippet":"max-snippet:-1","max-image-preview":"max-image-preview:large","max-video-preview":"max-video-preview:-1"},"canonical":"https:\/\/brandyourshoes.com\/de\/funktionsweise-firmenschuhe\/","og_locale":"de_DE","og_type":"article","og_title":"Wie k\u00f6nnen Sie Ihre Firmenschuhe entwerfen? - BrandYourShoes","og_description":"Individuelle Herstellung von Firmenschuhe entwerfen. Vom Entwurf bis zur Auslieferung begleitet unser Team jeden Schritt.","og_url":"https:\/\/brandyourshoes.com\/de\/funktionsweise-firmenschuhe\/","og_site_name":"BrandYourShoes","article_modified_time":"2025-07-04T09:35:31+00:00","og_image":[{"width":131,"height":118,"url":"https:\/\/brandyourshoes.com\/wp-content\/uploads\/2024\/03\/BYS-how-its-done-4.png","type":"image\/png"}],"twitter_card":"summary_large_image","twitter_misc":{"Gesch\u00e4tzte Lesezeit":"2\u00a0Minuten"},"schema":{"@context":"https:\/\/schema.org","@graph":[{"@type":"WebPage","@id":"https:\/\/brandyourshoes.com\/de\/funktionsweise-firmenschuhe\/","url":"https:\/\/brandyourshoes.com\/de\/funktionsweise-firmenschuhe\/","name":"Wie k\u00f6nnen Sie Ihre Firmenschuhe entwerfen? - BrandYourShoes","isPartOf":{"@id":"https:\/\/brandyourshoes.com\/de\/#website"},"primaryImageOfPage":{"@id":"https:\/\/brandyourshoes.com\/de\/funktionsweise-firmenschuhe\/#primaryimage"},"image":{"@id":"https:\/\/brandyourshoes.com\/de\/funktionsweise-firmenschuhe\/#primaryimage"},"thumbnailUrl":"https:\/\/brandyourshoes.com\/wp-content\/uploads\/2024\/03\/BYS-how-its-done-4.png","datePublished":"2023-07-07T14:14:56+00:00","dateModified":"2025-07-04T09:35:31+00:00","description":"Individuelle Herstellung von Firmenschuhe entwerfen. Vom Entwurf bis zur Auslieferung begleitet unser Team jeden Schritt.","breadcrumb":{"@id":"https:\/\/brandyourshoes.com\/de\/funktionsweise-firmenschuhe\/#breadcrumb"},"inLanguage":"de","potentialAction":[{"@type":"ReadAction","target":["https:\/\/brandyourshoes.com\/de\/funktionsweise-firmenschuhe\/"]}]},{"@type":"ImageObject","inLanguage":"de","@id":"https:\/\/brandyourshoes.com\/de\/funktionsweise-firmenschuhe\/#primaryimage","url":"https:\/\/brandyourshoes.com\/wp-content\/uploads\/2024\/03\/BYS-how-its-done-4.png","contentUrl":"https:\/\/brandyourshoes.com\/wp-content\/uploads\/2024\/03\/BYS-how-its-done-4.png","width":131,"height":118,"caption":"Firmenschuhe entwerfen. BrandYourShoes"},{"@type":"BreadcrumbList","@id":"https:\/\/brandyourshoes.com\/de\/funktionsweise-firmenschuhe\/#breadcrumb","itemListElement":[{"@type":"ListItem","position":1,"name":"Portada","item":"https:\/\/brandyourshoes.com\/de\/"},{"@type":"ListItem","position":2,"name":"How we create DE"}]},{"@type":"WebSite","@id":"https:\/\/brandyourshoes.com\/de\/#website","url":"https:\/\/brandyourshoes.com\/de\/","name":"BrandYourShoes","description":"Customized Sneakers","publisher":{"@id":"https:\/\/brandyourshoes.com\/de\/#organization"},"potentialAction":[{"@type":"SearchAction","target":{"@type":"EntryPoint","urlTemplate":"https:\/\/brandyourshoes.com\/de\/?s={search_term_string}"},"query-input":{"@type":"PropertyValueSpecification","valueRequired":true,"valueName":"search_term_string"}}],"inLanguage":"de"},{"@type":"Organization","@id":"https:\/\/brandyourshoes.com\/de\/#organization","name":"BrandYourShoes","url":"https:\/\/brandyourshoes.com\/de\/","logo":{"@type":"ImageObject","inLanguage":"de","@id":"https:\/\/brandyourshoes.com\/de\/#\/schema\/logo\/image\/","url":"https:\/\/brandyourshoes.com\/wp-content\/uploads\/2024\/02\/logo-horizontal-e1707810262679.png","contentUrl":"https:\/\/brandyourshoes.com\/wp-content\/uploads\/2024\/02\/logo-horizontal-e1707810262679.png","width":292,"height":61,"caption":"BrandYourShoes"},"image":{"@id":"https:\/\/brandyourshoes.com\/de\/#\/schema\/logo\/image\/"}}]}},"_links":{"self":[{"href":"https:\/\/brandyourshoes.com\/de\/wp-json\/wp\/v2\/pages\/2745","targetHints":{"allow":["GET"]}}],"collection":[{"href":"https:\/\/brandyourshoes.com\/de\/wp-json\/wp\/v2\/pages"}],"about":[{"href":"https:\/\/brandyourshoes.com\/de\/wp-json\/wp\/v2\/types\/page"}],"author":[{"embeddable":true,"href":"https:\/\/brandyourshoes.com\/de\/wp-json\/wp\/v2\/users\/1"}],"replies":[{"embeddable":true,"href":"https:\/\/brandyourshoes.com\/de\/wp-json\/wp\/v2\/comments?post=2745"}],"version-history":[{"count":0,"href":"https:\/\/brandyourshoes.com\/de\/wp-json\/wp\/v2\/pages\/2745\/revisions"}],"wp:featuredmedia":[{"embeddable":true,"href":"https:\/\/brandyourshoes.com\/de\/wp-json\/wp\/v2\/media\/4307"}],"wp:attachment":[{"href":"https:\/\/brandyourshoes.com\/de\/wp-json\/wp\/v2\/media?parent=2745"}],"wp:term":[{"taxonomy":"funcionalitat","embeddable":true,"href":"https:\/\/brandyourshoes.com\/de\/wp-json\/wp\/v2\/funcionalitat?post=2745"}],"curies":[{"name":"wp","href":"https:\/\/api.w.org\/{rel}","templated":true}]}}