{"id":16246,"date":"2025-05-16T09:14:02","date_gmt":"2025-05-16T09:14:02","guid":{"rendered":"https:\/\/brandyourshoes.com\/?page_id=16246"},"modified":"2025-07-16T13:31:37","modified_gmt":"2025-07-16T13:31:37","slug":"projekte","status":"publish","type":"page","link":"https:\/\/brandyourshoes.com\/de\/projekte\/","title":{"rendered":"Projects DE"},"content":{"rendered":"\t\t<div data-elementor-type=\"wp-page\" data-elementor-id=\"16246\" class=\"elementor elementor-16246 elementor-7845\" data-elementor-post-type=\"page\">\n\t\t\t\t<div class=\"elementor-element elementor-element-07b44d6 e-flex e-con-boxed e-con e-parent\" data-id=\"07b44d6\" data-element_type=\"container\" data-e-type=\"container\">\n\t\t\t\t\t<div class=\"e-con-inner\">\n\t\t\t\t<div class=\"elementor-element elementor-element-18f0f31 elementor-invisible elementor-widget elementor-widget-heading\" data-id=\"18f0f31\" data-element_type=\"widget\" data-e-type=\"widget\" data-settings=\"{&quot;_animation&quot;:&quot;fadeInUp&quot;}\" data-widget_type=\"heading.default\">\n\t\t\t\t<div class=\"elementor-widget-container\">\n\t\t\t\t\t<p class=\"elementor-heading-title elementor-size-default\">TRACE YOUR STORY<\/p>\t\t\t\t<\/div>\n\t\t\t\t<\/div>\n\t\t\t\t<div class=\"elementor-element elementor-element-3017d24 elementor-widget elementor-widget-heading\" data-id=\"3017d24\" data-element_type=\"widget\" data-e-type=\"widget\" data-widget_type=\"heading.default\">\n\t\t\t\t<div class=\"elementor-widget-container\">\n\t\t\t\t\t<h2 class=\"elementor-heading-title elementor-size-default\">Finden Sie die ideale L\u00f6sung zur F\u00f6rderung Ihrer Marke<\/h2>\t\t\t\t<\/div>\n\t\t\t\t<\/div>\n\t\t<div class=\"elementor-element elementor-element-d97d865 e-grid e-con-full e-con e-child\" data-id=\"d97d865\" data-element_type=\"container\" data-e-type=\"container\">\n\t\t<div class=\"elementor-element elementor-element-2f45620 e-con-full overflow_hidden e-flex elementor-invisible e-con e-child\" data-id=\"2f45620\" data-element_type=\"container\" data-e-type=\"container\" data-settings=\"{&quot;animation&quot;:&quot;aux-anim-mask-from-left&quot;}\">\n\t\t\t\t<div class=\"elementor-element elementor-element-da05d5b elementor-invisible elementor-widget elementor-widget-image\" data-id=\"da05d5b\" data-element_type=\"widget\" data-e-type=\"widget\" data-settings=\"{&quot;_animation&quot;:&quot;aux-anim-scale-down&quot;}\" data-widget_type=\"image.default\">\n\t\t\t\t<div class=\"elementor-widget-container\">\n\t\t\t\t\t\t\t\t\t\t\t\t\t\t\t\t<a href=\"https:\/\/brandyourshoes.com\/workwear\/\">\n\t\t\t\t\t\t\t<img fetchpriority=\"high\" decoding=\"async\" width=\"858\" height=\"572\" src=\"https:\/\/brandyourshoes.com\/wp-content\/uploads\/2025\/05\/Portada_UNIFORMES-2.webp\" class=\"attachment-large size-large wp-image-12100\" alt=\"\" srcset=\"https:\/\/brandyourshoes.com\/wp-content\/uploads\/2025\/05\/Portada_UNIFORMES-2.webp 858w, https:\/\/brandyourshoes.com\/wp-content\/uploads\/2025\/05\/Portada_UNIFORMES-2-300x200.webp 300w, https:\/\/brandyourshoes.com\/wp-content\/uploads\/2025\/05\/Portada_UNIFORMES-2-768x512.webp 768w\" sizes=\"(max-width: 858px) 100vw, 858px\" \/>\t\t\t\t\t\t\t\t<\/a>\n\t\t\t\t\t\t\t\t\t\t\t\t\t\t\t<\/div>\n\t\t\t\t<\/div>\n\t\t\t\t<div class=\"elementor-element elementor-element-50187e0 elementor-widget__width-inherit elementor-widget elementor-widget-heading\" data-id=\"50187e0\" data-element_type=\"widget\" data-e-type=\"widget\" data-widget_type=\"heading.default\">\n\t\t\t\t<div class=\"elementor-widget-container\">\n\t\t\t\t\t<h2 class=\"elementor-heading-title elementor-size-default\">UNIFORMEN<\/h2>\t\t\t\t<\/div>\n\t\t\t\t<\/div>\n\t\t<div class=\"elementor-element elementor-element-f397aa4 e-con-full e-flex e-con e-child\" data-id=\"f397aa4\" data-element_type=\"container\" data-e-type=\"container\">\n\t\t\t\t<div class=\"elementor-element elementor-element-b911190 elementor-widget__width-auto elementor-widget elementor-widget-heading\" data-id=\"b911190\" data-element_type=\"widget\" data-e-type=\"widget\" data-widget_type=\"heading.default\">\n\t\t\t\t<div class=\"elementor-widget-container\">\n\t\t\t\t\t<h2 class=\"elementor-heading-title elementor-size-default\"><a href=\"https:\/\/brandyourshoes.com\/workwear\/\">MEHR ENTDECKEN <img class=\"fletxa_apunta_dalt_dreta\" \/><\/a><\/h2>\t\t\t\t<\/div>\n\t\t\t\t<\/div>\n\t\t\t\t<\/div>\n\t\t\t\t<\/div>\n\t\t<div class=\"elementor-element elementor-element-c189c7d e-con-full overflow_hidden e-flex elementor-invisible e-con e-child\" data-id=\"c189c7d\" data-element_type=\"container\" data-e-type=\"container\" data-settings=\"{&quot;animation&quot;:&quot;aux-anim-mask-from-left&quot;}\">\n\t\t\t\t<div class=\"elementor-element elementor-element-ccae3cb elementor-invisible elementor-widget elementor-widget-image\" data-id=\"ccae3cb\" data-element_type=\"widget\" data-e-type=\"widget\" data-settings=\"{&quot;_animation&quot;:&quot;aux-anim-scale-down&quot;}\" data-widget_type=\"image.default\">\n\t\t\t\t<div class=\"elementor-widget-container\">\n\t\t\t\t\t\t\t\t\t\t\t\t\t\t\t\t<a href=\"https:\/\/brandyourshoes.com\/trade-shows-exhibitions-2\/\">\n\t\t\t\t\t\t\t<img decoding=\"async\" width=\"858\" height=\"572\" src=\"https:\/\/brandyourshoes.com\/wp-content\/uploads\/2025\/05\/Portada_FIRES-I-ESDEVENIMENTS-2.webp\" class=\"attachment-large size-large wp-image-12090\" alt=\"\" srcset=\"https:\/\/brandyourshoes.com\/wp-content\/uploads\/2025\/05\/Portada_FIRES-I-ESDEVENIMENTS-2.webp 858w, https:\/\/brandyourshoes.com\/wp-content\/uploads\/2025\/05\/Portada_FIRES-I-ESDEVENIMENTS-2-300x200.webp 300w, https:\/\/brandyourshoes.com\/wp-content\/uploads\/2025\/05\/Portada_FIRES-I-ESDEVENIMENTS-2-768x512.webp 768w\" sizes=\"(max-width: 858px) 100vw, 858px\" \/>\t\t\t\t\t\t\t\t<\/a>\n\t\t\t\t\t\t\t\t\t\t\t\t\t\t\t<\/div>\n\t\t\t\t<\/div>\n\t\t\t\t<div class=\"elementor-element elementor-element-69a8aac elementor-widget__width-inherit elementor-widget elementor-widget-heading\" data-id=\"69a8aac\" data-element_type=\"widget\" data-e-type=\"widget\" data-widget_type=\"heading.default\">\n\t\t\t\t<div class=\"elementor-widget-container\">\n\t\t\t\t\t<h2 class=\"elementor-heading-title elementor-size-default\">MESSEN UND VERANSTALTUNGEN<\/h2>\t\t\t\t<\/div>\n\t\t\t\t<\/div>\n\t\t<div class=\"elementor-element elementor-element-c479d0c e-con-full e-flex e-con e-child\" data-id=\"c479d0c\" data-element_type=\"container\" data-e-type=\"container\">\n\t\t\t\t<div class=\"elementor-element elementor-element-1258e17 elementor-widget__width-auto elementor-widget elementor-widget-heading\" data-id=\"1258e17\" data-element_type=\"widget\" data-e-type=\"widget\" data-widget_type=\"heading.default\">\n\t\t\t\t<div class=\"elementor-widget-container\">\n\t\t\t\t\t<h2 class=\"elementor-heading-title elementor-size-default\"><a href=\"https:\/\/brandyourshoes.com\/trade-shows-exhibitions-2\/\">MEHR ENTDECKEN <img class=\"fletxa_apunta_dalt_dreta\" \/><\/a><\/h2>\t\t\t\t<\/div>\n\t\t\t\t<\/div>\n\t\t\t\t<\/div>\n\t\t\t\t<\/div>\n\t\t<div class=\"elementor-element elementor-element-434fc32 e-con-full overflow_hidden e-flex e-con e-child\" data-id=\"434fc32\" data-element_type=\"container\" data-e-type=\"container\">\n\t\t\t\t<div class=\"elementor-element elementor-element-609686a tp_text_invert_middle grey_to_black elementor-widget elementor-widget-heading\" data-id=\"609686a\" data-element_type=\"widget\" data-e-type=\"widget\" data-widget_type=\"heading.default\">\n\t\t\t\t<div class=\"elementor-widget-container\">\n\t\t\t\t\t<h2 class=\"elementor-heading-title elementor-size-default\">\u00c4u\u00dfern Sie sich, inspirieren Sie, gehen Sie zielstrebig voran.<\/h2>\t\t\t\t<\/div>\n\t\t\t\t<\/div>\n\t\t\t\t<\/div>\n\t\t<div class=\"elementor-element elementor-element-07535c8 e-con-full overflow_hidden e-flex elementor-invisible e-con e-child\" data-id=\"07535c8\" data-element_type=\"container\" data-e-type=\"container\" data-settings=\"{&quot;animation&quot;:&quot;aux-anim-mask-from-left&quot;}\">\n\t\t\t\t<div class=\"elementor-element elementor-element-fa723f2 elementor-invisible elementor-widget elementor-widget-image\" data-id=\"fa723f2\" data-element_type=\"widget\" data-e-type=\"widget\" data-settings=\"{&quot;_animation&quot;:&quot;aux-anim-scale-down&quot;}\" data-widget_type=\"image.default\">\n\t\t\t\t<div class=\"elementor-widget-container\">\n\t\t\t\t\t\t\t\t\t\t\t\t<figure class=\"wp-caption\">\n\t\t\t\t\t\t\t\t\t\t\t<a href=\"https:\/\/brandyourshoes.com\/marketing-promotion\/\">\n\t\t\t\t\t\t\t<img decoding=\"async\" width=\"1500\" height=\"1000\" src=\"https:\/\/brandyourshoes.com\/wp-content\/uploads\/2025\/07\/Portada_MARQUETING_PROMOCIO_PRODUCTE-2-copia.webp\" class=\"attachment-large size-large wp-image-16940\" alt=\"\" \/>\t\t\t\t\t\t\t\t<\/a>\n\t\t\t\t\t\t\t\t\t\t\t<figcaption class=\"widget-image-caption wp-caption-text\"><\/figcaption>\n\t\t\t\t\t\t\t\t\t\t<\/figure>\n\t\t\t\t\t\t\t\t\t<\/div>\n\t\t\t\t<\/div>\n\t\t\t\t<div class=\"elementor-element elementor-element-ef44fc2 elementor-widget__width-inherit elementor-widget elementor-widget-heading\" data-id=\"ef44fc2\" data-element_type=\"widget\" data-e-type=\"widget\" data-widget_type=\"heading.default\">\n\t\t\t\t<div class=\"elementor-widget-container\">\n\t\t\t\t\t<h2 class=\"elementor-heading-title elementor-size-default\">MARKETING UND PRODUKTF\u00d6RDERUNG<\/h2>\t\t\t\t<\/div>\n\t\t\t\t<\/div>\n\t\t<div class=\"elementor-element elementor-element-7ba97ad e-con-full e-flex e-con e-child\" data-id=\"7ba97ad\" data-element_type=\"container\" data-e-type=\"container\">\n\t\t\t\t<div class=\"elementor-element elementor-element-63c715e elementor-widget__width-auto elementor-widget elementor-widget-heading\" data-id=\"63c715e\" data-element_type=\"widget\" data-e-type=\"widget\" data-widget_type=\"heading.default\">\n\t\t\t\t<div class=\"elementor-widget-container\">\n\t\t\t\t\t<h2 class=\"elementor-heading-title elementor-size-default\"><a href=\"https:\/\/brandyourshoes.com\/marketing-promotion\/\">MEHR ENTDECKEN <img class=\"fletxa_apunta_dalt_dreta\" \/><\/a><\/h2>\t\t\t\t<\/div>\n\t\t\t\t<\/div>\n\t\t\t\t<\/div>\n\t\t\t\t<\/div>\n\t\t<div class=\"elementor-element elementor-element-9f872c3 e-con-full overflow_hidden e-flex elementor-invisible e-con e-child\" data-id=\"9f872c3\" data-element_type=\"container\" data-e-type=\"container\" data-settings=\"{&quot;animation&quot;:&quot;aux-anim-mask-from-left&quot;}\">\n\t\t\t\t<div class=\"elementor-element elementor-element-827be6f elementor-invisible elementor-widget elementor-widget-image\" data-id=\"827be6f\" data-element_type=\"widget\" data-e-type=\"widget\" data-settings=\"{&quot;_animation&quot;:&quot;aux-anim-scale-down&quot;}\" data-widget_type=\"image.default\">\n\t\t\t\t<div class=\"elementor-widget-container\">\n\t\t\t\t\t\t\t\t\t\t\t\t\t\t\t\t<a href=\"https:\/\/brandyourshoes.com\/branding-merchandise-2\/\">\n\t\t\t\t\t\t\t<img loading=\"lazy\" decoding=\"async\" width=\"858\" height=\"572\" src=\"https:\/\/brandyourshoes.com\/wp-content\/uploads\/2025\/05\/Portada_BRANDING-MERCHAN-2.webp\" class=\"attachment-large size-large wp-image-12085\" alt=\"\" srcset=\"https:\/\/brandyourshoes.com\/wp-content\/uploads\/2025\/05\/Portada_BRANDING-MERCHAN-2.webp 858w, https:\/\/brandyourshoes.com\/wp-content\/uploads\/2025\/05\/Portada_BRANDING-MERCHAN-2-300x200.webp 300w, https:\/\/brandyourshoes.com\/wp-content\/uploads\/2025\/05\/Portada_BRANDING-MERCHAN-2-768x512.webp 768w\" sizes=\"(max-width: 858px) 100vw, 858px\" \/>\t\t\t\t\t\t\t\t<\/a>\n\t\t\t\t\t\t\t\t\t\t\t\t\t\t\t<\/div>\n\t\t\t\t<\/div>\n\t\t\t\t<div class=\"elementor-element elementor-element-42fa08b elementor-widget__width-inherit elementor-widget elementor-widget-heading\" data-id=\"42fa08b\" data-element_type=\"widget\" data-e-type=\"widget\" data-widget_type=\"heading.default\">\n\t\t\t\t<div class=\"elementor-widget-container\">\n\t\t\t\t\t<h2 class=\"elementor-heading-title elementor-size-default\">BRANDING UND MERCHANDISING<\/h2>\t\t\t\t<\/div>\n\t\t\t\t<\/div>\n\t\t<div class=\"elementor-element elementor-element-739ff36 e-con-full e-flex e-con e-child\" data-id=\"739ff36\" data-element_type=\"container\" data-e-type=\"container\">\n\t\t\t\t<div class=\"elementor-element elementor-element-935c714 elementor-widget__width-auto elementor-widget elementor-widget-heading\" data-id=\"935c714\" data-element_type=\"widget\" data-e-type=\"widget\" data-widget_type=\"heading.default\">\n\t\t\t\t<div class=\"elementor-widget-container\">\n\t\t\t\t\t<h2 class=\"elementor-heading-title elementor-size-default\"><a href=\"https:\/\/brandyourshoes.com\/branding-merchandise-2\/\">MEHR ENTDECKEN <img class=\"fletxa_apunta_dalt_dreta\" \/><\/a><\/h2>\t\t\t\t<\/div>\n\t\t\t\t<\/div>\n\t\t\t\t<\/div>\n\t\t\t\t<\/div>\n\t\t<div class=\"elementor-element elementor-element-0b40222 e-con-full overflow_hidden e-flex elementor-invisible e-con e-child\" data-id=\"0b40222\" data-element_type=\"container\" data-e-type=\"container\" data-settings=\"{&quot;animation&quot;:&quot;aux-anim-mask-from-left&quot;}\">\n\t\t\t\t<div class=\"elementor-element elementor-element-d82914b elementor-invisible elementor-widget elementor-widget-image\" data-id=\"d82914b\" data-element_type=\"widget\" data-e-type=\"widget\" data-settings=\"{&quot;_animation&quot;:&quot;aux-anim-scale-down&quot;}\" data-widget_type=\"image.default\">\n\t\t\t\t<div class=\"elementor-widget-container\">\n\t\t\t\t\t\t\t\t\t\t\t\t\t\t\t\t<a href=\"https:\/\/brandyourshoes.com\/team-gifts-incentives-2\/\">\n\t\t\t\t\t\t\t<img loading=\"lazy\" decoding=\"async\" width=\"858\" height=\"572\" src=\"https:\/\/brandyourshoes.com\/wp-content\/uploads\/2025\/05\/Porada_EQUIP_REGALS_INCENTIUS-2.webp\" class=\"attachment-large size-large wp-image-12080\" alt=\"\" srcset=\"https:\/\/brandyourshoes.com\/wp-content\/uploads\/2025\/05\/Porada_EQUIP_REGALS_INCENTIUS-2.webp 858w, https:\/\/brandyourshoes.com\/wp-content\/uploads\/2025\/05\/Porada_EQUIP_REGALS_INCENTIUS-2-300x200.webp 300w, https:\/\/brandyourshoes.com\/wp-content\/uploads\/2025\/05\/Porada_EQUIP_REGALS_INCENTIUS-2-768x512.webp 768w\" sizes=\"(max-width: 858px) 100vw, 858px\" \/>\t\t\t\t\t\t\t\t<\/a>\n\t\t\t\t\t\t\t\t\t\t\t\t\t\t\t<\/div>\n\t\t\t\t<\/div>\n\t\t\t\t<div class=\"elementor-element elementor-element-73e0d14 elementor-widget__width-inherit elementor-widget elementor-widget-heading\" data-id=\"73e0d14\" data-element_type=\"widget\" data-e-type=\"widget\" data-widget_type=\"heading.default\">\n\t\t\t\t<div class=\"elementor-widget-container\">\n\t\t\t\t\t<h2 class=\"elementor-heading-title elementor-size-default\">EQUIPMENT, GESCHENKE UND ANREIZE<\/h2>\t\t\t\t<\/div>\n\t\t\t\t<\/div>\n\t\t<div class=\"elementor-element elementor-element-9e70fa6 e-con-full e-flex e-con e-child\" data-id=\"9e70fa6\" data-element_type=\"container\" data-e-type=\"container\">\n\t\t\t\t<div class=\"elementor-element elementor-element-0d4c57c elementor-widget__width-auto elementor-widget elementor-widget-heading\" data-id=\"0d4c57c\" data-element_type=\"widget\" data-e-type=\"widget\" data-widget_type=\"heading.default\">\n\t\t\t\t<div class=\"elementor-widget-container\">\n\t\t\t\t\t<h2 class=\"elementor-heading-title elementor-size-default\"><a href=\"https:\/\/brandyourshoes.com\/team-gifts-incentives-2\/\">MEHR ENTDECKEN <img class=\"fletxa_apunta_dalt_dreta\" \/><\/a><\/h2>\t\t\t\t<\/div>\n\t\t\t\t<\/div>\n\t\t\t\t<\/div>\n\t\t\t\t<\/div>\n\t\t\t\t<\/div>\n\t\t\t\t\t<\/div>\n\t\t\t\t<\/div>\n\t\t\t\t<\/div>\n\t\t","protected":false},"excerpt":{"rendered":"<p>TRACE YOUR STORY Finden Sie die ideale L\u00f6sung zur F\u00f6rderung Ihrer Marke UNIFORMEN MEHR ENTDECKEN MESSEN UND VERANSTALTUNGEN MEHR ENTDECKEN \u00c4u\u00dfern Sie sich, inspirieren Sie, gehen Sie zielstrebig voran. MARKETING UND PRODUKTF\u00d6RDERUNG MEHR ENTDECKEN BRANDING UND MERCHANDISING MEHR ENTDECKEN EQUIPMENT, GESCHENKE UND ANREIZE MEHR ENTDECKEN<\/p>\n","protected":false},"author":1,"featured_media":0,"parent":0,"menu_order":0,"comment_status":"closed","ping_status":"closed","template":"elementor_header_footer","meta":{"_acf_changed":false,"footnotes":""},"funcionalitat":[],"class_list":["post-16246","page","type-page","status-publish","hentry"],"acf":[],"yoast_head":"<!-- This site is optimized with the Yoast SEO plugin v27.2 - https:\/\/yoast.com\/product\/yoast-seo-wordpress\/ -->\n<title>Projekte - BrandYourShoes<\/title>\n<meta name=\"robots\" content=\"index, follow, max-snippet:-1, max-image-preview:large, max-video-preview:-1\" \/>\n<link rel=\"canonical\" href=\"https:\/\/brandyourshoes.com\/de\/projekte\/\" \/>\n<meta property=\"og:locale\" content=\"de_DE\" \/>\n<meta property=\"og:type\" content=\"article\" \/>\n<meta property=\"og:title\" content=\"Projekte - BrandYourShoes\" \/>\n<meta property=\"og:description\" content=\"TRACE YOUR STORY Finden Sie die ideale L\u00f6sung zur F\u00f6rderung Ihrer Marke UNIFORMEN MEHR ENTDECKEN MESSEN UND VERANSTALTUNGEN MEHR ENTDECKEN \u00c4u\u00dfern Sie sich, inspirieren Sie, gehen Sie zielstrebig voran. MARKETING UND PRODUKTF\u00d6RDERUNG MEHR ENTDECKEN BRANDING UND MERCHANDISING MEHR ENTDECKEN EQUIPMENT, GESCHENKE UND ANREIZE MEHR ENTDECKEN\" \/>\n<meta property=\"og:url\" content=\"https:\/\/brandyourshoes.com\/de\/projekte\/\" \/>\n<meta property=\"og:site_name\" content=\"BrandYourShoes\" \/>\n<meta property=\"article:modified_time\" content=\"2025-07-16T13:31:37+00:00\" \/>\n<meta property=\"og:image\" content=\"https:\/\/brandyourshoes.com\/wp-content\/uploads\/2025\/05\/Portada_UNIFORMES-2.webp\" \/>\n\t<meta property=\"og:image:width\" content=\"858\" \/>\n\t<meta property=\"og:image:height\" content=\"572\" \/>\n\t<meta property=\"og:image:type\" content=\"image\/webp\" \/>\n<meta name=\"twitter:card\" content=\"summary_large_image\" \/>\n<meta name=\"twitter:label1\" content=\"Gesch\u00e4tzte Lesezeit\" \/>\n\t<meta name=\"twitter:data1\" content=\"3\u00a0Minuten\" \/>\n<script type=\"application\/ld+json\" class=\"yoast-schema-graph\">{\"@context\":\"https:\/\/schema.org\",\"@graph\":[{\"@type\":\"WebPage\",\"@id\":\"https:\/\/brandyourshoes.com\/de\/projekte\/\",\"url\":\"https:\/\/brandyourshoes.com\/de\/projekte\/\",\"name\":\"Projekte - BrandYourShoes\",\"isPartOf\":{\"@id\":\"https:\/\/brandyourshoes.com\/de\/#website\"},\"primaryImageOfPage\":{\"@id\":\"https:\/\/brandyourshoes.com\/de\/projekte\/#primaryimage\"},\"image\":{\"@id\":\"https:\/\/brandyourshoes.com\/de\/projekte\/#primaryimage\"},\"thumbnailUrl\":\"https:\/\/brandyourshoes.com\/wp-content\/uploads\/2025\/05\/Portada_UNIFORMES-2.webp\",\"datePublished\":\"2025-05-16T09:14:02+00:00\",\"dateModified\":\"2025-07-16T13:31:37+00:00\",\"breadcrumb\":{\"@id\":\"https:\/\/brandyourshoes.com\/de\/projekte\/#breadcrumb\"},\"inLanguage\":\"de\",\"potentialAction\":[{\"@type\":\"ReadAction\",\"target\":[\"https:\/\/brandyourshoes.com\/de\/projekte\/\"]}]},{\"@type\":\"ImageObject\",\"inLanguage\":\"de\",\"@id\":\"https:\/\/brandyourshoes.com\/de\/projekte\/#primaryimage\",\"url\":\"https:\/\/brandyourshoes.com\/wp-content\/uploads\/2025\/05\/Portada_UNIFORMES-2.webp\",\"contentUrl\":\"https:\/\/brandyourshoes.com\/wp-content\/uploads\/2025\/05\/Portada_UNIFORMES-2.webp\"},{\"@type\":\"BreadcrumbList\",\"@id\":\"https:\/\/brandyourshoes.com\/de\/projekte\/#breadcrumb\",\"itemListElement\":[{\"@type\":\"ListItem\",\"position\":1,\"name\":\"Portada\",\"item\":\"https:\/\/brandyourshoes.com\/de\/\"},{\"@type\":\"ListItem\",\"position\":2,\"name\":\"Projects DE\"}]},{\"@type\":\"WebSite\",\"@id\":\"https:\/\/brandyourshoes.com\/de\/#website\",\"url\":\"https:\/\/brandyourshoes.com\/de\/\",\"name\":\"BrandYourShoes\",\"description\":\"Customized Sneakers\",\"publisher\":{\"@id\":\"https:\/\/brandyourshoes.com\/de\/#organization\"},\"potentialAction\":[{\"@type\":\"SearchAction\",\"target\":{\"@type\":\"EntryPoint\",\"urlTemplate\":\"https:\/\/brandyourshoes.com\/de\/?s={search_term_string}\"},\"query-input\":{\"@type\":\"PropertyValueSpecification\",\"valueRequired\":true,\"valueName\":\"search_term_string\"}}],\"inLanguage\":\"de\"},{\"@type\":\"Organization\",\"@id\":\"https:\/\/brandyourshoes.com\/de\/#organization\",\"name\":\"BrandYourShoes\",\"url\":\"https:\/\/brandyourshoes.com\/de\/\",\"logo\":{\"@type\":\"ImageObject\",\"inLanguage\":\"de\",\"@id\":\"https:\/\/brandyourshoes.com\/de\/#\/schema\/logo\/image\/\",\"url\":\"https:\/\/brandyourshoes.com\/wp-content\/uploads\/2024\/02\/logo-horizontal-e1707810262679.png\",\"contentUrl\":\"https:\/\/brandyourshoes.com\/wp-content\/uploads\/2024\/02\/logo-horizontal-e1707810262679.png\",\"width\":292,\"height\":61,\"caption\":\"BrandYourShoes\"},\"image\":{\"@id\":\"https:\/\/brandyourshoes.com\/de\/#\/schema\/logo\/image\/\"}}]}<\/script>\n<!-- \/ Yoast SEO plugin. -->","yoast_head_json":{"title":"Projekte - BrandYourShoes","robots":{"index":"index","follow":"follow","max-snippet":"max-snippet:-1","max-image-preview":"max-image-preview:large","max-video-preview":"max-video-preview:-1"},"canonical":"https:\/\/brandyourshoes.com\/de\/projekte\/","og_locale":"de_DE","og_type":"article","og_title":"Projekte - BrandYourShoes","og_description":"TRACE YOUR STORY Finden Sie die ideale L\u00f6sung zur F\u00f6rderung Ihrer Marke UNIFORMEN MEHR ENTDECKEN MESSEN UND VERANSTALTUNGEN MEHR ENTDECKEN \u00c4u\u00dfern Sie sich, inspirieren Sie, gehen Sie zielstrebig voran. MARKETING UND PRODUKTF\u00d6RDERUNG MEHR ENTDECKEN BRANDING UND MERCHANDISING MEHR ENTDECKEN EQUIPMENT, GESCHENKE UND ANREIZE MEHR ENTDECKEN","og_url":"https:\/\/brandyourshoes.com\/de\/projekte\/","og_site_name":"BrandYourShoes","article_modified_time":"2025-07-16T13:31:37+00:00","og_image":[{"width":858,"height":572,"url":"https:\/\/brandyourshoes.com\/wp-content\/uploads\/2025\/05\/Portada_UNIFORMES-2.webp","type":"image\/webp"}],"twitter_card":"summary_large_image","twitter_misc":{"Gesch\u00e4tzte Lesezeit":"3\u00a0Minuten"},"schema":{"@context":"https:\/\/schema.org","@graph":[{"@type":"WebPage","@id":"https:\/\/brandyourshoes.com\/de\/projekte\/","url":"https:\/\/brandyourshoes.com\/de\/projekte\/","name":"Projekte - BrandYourShoes","isPartOf":{"@id":"https:\/\/brandyourshoes.com\/de\/#website"},"primaryImageOfPage":{"@id":"https:\/\/brandyourshoes.com\/de\/projekte\/#primaryimage"},"image":{"@id":"https:\/\/brandyourshoes.com\/de\/projekte\/#primaryimage"},"thumbnailUrl":"https:\/\/brandyourshoes.com\/wp-content\/uploads\/2025\/05\/Portada_UNIFORMES-2.webp","datePublished":"2025-05-16T09:14:02+00:00","dateModified":"2025-07-16T13:31:37+00:00","breadcrumb":{"@id":"https:\/\/brandyourshoes.com\/de\/projekte\/#breadcrumb"},"inLanguage":"de","potentialAction":[{"@type":"ReadAction","target":["https:\/\/brandyourshoes.com\/de\/projekte\/"]}]},{"@type":"ImageObject","inLanguage":"de","@id":"https:\/\/brandyourshoes.com\/de\/projekte\/#primaryimage","url":"https:\/\/brandyourshoes.com\/wp-content\/uploads\/2025\/05\/Portada_UNIFORMES-2.webp","contentUrl":"https:\/\/brandyourshoes.com\/wp-content\/uploads\/2025\/05\/Portada_UNIFORMES-2.webp"},{"@type":"BreadcrumbList","@id":"https:\/\/brandyourshoes.com\/de\/projekte\/#breadcrumb","itemListElement":[{"@type":"ListItem","position":1,"name":"Portada","item":"https:\/\/brandyourshoes.com\/de\/"},{"@type":"ListItem","position":2,"name":"Projects DE"}]},{"@type":"WebSite","@id":"https:\/\/brandyourshoes.com\/de\/#website","url":"https:\/\/brandyourshoes.com\/de\/","name":"BrandYourShoes","description":"Customized Sneakers","publisher":{"@id":"https:\/\/brandyourshoes.com\/de\/#organization"},"potentialAction":[{"@type":"SearchAction","target":{"@type":"EntryPoint","urlTemplate":"https:\/\/brandyourshoes.com\/de\/?s={search_term_string}"},"query-input":{"@type":"PropertyValueSpecification","valueRequired":true,"valueName":"search_term_string"}}],"inLanguage":"de"},{"@type":"Organization","@id":"https:\/\/brandyourshoes.com\/de\/#organization","name":"BrandYourShoes","url":"https:\/\/brandyourshoes.com\/de\/","logo":{"@type":"ImageObject","inLanguage":"de","@id":"https:\/\/brandyourshoes.com\/de\/#\/schema\/logo\/image\/","url":"https:\/\/brandyourshoes.com\/wp-content\/uploads\/2024\/02\/logo-horizontal-e1707810262679.png","contentUrl":"https:\/\/brandyourshoes.com\/wp-content\/uploads\/2024\/02\/logo-horizontal-e1707810262679.png","width":292,"height":61,"caption":"BrandYourShoes"},"image":{"@id":"https:\/\/brandyourshoes.com\/de\/#\/schema\/logo\/image\/"}}]}},"_links":{"self":[{"href":"https:\/\/brandyourshoes.com\/de\/wp-json\/wp\/v2\/pages\/16246","targetHints":{"allow":["GET"]}}],"collection":[{"href":"https:\/\/brandyourshoes.com\/de\/wp-json\/wp\/v2\/pages"}],"about":[{"href":"https:\/\/brandyourshoes.com\/de\/wp-json\/wp\/v2\/types\/page"}],"author":[{"embeddable":true,"href":"https:\/\/brandyourshoes.com\/de\/wp-json\/wp\/v2\/users\/1"}],"replies":[{"embeddable":true,"href":"https:\/\/brandyourshoes.com\/de\/wp-json\/wp\/v2\/comments?post=16246"}],"version-history":[{"count":0,"href":"https:\/\/brandyourshoes.com\/de\/wp-json\/wp\/v2\/pages\/16246\/revisions"}],"wp:attachment":[{"href":"https:\/\/brandyourshoes.com\/de\/wp-json\/wp\/v2\/media?parent=16246"}],"wp:term":[{"taxonomy":"funcionalitat","embeddable":true,"href":"https:\/\/brandyourshoes.com\/de\/wp-json\/wp\/v2\/funcionalitat?post=16246"}],"curies":[{"name":"wp","href":"https:\/\/api.w.org\/{rel}","templated":true}]}}