{"id":2834,"date":"2023-07-07T14:14:56","date_gmt":"2023-07-07T14:14:56","guid":{"rendered":"https:\/\/newweb.brandyourshoes.com\/?page_id=2834"},"modified":"2025-07-04T09:34:39","modified_gmt":"2025-07-04T09:34:39","slug":"com-crear-sabatilles-corporatives","status":"publish","type":"page","link":"https:\/\/brandyourshoes.com\/ca\/com-crear-sabatilles-corporatives\/","title":{"rendered":"How we create &#8211; CA"},"content":{"rendered":"\t\t<div data-elementor-type=\"wp-page\" data-elementor-id=\"2834\" class=\"elementor elementor-2834 elementor-1244\" data-elementor-post-type=\"page\">\n\t\t\t\t<div class=\"elementor-element elementor-element-e16d5f5 e-flex e-con-boxed e-con e-parent\" data-id=\"e16d5f5\" data-element_type=\"container\" data-e-type=\"container\">\n\t\t\t\t\t<div class=\"e-con-inner\">\n\t\t<div class=\"elementor-element elementor-element-3f4dbab e-con-full e-flex e-con e-child\" data-id=\"3f4dbab\" data-element_type=\"container\" data-e-type=\"container\" data-settings=\"{&quot;background_background&quot;:&quot;classic&quot;}\">\n\t\t<div class=\"elementor-element elementor-element-1499979 e-con-full overflow_hidden e-flex e-con e-child\" data-id=\"1499979\" data-element_type=\"container\" data-e-type=\"container\">\n\t\t<div class=\"elementor-element elementor-element-caec49c e-con-full e-flex elementor-invisible e-con e-child\" data-id=\"caec49c\" data-element_type=\"container\" data-e-type=\"container\" data-settings=\"{&quot;animation&quot;:&quot;aux-anim-scale-down&quot;}\">\n\t\t<div class=\"elementor-element elementor-element-365a83d e-con-full e-flex elementor-invisible e-con e-child\" data-id=\"365a83d\" data-element_type=\"container\" data-e-type=\"container\" data-settings=\"{&quot;background_background&quot;:&quot;classic&quot;,&quot;animation&quot;:&quot;aux-anim-mask-from-left&quot;}\">\n\t\t\t\t<div class=\"elementor-element elementor-element-bfdc768 elementor-invisible elementor-widget elementor-widget-image\" data-id=\"bfdc768\" data-element_type=\"widget\" data-e-type=\"widget\" data-settings=\"{&quot;_animation&quot;:&quot;aux-anim-mask-from-left&quot;}\" data-widget_type=\"image.default\">\n\t\t\t\t<div class=\"elementor-widget-container\">\n\t\t\t\t\t\t\t\t\t\t\t\t\t\t\t<img fetchpriority=\"high\" decoding=\"async\" width=\"730\" height=\"900\" src=\"https:\/\/brandyourshoes.com\/wp-content\/uploads\/2025\/05\/Brandyourshoes-Barcelona-2.webp\" class=\"attachment-large size-large wp-image-11772\" alt=\"\" srcset=\"https:\/\/brandyourshoes.com\/wp-content\/uploads\/2025\/05\/Brandyourshoes-Barcelona-2.webp 730w, https:\/\/brandyourshoes.com\/wp-content\/uploads\/2025\/05\/Brandyourshoes-Barcelona-2-243x300.webp 243w\" sizes=\"(max-width: 730px) 100vw, 730px\" \/>\t\t\t\t\t\t\t\t\t\t\t\t\t\t\t<\/div>\n\t\t\t\t<\/div>\n\t\t\t\t<div class=\"elementor-element elementor-element-5ef9a1a elementor-absolute elementor-widget elementor-widget-heading\" data-id=\"5ef9a1a\" data-element_type=\"widget\" data-e-type=\"widget\" data-settings=\"{&quot;_position&quot;:&quot;absolute&quot;}\" data-widget_type=\"heading.default\">\n\t\t\t\t<div class=\"elementor-widget-container\">\n\t\t\t\t\t<h2 class=\"elementor-heading-title elementor-size-default\">Dissenyades<br \/> a Barcelona, <br \/>Made in Spain\n<\/h2>\t\t\t\t<\/div>\n\t\t\t\t<\/div>\n\t\t\t\t<\/div>\n\t\t\t\t<\/div>\n\t\t\t\t<\/div>\n\t\t\t\t<\/div>\n\t\t<div class=\"elementor-element elementor-element-eedcea1 e-con-full e-flex e-con e-child\" data-id=\"eedcea1\" data-element_type=\"container\" data-e-type=\"container\" data-settings=\"{&quot;background_background&quot;:&quot;classic&quot;}\">\n\t\t<div class=\"elementor-element elementor-element-08bdf57 e-con-full e-flex e-con e-child\" data-id=\"08bdf57\" data-element_type=\"container\" data-e-type=\"container\">\n\t\t<div class=\"elementor-element elementor-element-b9c46eb e-con-full overflow_hidden e-flex e-con e-child\" data-id=\"b9c46eb\" data-element_type=\"container\" data-e-type=\"container\">\n\t\t<div class=\"elementor-element elementor-element-6c9ebdb e-con-full e-flex elementor-invisible e-con e-child\" data-id=\"6c9ebdb\" data-element_type=\"container\" data-e-type=\"container\" data-settings=\"{&quot;animation&quot;:&quot;aux-anim-scale-down&quot;}\">\n\t\t\t\t<div class=\"elementor-element elementor-element-8a72beb elementor-invisible elementor-widget elementor-widget-image\" data-id=\"8a72beb\" data-element_type=\"widget\" data-e-type=\"widget\" data-settings=\"{&quot;_animation&quot;:&quot;aux-anim-mask-from-left&quot;}\" data-widget_type=\"image.default\">\n\t\t\t\t<div class=\"elementor-widget-container\">\n\t\t\t\t\t\t\t\t\t\t\t\t\t\t\t<img decoding=\"async\" width=\"630\" height=\"430\" src=\"https:\/\/brandyourshoes.com\/wp-content\/uploads\/2025\/05\/Brandyourshoes-personalization-QUE-FEM_1-2.webp\" class=\"attachment-large size-large wp-image-11777\" alt=\"\" srcset=\"https:\/\/brandyourshoes.com\/wp-content\/uploads\/2025\/05\/Brandyourshoes-personalization-QUE-FEM_1-2.webp 630w, https:\/\/brandyourshoes.com\/wp-content\/uploads\/2025\/05\/Brandyourshoes-personalization-QUE-FEM_1-2-300x205.webp 300w\" sizes=\"(max-width: 630px) 100vw, 630px\" \/>\t\t\t\t\t\t\t\t\t\t\t\t\t\t\t<\/div>\n\t\t\t\t<\/div>\n\t\t\t\t<\/div>\n\t\t\t\t<\/div>\n\t\t\t\t<div class=\"elementor-element elementor-element-f71fca2 elementor-widget elementor-widget-text-editor\" data-id=\"f71fca2\" data-element_type=\"widget\" data-e-type=\"widget\" data-widget_type=\"text-editor.default\">\n\t\t\t\t<div class=\"elementor-widget-container\">\n\t\t\t\t\t\t\t\t\t<p>Des de 2016 a BrandYourShoes creem vambes personalitzades per a empreses, que reflecteixen l\u2019ess\u00e8ncia i els valors de cada marca. Com a <strong>pioners en el sector<\/strong> oferim les millors solucions, \u00faniques i originals.<\/p>\t\t\t\t\t\t\t\t<\/div>\n\t\t\t\t<\/div>\n\t\t<div class=\"elementor-element elementor-element-b1b0cb9 e-con-full overflow_hidden e-flex e-con e-child\" data-id=\"b1b0cb9\" data-element_type=\"container\" data-e-type=\"container\">\n\t\t<div class=\"elementor-element elementor-element-5519702 e-con-full e-flex elementor-invisible e-con e-child\" data-id=\"5519702\" data-element_type=\"container\" data-e-type=\"container\" data-settings=\"{&quot;animation&quot;:&quot;aux-anim-scale-down&quot;}\">\n\t\t\t\t<div class=\"elementor-element elementor-element-43148b4 elementor-invisible elementor-widget elementor-widget-image\" data-id=\"43148b4\" data-element_type=\"widget\" data-e-type=\"widget\" data-settings=\"{&quot;_animation&quot;:&quot;aux-anim-mask-from-left&quot;}\" data-widget_type=\"image.default\">\n\t\t\t\t<div class=\"elementor-widget-container\">\n\t\t\t\t\t\t\t\t\t\t\t\t\t\t\t<img decoding=\"async\" width=\"630\" height=\"430\" src=\"https:\/\/brandyourshoes.com\/wp-content\/uploads\/2025\/05\/Brandyourshoes-personalizacion-QUE-FEM_2-2.webp\" class=\"attachment-large size-large wp-image-11782\" alt=\"\" srcset=\"https:\/\/brandyourshoes.com\/wp-content\/uploads\/2025\/05\/Brandyourshoes-personalizacion-QUE-FEM_2-2.webp 630w, https:\/\/brandyourshoes.com\/wp-content\/uploads\/2025\/05\/Brandyourshoes-personalizacion-QUE-FEM_2-2-300x205.webp 300w\" sizes=\"(max-width: 630px) 100vw, 630px\" \/>\t\t\t\t\t\t\t\t\t\t\t\t\t\t\t<\/div>\n\t\t\t\t<\/div>\n\t\t\t\t<\/div>\n\t\t\t\t<\/div>\n\t\t\t\t<div class=\"elementor-element elementor-element-73e96ec elementor-widget elementor-widget-text-editor\" data-id=\"73e96ec\" data-element_type=\"widget\" data-e-type=\"widget\" data-widget_type=\"text-editor.default\">\n\t\t\t\t<div class=\"elementor-widget-container\">\n\t\t\t\t\t\t\t\t\t<p>Seguim les \u00faltimes tend\u00e8ncies i utilitzem les<strong> t\u00e8cniques m\u00e9s avan\u00e7ades de personalitzaci\u00f3<\/strong>. Dissenyem vambes exclusives perfectament alineades amb la identitat de la teva marca. Inspira\u2019t amb els nostres models, tria l\u2019estil que millor et representa i deixa\u2019t portar pel nostre equip creatiu.<\/p>\t\t\t\t\t\t\t\t<\/div>\n\t\t\t\t<\/div>\n\t\t<div class=\"elementor-element elementor-element-fb0e359 e-con-full overflow_hidden e-flex e-con e-child\" data-id=\"fb0e359\" data-element_type=\"container\" data-e-type=\"container\">\n\t\t<div class=\"elementor-element elementor-element-17244b3 e-con-full e-flex elementor-invisible e-con e-child\" data-id=\"17244b3\" data-element_type=\"container\" data-e-type=\"container\" data-settings=\"{&quot;animation&quot;:&quot;aux-anim-scale-down&quot;}\">\n\t\t\t\t<div class=\"elementor-element elementor-element-39d0f3a elementor-invisible elementor-widget elementor-widget-image\" data-id=\"39d0f3a\" data-element_type=\"widget\" data-e-type=\"widget\" data-settings=\"{&quot;_animation&quot;:&quot;aux-anim-mask-from-left&quot;}\" data-widget_type=\"image.default\">\n\t\t\t\t<div class=\"elementor-widget-container\">\n\t\t\t\t\t\t\t\t\t\t\t\t\t\t\t<img loading=\"lazy\" decoding=\"async\" width=\"630\" height=\"430\" src=\"https:\/\/brandyourshoes.com\/wp-content\/uploads\/2025\/05\/Brandyourshoes-made-in-spain-QUE-FEM_3-2.webp\" class=\"attachment-large size-large wp-image-11767\" alt=\"\" srcset=\"https:\/\/brandyourshoes.com\/wp-content\/uploads\/2025\/05\/Brandyourshoes-made-in-spain-QUE-FEM_3-2.webp 630w, https:\/\/brandyourshoes.com\/wp-content\/uploads\/2025\/05\/Brandyourshoes-made-in-spain-QUE-FEM_3-2-300x205.webp 300w\" sizes=\"(max-width: 630px) 100vw, 630px\" \/>\t\t\t\t\t\t\t\t\t\t\t\t\t\t\t<\/div>\n\t\t\t\t<\/div>\n\t\t\t\t<\/div>\n\t\t\t\t<\/div>\n\t\t\t\t<div class=\"elementor-element elementor-element-70af26b elementor-widget elementor-widget-text-editor\" data-id=\"70af26b\" data-element_type=\"widget\" data-e-type=\"widget\" data-widget_type=\"text-editor.default\">\n\t\t\t\t<div class=\"elementor-widget-container\">\n\t\t\t\t\t\t\t\t\t<p>Fabricaci\u00f3 pr\u00f2pia Made in Spain, amb experts en el sector i prove\u00efdors locals. Els nostres materials s\u00f3n d\u2019una qualitat superior, proximitat i respectuosos amb el medi ambient. Per aquesta ra\u00f3 cada parell de vambes \u00e9s el resultat d\u2019un <strong>proc\u00e9s artesanal cuidat<\/strong> fins al m\u00e9s m\u00ednim detall.<\/p>\t\t\t\t\t\t\t\t<\/div>\n\t\t\t\t<\/div>\n\t\t\t\t<div class=\"elementor-element elementor-element-4d1d8a0 elementor-widget elementor-widget-heading\" data-id=\"4d1d8a0\" data-element_type=\"widget\" data-e-type=\"widget\" data-widget_type=\"heading.default\">\n\t\t\t\t<div class=\"elementor-widget-container\">\n\t\t\t\t\t<h2 class=\"elementor-heading-title elementor-size-default\">Apostem per una producci\u00f3 responsable, amb condicions laborals justes, compromesa amb la qualitat i la sostenibilitat<\/h2>\t\t\t\t<\/div>\n\t\t\t\t<\/div>\n\t\t\t\t<\/div>\n\t\t\t\t<\/div>\n\t\t\t\t\t<\/div>\n\t\t\t\t<\/div>\n\t\t\t\t<\/div>\n\t\t","protected":false},"excerpt":{"rendered":"<p>El nostre equip comercial o el teu equip poden crear les sabatilles corporatives.<\/p>\n","protected":false},"author":1,"featured_media":4305,"parent":0,"menu_order":0,"comment_status":"closed","ping_status":"closed","template":"elementor_header_footer","meta":{"_acf_changed":false,"footnotes":""},"funcionalitat":[],"class_list":["post-2834","page","type-page","status-publish","has-post-thumbnail","hentry"],"acf":[],"yoast_head":"<!-- This site is optimized with the Yoast SEO plugin v27.2 - https:\/\/yoast.com\/product\/yoast-seo-wordpress\/ -->\n<title>Com crear les sabatilles personalitzades de la teva empresa?<\/title>\n<meta name=\"description\" content=\"T&#039;expliquem com produdu\u00efr les sabatilles corporatives a mesura. Des del disseny fins a l&#039;entrega, el nostre equip us guiar\u00e0 en cada pas.\" \/>\n<meta name=\"robots\" content=\"index, follow, max-snippet:-1, max-image-preview:large, max-video-preview:-1\" \/>\n<link rel=\"canonical\" href=\"https:\/\/brandyourshoes.com\/ca\/com-crear-sabatilles-corporatives\/\" \/>\n<meta property=\"og:locale\" content=\"ca_ES\" \/>\n<meta property=\"og:type\" content=\"article\" \/>\n<meta property=\"og:title\" content=\"Com crear les sabatilles personalitzades de la teva empresa?\" \/>\n<meta property=\"og:description\" content=\"T&#039;expliquem com produdu\u00efr les sabatilles corporatives a mesura. Des del disseny fins a l&#039;entrega, el nostre equip us guiar\u00e0 en cada pas.\" \/>\n<meta property=\"og:url\" content=\"https:\/\/brandyourshoes.com\/ca\/com-crear-sabatilles-corporatives\/\" \/>\n<meta property=\"og:site_name\" content=\"BrandYourShoes\" \/>\n<meta property=\"article:modified_time\" content=\"2025-07-04T09:34:39+00:00\" \/>\n<meta property=\"og:image\" content=\"https:\/\/brandyourshoes.com\/wp-content\/uploads\/2024\/03\/BYS-how-its-done-2.png\" \/>\n\t<meta property=\"og:image:width\" content=\"131\" \/>\n\t<meta property=\"og:image:height\" content=\"118\" \/>\n\t<meta property=\"og:image:type\" content=\"image\/png\" \/>\n<meta name=\"twitter:card\" content=\"summary_large_image\" \/>\n<meta name=\"twitter:label1\" content=\"Temps estimat de lectura\" \/>\n\t<meta name=\"twitter:data1\" content=\"2 minuts\" \/>\n<script type=\"application\/ld+json\" class=\"yoast-schema-graph\">{\"@context\":\"https:\/\/schema.org\",\"@graph\":[{\"@type\":\"WebPage\",\"@id\":\"https:\/\/brandyourshoes.com\/ca\/com-crear-sabatilles-corporatives\/\",\"url\":\"https:\/\/brandyourshoes.com\/ca\/com-crear-sabatilles-corporatives\/\",\"name\":\"Com crear les sabatilles personalitzades de la teva empresa?\",\"isPartOf\":{\"@id\":\"https:\/\/brandyourshoes.com\/ca\/#website\"},\"primaryImageOfPage\":{\"@id\":\"https:\/\/brandyourshoes.com\/ca\/com-crear-sabatilles-corporatives\/#primaryimage\"},\"image\":{\"@id\":\"https:\/\/brandyourshoes.com\/ca\/com-crear-sabatilles-corporatives\/#primaryimage\"},\"thumbnailUrl\":\"https:\/\/brandyourshoes.com\/wp-content\/uploads\/2024\/03\/BYS-how-its-done-2.png\",\"datePublished\":\"2023-07-07T14:14:56+00:00\",\"dateModified\":\"2025-07-04T09:34:39+00:00\",\"description\":\"T'expliquem com produdu\u00efr les sabatilles corporatives a mesura. Des del disseny fins a l'entrega, el nostre equip us guiar\u00e0 en cada pas.\",\"breadcrumb\":{\"@id\":\"https:\/\/brandyourshoes.com\/ca\/com-crear-sabatilles-corporatives\/#breadcrumb\"},\"inLanguage\":\"ca\",\"potentialAction\":[{\"@type\":\"ReadAction\",\"target\":[\"https:\/\/brandyourshoes.com\/ca\/com-crear-sabatilles-corporatives\/\"]}]},{\"@type\":\"ImageObject\",\"inLanguage\":\"ca\",\"@id\":\"https:\/\/brandyourshoes.com\/ca\/com-crear-sabatilles-corporatives\/#primaryimage\",\"url\":\"https:\/\/brandyourshoes.com\/wp-content\/uploads\/2024\/03\/BYS-how-its-done-2.png\",\"contentUrl\":\"https:\/\/brandyourshoes.com\/wp-content\/uploads\/2024\/03\/BYS-how-its-done-2.png\",\"width\":131,\"height\":118,\"caption\":\"com crear vambes corporatives\"},{\"@type\":\"BreadcrumbList\",\"@id\":\"https:\/\/brandyourshoes.com\/ca\/com-crear-sabatilles-corporatives\/#breadcrumb\",\"itemListElement\":[{\"@type\":\"ListItem\",\"position\":1,\"name\":\"Portada\",\"item\":\"https:\/\/brandyourshoes.com\/ca\/\"},{\"@type\":\"ListItem\",\"position\":2,\"name\":\"How we create &#8211; CA\"}]},{\"@type\":\"WebSite\",\"@id\":\"https:\/\/brandyourshoes.com\/ca\/#website\",\"url\":\"https:\/\/brandyourshoes.com\/ca\/\",\"name\":\"BrandYourShoes\",\"description\":\"Customized Sneakers\",\"publisher\":{\"@id\":\"https:\/\/brandyourshoes.com\/ca\/#organization\"},\"potentialAction\":[{\"@type\":\"SearchAction\",\"target\":{\"@type\":\"EntryPoint\",\"urlTemplate\":\"https:\/\/brandyourshoes.com\/ca\/?s={search_term_string}\"},\"query-input\":{\"@type\":\"PropertyValueSpecification\",\"valueRequired\":true,\"valueName\":\"search_term_string\"}}],\"inLanguage\":\"ca\"},{\"@type\":\"Organization\",\"@id\":\"https:\/\/brandyourshoes.com\/ca\/#organization\",\"name\":\"BrandYourShoes\",\"url\":\"https:\/\/brandyourshoes.com\/ca\/\",\"logo\":{\"@type\":\"ImageObject\",\"inLanguage\":\"ca\",\"@id\":\"https:\/\/brandyourshoes.com\/ca\/#\/schema\/logo\/image\/\",\"url\":\"https:\/\/brandyourshoes.com\/wp-content\/uploads\/2024\/02\/logo-horizontal-e1707810262679.png\",\"contentUrl\":\"https:\/\/brandyourshoes.com\/wp-content\/uploads\/2024\/02\/logo-horizontal-e1707810262679.png\",\"width\":292,\"height\":61,\"caption\":\"BrandYourShoes\"},\"image\":{\"@id\":\"https:\/\/brandyourshoes.com\/ca\/#\/schema\/logo\/image\/\"}}]}<\/script>\n<!-- \/ Yoast SEO plugin. -->","yoast_head_json":{"title":"Com crear les sabatilles personalitzades de la teva empresa?","description":"T'expliquem com produdu\u00efr les sabatilles corporatives a mesura. Des del disseny fins a l'entrega, el nostre equip us guiar\u00e0 en cada pas.","robots":{"index":"index","follow":"follow","max-snippet":"max-snippet:-1","max-image-preview":"max-image-preview:large","max-video-preview":"max-video-preview:-1"},"canonical":"https:\/\/brandyourshoes.com\/ca\/com-crear-sabatilles-corporatives\/","og_locale":"ca_ES","og_type":"article","og_title":"Com crear les sabatilles personalitzades de la teva empresa?","og_description":"T'expliquem com produdu\u00efr les sabatilles corporatives a mesura. Des del disseny fins a l'entrega, el nostre equip us guiar\u00e0 en cada pas.","og_url":"https:\/\/brandyourshoes.com\/ca\/com-crear-sabatilles-corporatives\/","og_site_name":"BrandYourShoes","article_modified_time":"2025-07-04T09:34:39+00:00","og_image":[{"width":131,"height":118,"url":"https:\/\/brandyourshoes.com\/wp-content\/uploads\/2024\/03\/BYS-how-its-done-2.png","type":"image\/png"}],"twitter_card":"summary_large_image","twitter_misc":{"Temps estimat de lectura":"2 minuts"},"schema":{"@context":"https:\/\/schema.org","@graph":[{"@type":"WebPage","@id":"https:\/\/brandyourshoes.com\/ca\/com-crear-sabatilles-corporatives\/","url":"https:\/\/brandyourshoes.com\/ca\/com-crear-sabatilles-corporatives\/","name":"Com crear les sabatilles personalitzades de la teva empresa?","isPartOf":{"@id":"https:\/\/brandyourshoes.com\/ca\/#website"},"primaryImageOfPage":{"@id":"https:\/\/brandyourshoes.com\/ca\/com-crear-sabatilles-corporatives\/#primaryimage"},"image":{"@id":"https:\/\/brandyourshoes.com\/ca\/com-crear-sabatilles-corporatives\/#primaryimage"},"thumbnailUrl":"https:\/\/brandyourshoes.com\/wp-content\/uploads\/2024\/03\/BYS-how-its-done-2.png","datePublished":"2023-07-07T14:14:56+00:00","dateModified":"2025-07-04T09:34:39+00:00","description":"T'expliquem com produdu\u00efr les sabatilles corporatives a mesura. Des del disseny fins a l'entrega, el nostre equip us guiar\u00e0 en cada pas.","breadcrumb":{"@id":"https:\/\/brandyourshoes.com\/ca\/com-crear-sabatilles-corporatives\/#breadcrumb"},"inLanguage":"ca","potentialAction":[{"@type":"ReadAction","target":["https:\/\/brandyourshoes.com\/ca\/com-crear-sabatilles-corporatives\/"]}]},{"@type":"ImageObject","inLanguage":"ca","@id":"https:\/\/brandyourshoes.com\/ca\/com-crear-sabatilles-corporatives\/#primaryimage","url":"https:\/\/brandyourshoes.com\/wp-content\/uploads\/2024\/03\/BYS-how-its-done-2.png","contentUrl":"https:\/\/brandyourshoes.com\/wp-content\/uploads\/2024\/03\/BYS-how-its-done-2.png","width":131,"height":118,"caption":"com crear vambes corporatives"},{"@type":"BreadcrumbList","@id":"https:\/\/brandyourshoes.com\/ca\/com-crear-sabatilles-corporatives\/#breadcrumb","itemListElement":[{"@type":"ListItem","position":1,"name":"Portada","item":"https:\/\/brandyourshoes.com\/ca\/"},{"@type":"ListItem","position":2,"name":"How we create &#8211; CA"}]},{"@type":"WebSite","@id":"https:\/\/brandyourshoes.com\/ca\/#website","url":"https:\/\/brandyourshoes.com\/ca\/","name":"BrandYourShoes","description":"Customized Sneakers","publisher":{"@id":"https:\/\/brandyourshoes.com\/ca\/#organization"},"potentialAction":[{"@type":"SearchAction","target":{"@type":"EntryPoint","urlTemplate":"https:\/\/brandyourshoes.com\/ca\/?s={search_term_string}"},"query-input":{"@type":"PropertyValueSpecification","valueRequired":true,"valueName":"search_term_string"}}],"inLanguage":"ca"},{"@type":"Organization","@id":"https:\/\/brandyourshoes.com\/ca\/#organization","name":"BrandYourShoes","url":"https:\/\/brandyourshoes.com\/ca\/","logo":{"@type":"ImageObject","inLanguage":"ca","@id":"https:\/\/brandyourshoes.com\/ca\/#\/schema\/logo\/image\/","url":"https:\/\/brandyourshoes.com\/wp-content\/uploads\/2024\/02\/logo-horizontal-e1707810262679.png","contentUrl":"https:\/\/brandyourshoes.com\/wp-content\/uploads\/2024\/02\/logo-horizontal-e1707810262679.png","width":292,"height":61,"caption":"BrandYourShoes"},"image":{"@id":"https:\/\/brandyourshoes.com\/ca\/#\/schema\/logo\/image\/"}}]}},"_links":{"self":[{"href":"https:\/\/brandyourshoes.com\/ca\/wp-json\/wp\/v2\/pages\/2834","targetHints":{"allow":["GET"]}}],"collection":[{"href":"https:\/\/brandyourshoes.com\/ca\/wp-json\/wp\/v2\/pages"}],"about":[{"href":"https:\/\/brandyourshoes.com\/ca\/wp-json\/wp\/v2\/types\/page"}],"author":[{"embeddable":true,"href":"https:\/\/brandyourshoes.com\/ca\/wp-json\/wp\/v2\/users\/1"}],"replies":[{"embeddable":true,"href":"https:\/\/brandyourshoes.com\/ca\/wp-json\/wp\/v2\/comments?post=2834"}],"version-history":[{"count":0,"href":"https:\/\/brandyourshoes.com\/ca\/wp-json\/wp\/v2\/pages\/2834\/revisions"}],"wp:featuredmedia":[{"embeddable":true,"href":"https:\/\/brandyourshoes.com\/ca\/wp-json\/wp\/v2\/media\/4305"}],"wp:attachment":[{"href":"https:\/\/brandyourshoes.com\/ca\/wp-json\/wp\/v2\/media?parent=2834"}],"wp:term":[{"taxonomy":"funcionalitat","embeddable":true,"href":"https:\/\/brandyourshoes.com\/ca\/wp-json\/wp\/v2\/funcionalitat?post=2834"}],"curies":[{"name":"wp","href":"https:\/\/api.w.org\/{rel}","templated":true}]}}