{"id":16233,"date":"2025-05-16T09:14:02","date_gmt":"2025-05-16T09:14:02","guid":{"rendered":"https:\/\/brandyourshoes.com\/?page_id=16233"},"modified":"2025-07-16T13:30:19","modified_gmt":"2025-07-16T13:30:19","slug":"projectes","status":"publish","type":"page","link":"https:\/\/brandyourshoes.com\/ca\/projectes\/","title":{"rendered":"Projects CA"},"content":{"rendered":"\t\t<div data-elementor-type=\"wp-page\" data-elementor-id=\"16233\" class=\"elementor elementor-16233 elementor-7845\" data-elementor-post-type=\"page\">\n\t\t\t\t<div class=\"elementor-element elementor-element-07b44d6 e-flex e-con-boxed e-con e-parent\" data-id=\"07b44d6\" data-element_type=\"container\" data-e-type=\"container\">\n\t\t\t\t\t<div class=\"e-con-inner\">\n\t\t\t\t<div class=\"elementor-element elementor-element-18f0f31 elementor-invisible elementor-widget elementor-widget-heading\" data-id=\"18f0f31\" data-element_type=\"widget\" data-e-type=\"widget\" data-settings=\"{&quot;_animation&quot;:&quot;fadeInUp&quot;}\" data-widget_type=\"heading.default\">\n\t\t\t\t<div class=\"elementor-widget-container\">\n\t\t\t\t\t<p class=\"elementor-heading-title elementor-size-default\">TRACE YOUR STORY<\/p>\t\t\t\t<\/div>\n\t\t\t\t<\/div>\n\t\t\t\t<div class=\"elementor-element elementor-element-3017d24 elementor-widget elementor-widget-heading\" data-id=\"3017d24\" data-element_type=\"widget\" data-e-type=\"widget\" data-widget_type=\"heading.default\">\n\t\t\t\t<div class=\"elementor-widget-container\">\n\t\t\t\t\t<h2 class=\"elementor-heading-title elementor-size-default\">TROBA LA SOLUCI\u00d3 IDEAL PER IMPULSAR LA TEVA MARCA<\/h2>\t\t\t\t<\/div>\n\t\t\t\t<\/div>\n\t\t<div class=\"elementor-element elementor-element-d97d865 e-grid e-con-full e-con e-child\" data-id=\"d97d865\" data-element_type=\"container\" data-e-type=\"container\">\n\t\t<div class=\"elementor-element elementor-element-2f45620 e-con-full overflow_hidden e-flex elementor-invisible e-con e-child\" data-id=\"2f45620\" data-element_type=\"container\" data-e-type=\"container\" data-settings=\"{&quot;animation&quot;:&quot;aux-anim-mask-from-left&quot;}\">\n\t\t\t\t<div class=\"elementor-element elementor-element-da05d5b elementor-invisible elementor-widget elementor-widget-image\" data-id=\"da05d5b\" data-element_type=\"widget\" data-e-type=\"widget\" data-settings=\"{&quot;_animation&quot;:&quot;aux-anim-scale-down&quot;}\" data-widget_type=\"image.default\">\n\t\t\t\t<div class=\"elementor-widget-container\">\n\t\t\t\t\t\t\t\t\t\t\t\t\t\t\t\t<a href=\"https:\/\/brandyourshoes.com\/workwear\/\">\n\t\t\t\t\t\t\t<img fetchpriority=\"high\" decoding=\"async\" width=\"858\" height=\"572\" src=\"https:\/\/brandyourshoes.com\/wp-content\/uploads\/2025\/05\/Portada_UNIFORMES-2.webp\" class=\"attachment-large size-large wp-image-12097\" alt=\"\" srcset=\"https:\/\/brandyourshoes.com\/wp-content\/uploads\/2025\/05\/Portada_UNIFORMES-2.webp 858w, https:\/\/brandyourshoes.com\/wp-content\/uploads\/2025\/05\/Portada_UNIFORMES-2-300x200.webp 300w, https:\/\/brandyourshoes.com\/wp-content\/uploads\/2025\/05\/Portada_UNIFORMES-2-768x512.webp 768w\" sizes=\"(max-width: 858px) 100vw, 858px\" \/>\t\t\t\t\t\t\t\t<\/a>\n\t\t\t\t\t\t\t\t\t\t\t\t\t\t\t<\/div>\n\t\t\t\t<\/div>\n\t\t\t\t<div class=\"elementor-element elementor-element-50187e0 elementor-widget__width-inherit elementor-widget elementor-widget-heading\" data-id=\"50187e0\" data-element_type=\"widget\" data-e-type=\"widget\" data-widget_type=\"heading.default\">\n\t\t\t\t<div class=\"elementor-widget-container\">\n\t\t\t\t\t<h2 class=\"elementor-heading-title elementor-size-default\">UNIFORMES<\/h2>\t\t\t\t<\/div>\n\t\t\t\t<\/div>\n\t\t<div class=\"elementor-element elementor-element-f397aa4 e-con-full e-flex e-con e-child\" data-id=\"f397aa4\" data-element_type=\"container\" data-e-type=\"container\">\n\t\t\t\t<div class=\"elementor-element elementor-element-b911190 elementor-widget__width-auto elementor-widget elementor-widget-heading\" data-id=\"b911190\" data-element_type=\"widget\" data-e-type=\"widget\" data-widget_type=\"heading.default\">\n\t\t\t\t<div class=\"elementor-widget-container\">\n\t\t\t\t\t<h2 class=\"elementor-heading-title elementor-size-default\"><a href=\"https:\/\/brandyourshoes.com\/workwear\/\">VEURE PROJECTES <img class=\"fletxa_apunta_dalt_dreta\" \/><\/a><\/h2>\t\t\t\t<\/div>\n\t\t\t\t<\/div>\n\t\t\t\t<\/div>\n\t\t\t\t<\/div>\n\t\t<div class=\"elementor-element elementor-element-c189c7d e-con-full overflow_hidden e-flex elementor-invisible e-con e-child\" data-id=\"c189c7d\" data-element_type=\"container\" data-e-type=\"container\" data-settings=\"{&quot;animation&quot;:&quot;aux-anim-mask-from-left&quot;}\">\n\t\t\t\t<div class=\"elementor-element elementor-element-ccae3cb elementor-invisible elementor-widget elementor-widget-image\" data-id=\"ccae3cb\" data-element_type=\"widget\" data-e-type=\"widget\" data-settings=\"{&quot;_animation&quot;:&quot;aux-anim-scale-down&quot;}\" data-widget_type=\"image.default\">\n\t\t\t\t<div class=\"elementor-widget-container\">\n\t\t\t\t\t\t\t\t\t\t\t\t\t\t\t\t<a href=\"https:\/\/brandyourshoes.com\/trade-shows-exhibitions-2\/\">\n\t\t\t\t\t\t\t<img decoding=\"async\" width=\"858\" height=\"572\" src=\"https:\/\/brandyourshoes.com\/wp-content\/uploads\/2025\/05\/Portada_FIRES-I-ESDEVENIMENTS-2.webp\" class=\"attachment-large size-large wp-image-12087\" alt=\"\" srcset=\"https:\/\/brandyourshoes.com\/wp-content\/uploads\/2025\/05\/Portada_FIRES-I-ESDEVENIMENTS-2.webp 858w, https:\/\/brandyourshoes.com\/wp-content\/uploads\/2025\/05\/Portada_FIRES-I-ESDEVENIMENTS-2-300x200.webp 300w, https:\/\/brandyourshoes.com\/wp-content\/uploads\/2025\/05\/Portada_FIRES-I-ESDEVENIMENTS-2-768x512.webp 768w\" sizes=\"(max-width: 858px) 100vw, 858px\" \/>\t\t\t\t\t\t\t\t<\/a>\n\t\t\t\t\t\t\t\t\t\t\t\t\t\t\t<\/div>\n\t\t\t\t<\/div>\n\t\t\t\t<div class=\"elementor-element elementor-element-69a8aac elementor-widget__width-inherit elementor-widget elementor-widget-heading\" data-id=\"69a8aac\" data-element_type=\"widget\" data-e-type=\"widget\" data-widget_type=\"heading.default\">\n\t\t\t\t<div class=\"elementor-widget-container\">\n\t\t\t\t\t<h2 class=\"elementor-heading-title elementor-size-default\">FIRES I ESDEVENIMENTS<\/h2>\t\t\t\t<\/div>\n\t\t\t\t<\/div>\n\t\t<div class=\"elementor-element elementor-element-c479d0c e-con-full e-flex e-con e-child\" data-id=\"c479d0c\" data-element_type=\"container\" data-e-type=\"container\">\n\t\t\t\t<div class=\"elementor-element elementor-element-1258e17 elementor-widget__width-auto elementor-widget elementor-widget-heading\" data-id=\"1258e17\" data-element_type=\"widget\" data-e-type=\"widget\" data-widget_type=\"heading.default\">\n\t\t\t\t<div class=\"elementor-widget-container\">\n\t\t\t\t\t<h2 class=\"elementor-heading-title elementor-size-default\"><a href=\"https:\/\/brandyourshoes.com\/trade-shows-exhibitions-2\/\">VEURE PROJECTES <img class=\"fletxa_apunta_dalt_dreta\" \/><\/a><\/h2>\t\t\t\t<\/div>\n\t\t\t\t<\/div>\n\t\t\t\t<\/div>\n\t\t\t\t<\/div>\n\t\t<div class=\"elementor-element elementor-element-434fc32 e-con-full overflow_hidden e-flex e-con e-child\" data-id=\"434fc32\" data-element_type=\"container\" data-e-type=\"container\">\n\t\t\t\t<div class=\"elementor-element elementor-element-609686a tp_text_invert_middle grey_to_black elementor-widget elementor-widget-heading\" data-id=\"609686a\" data-element_type=\"widget\" data-e-type=\"widget\" data-widget_type=\"heading.default\">\n\t\t\t\t<div class=\"elementor-widget-container\">\n\t\t\t\t\t<h2 class=\"elementor-heading-title elementor-size-default\">Expressa\u2019t, inspira, avan\u00e7a amb prop\u00f2sit<\/h2>\t\t\t\t<\/div>\n\t\t\t\t<\/div>\n\t\t\t\t<\/div>\n\t\t<div class=\"elementor-element elementor-element-07535c8 e-con-full overflow_hidden e-flex elementor-invisible e-con e-child\" data-id=\"07535c8\" data-element_type=\"container\" data-e-type=\"container\" data-settings=\"{&quot;animation&quot;:&quot;aux-anim-mask-from-left&quot;}\">\n\t\t\t\t<div class=\"elementor-element elementor-element-fa723f2 elementor-invisible elementor-widget elementor-widget-image\" data-id=\"fa723f2\" data-element_type=\"widget\" data-e-type=\"widget\" data-settings=\"{&quot;_animation&quot;:&quot;aux-anim-scale-down&quot;}\" data-widget_type=\"image.default\">\n\t\t\t\t<div class=\"elementor-widget-container\">\n\t\t\t\t\t\t\t\t\t\t\t\t<figure class=\"wp-caption\">\n\t\t\t\t\t\t\t\t\t\t\t<a href=\"https:\/\/brandyourshoes.com\/marketing-promotion\/\">\n\t\t\t\t\t\t\t<img decoding=\"async\" width=\"1500\" height=\"1000\" src=\"https:\/\/brandyourshoes.com\/wp-content\/uploads\/2025\/07\/Portada_MARQUETING_PROMOCIO_PRODUCTE-2-copia.webp\" class=\"attachment-large size-large wp-image-16937\" alt=\"\" \/>\t\t\t\t\t\t\t\t<\/a>\n\t\t\t\t\t\t\t\t\t\t\t<figcaption class=\"widget-image-caption wp-caption-text\"><\/figcaption>\n\t\t\t\t\t\t\t\t\t\t<\/figure>\n\t\t\t\t\t\t\t\t\t<\/div>\n\t\t\t\t<\/div>\n\t\t\t\t<div class=\"elementor-element elementor-element-ef44fc2 elementor-widget__width-inherit elementor-widget elementor-widget-heading\" data-id=\"ef44fc2\" data-element_type=\"widget\" data-e-type=\"widget\" data-widget_type=\"heading.default\">\n\t\t\t\t<div class=\"elementor-widget-container\">\n\t\t\t\t\t<h2 class=\"elementor-heading-title elementor-size-default\">M\u00c0RQUETING I PROMOCI\u00d3 DE PRODUCTE<\/h2>\t\t\t\t<\/div>\n\t\t\t\t<\/div>\n\t\t<div class=\"elementor-element elementor-element-7ba97ad e-con-full e-flex e-con e-child\" data-id=\"7ba97ad\" data-element_type=\"container\" data-e-type=\"container\">\n\t\t\t\t<div class=\"elementor-element elementor-element-63c715e elementor-widget__width-auto elementor-widget elementor-widget-heading\" data-id=\"63c715e\" data-element_type=\"widget\" data-e-type=\"widget\" data-widget_type=\"heading.default\">\n\t\t\t\t<div class=\"elementor-widget-container\">\n\t\t\t\t\t<h2 class=\"elementor-heading-title elementor-size-default\"><a href=\"https:\/\/brandyourshoes.com\/marketing-promotion\/\">VEURE PROJECTES <img class=\"fletxa_apunta_dalt_dreta\" \/><\/a><\/h2>\t\t\t\t<\/div>\n\t\t\t\t<\/div>\n\t\t\t\t<\/div>\n\t\t\t\t<\/div>\n\t\t<div class=\"elementor-element elementor-element-9f872c3 e-con-full overflow_hidden e-flex elementor-invisible e-con e-child\" data-id=\"9f872c3\" data-element_type=\"container\" data-e-type=\"container\" data-settings=\"{&quot;animation&quot;:&quot;aux-anim-mask-from-left&quot;}\">\n\t\t\t\t<div class=\"elementor-element elementor-element-827be6f elementor-invisible elementor-widget elementor-widget-image\" data-id=\"827be6f\" data-element_type=\"widget\" data-e-type=\"widget\" data-settings=\"{&quot;_animation&quot;:&quot;aux-anim-scale-down&quot;}\" data-widget_type=\"image.default\">\n\t\t\t\t<div class=\"elementor-widget-container\">\n\t\t\t\t\t\t\t\t\t\t\t\t\t\t\t\t<a href=\"https:\/\/brandyourshoes.com\/branding-merchandise-2\/\">\n\t\t\t\t\t\t\t<img loading=\"lazy\" decoding=\"async\" width=\"858\" height=\"572\" src=\"https:\/\/brandyourshoes.com\/wp-content\/uploads\/2025\/05\/Portada_BRANDING-MERCHAN-2.webp\" class=\"attachment-large size-large wp-image-12082\" alt=\"\" srcset=\"https:\/\/brandyourshoes.com\/wp-content\/uploads\/2025\/05\/Portada_BRANDING-MERCHAN-2.webp 858w, https:\/\/brandyourshoes.com\/wp-content\/uploads\/2025\/05\/Portada_BRANDING-MERCHAN-2-300x200.webp 300w, https:\/\/brandyourshoes.com\/wp-content\/uploads\/2025\/05\/Portada_BRANDING-MERCHAN-2-768x512.webp 768w\" sizes=\"(max-width: 858px) 100vw, 858px\" \/>\t\t\t\t\t\t\t\t<\/a>\n\t\t\t\t\t\t\t\t\t\t\t\t\t\t\t<\/div>\n\t\t\t\t<\/div>\n\t\t\t\t<div class=\"elementor-element elementor-element-42fa08b elementor-widget__width-inherit elementor-widget elementor-widget-heading\" data-id=\"42fa08b\" data-element_type=\"widget\" data-e-type=\"widget\" data-widget_type=\"heading.default\">\n\t\t\t\t<div class=\"elementor-widget-container\">\n\t\t\t\t\t<h2 class=\"elementor-heading-title elementor-size-default\">BRANDING I MERCHANDISING<\/h2>\t\t\t\t<\/div>\n\t\t\t\t<\/div>\n\t\t<div class=\"elementor-element elementor-element-739ff36 e-con-full e-flex e-con e-child\" data-id=\"739ff36\" data-element_type=\"container\" data-e-type=\"container\">\n\t\t\t\t<div class=\"elementor-element elementor-element-935c714 elementor-widget__width-auto elementor-widget elementor-widget-heading\" data-id=\"935c714\" data-element_type=\"widget\" data-e-type=\"widget\" data-widget_type=\"heading.default\">\n\t\t\t\t<div class=\"elementor-widget-container\">\n\t\t\t\t\t<h2 class=\"elementor-heading-title elementor-size-default\"><a href=\"https:\/\/brandyourshoes.com\/branding-merchandise-2\/\">VEURE PROJECTES <img class=\"fletxa_apunta_dalt_dreta\" \/><\/a><\/h2>\t\t\t\t<\/div>\n\t\t\t\t<\/div>\n\t\t\t\t<\/div>\n\t\t\t\t<\/div>\n\t\t<div class=\"elementor-element elementor-element-0b40222 e-con-full overflow_hidden e-flex elementor-invisible e-con e-child\" data-id=\"0b40222\" data-element_type=\"container\" data-e-type=\"container\" data-settings=\"{&quot;animation&quot;:&quot;aux-anim-mask-from-left&quot;}\">\n\t\t\t\t<div class=\"elementor-element elementor-element-d82914b elementor-invisible elementor-widget elementor-widget-image\" data-id=\"d82914b\" data-element_type=\"widget\" data-e-type=\"widget\" data-settings=\"{&quot;_animation&quot;:&quot;aux-anim-scale-down&quot;}\" data-widget_type=\"image.default\">\n\t\t\t\t<div class=\"elementor-widget-container\">\n\t\t\t\t\t\t\t\t\t\t\t\t\t\t\t\t<a href=\"https:\/\/brandyourshoes.com\/team-gifts-incentives-2\/\">\n\t\t\t\t\t\t\t<img loading=\"lazy\" decoding=\"async\" width=\"858\" height=\"572\" src=\"https:\/\/brandyourshoes.com\/wp-content\/uploads\/2025\/05\/Porada_EQUIP_REGALS_INCENTIUS-2.webp\" class=\"attachment-large size-large wp-image-12077\" alt=\"\" srcset=\"https:\/\/brandyourshoes.com\/wp-content\/uploads\/2025\/05\/Porada_EQUIP_REGALS_INCENTIUS-2.webp 858w, https:\/\/brandyourshoes.com\/wp-content\/uploads\/2025\/05\/Porada_EQUIP_REGALS_INCENTIUS-2-300x200.webp 300w, https:\/\/brandyourshoes.com\/wp-content\/uploads\/2025\/05\/Porada_EQUIP_REGALS_INCENTIUS-2-768x512.webp 768w\" sizes=\"(max-width: 858px) 100vw, 858px\" \/>\t\t\t\t\t\t\t\t<\/a>\n\t\t\t\t\t\t\t\t\t\t\t\t\t\t\t<\/div>\n\t\t\t\t<\/div>\n\t\t\t\t<div class=\"elementor-element elementor-element-73e0d14 elementor-widget__width-inherit elementor-widget elementor-widget-heading\" data-id=\"73e0d14\" data-element_type=\"widget\" data-e-type=\"widget\" data-widget_type=\"heading.default\">\n\t\t\t\t<div class=\"elementor-widget-container\">\n\t\t\t\t\t<h2 class=\"elementor-heading-title elementor-size-default\">REGALS, EQUIP I INCENTIUS<\/h2>\t\t\t\t<\/div>\n\t\t\t\t<\/div>\n\t\t<div class=\"elementor-element elementor-element-9e70fa6 e-con-full e-flex e-con e-child\" data-id=\"9e70fa6\" data-element_type=\"container\" data-e-type=\"container\">\n\t\t\t\t<div class=\"elementor-element elementor-element-0d4c57c elementor-widget__width-auto elementor-widget elementor-widget-heading\" data-id=\"0d4c57c\" data-element_type=\"widget\" data-e-type=\"widget\" data-widget_type=\"heading.default\">\n\t\t\t\t<div class=\"elementor-widget-container\">\n\t\t\t\t\t<h2 class=\"elementor-heading-title elementor-size-default\"><a href=\"https:\/\/brandyourshoes.com\/team-gifts-incentives-2\/\">VEURE PROJECTES <img class=\"fletxa_apunta_dalt_dreta\" \/><\/a><\/h2>\t\t\t\t<\/div>\n\t\t\t\t<\/div>\n\t\t\t\t<\/div>\n\t\t\t\t<\/div>\n\t\t\t\t<\/div>\n\t\t\t\t\t<\/div>\n\t\t\t\t<\/div>\n\t\t\t\t<\/div>\n\t\t","protected":false},"excerpt":{"rendered":"<p>TRACE YOUR STORY TROBA LA SOLUCI\u00d3 IDEAL PER IMPULSAR LA TEVA MARCA UNIFORMES VEURE PROJECTES FIRES I ESDEVENIMENTS VEURE PROJECTES Expressa\u2019t, inspira, avan\u00e7a amb prop\u00f2sit M\u00c0RQUETING I PROMOCI\u00d3 DE PRODUCTE VEURE PROJECTES BRANDING I MERCHANDISING VEURE PROJECTES REGALS, EQUIP I INCENTIUS VEURE PROJECTES<\/p>\n","protected":false},"author":1,"featured_media":0,"parent":0,"menu_order":0,"comment_status":"closed","ping_status":"closed","template":"elementor_header_footer","meta":{"_acf_changed":false,"footnotes":""},"funcionalitat":[],"class_list":["post-16233","page","type-page","status-publish","hentry"],"acf":[],"yoast_head":"<!-- This site is optimized with the Yoast SEO plugin v27.2 - https:\/\/yoast.com\/product\/yoast-seo-wordpress\/ -->\n<title>Projectes - BrandYourShoes<\/title>\n<meta name=\"robots\" content=\"index, follow, max-snippet:-1, max-image-preview:large, max-video-preview:-1\" \/>\n<link rel=\"canonical\" href=\"https:\/\/brandyourshoes.com\/ca\/projectes\/\" \/>\n<meta property=\"og:locale\" content=\"ca_ES\" \/>\n<meta property=\"og:type\" content=\"article\" \/>\n<meta property=\"og:title\" content=\"Projectes - BrandYourShoes\" \/>\n<meta property=\"og:description\" content=\"TRACE YOUR STORY TROBA LA SOLUCI\u00d3 IDEAL PER IMPULSAR LA TEVA MARCA UNIFORMES VEURE PROJECTES FIRES I ESDEVENIMENTS VEURE PROJECTES Expressa\u2019t, inspira, avan\u00e7a amb prop\u00f2sit M\u00c0RQUETING I PROMOCI\u00d3 DE PRODUCTE VEURE PROJECTES BRANDING I MERCHANDISING VEURE PROJECTES REGALS, EQUIP I INCENTIUS VEURE PROJECTES\" \/>\n<meta property=\"og:url\" content=\"https:\/\/brandyourshoes.com\/ca\/projectes\/\" \/>\n<meta property=\"og:site_name\" content=\"BrandYourShoes\" \/>\n<meta property=\"article:modified_time\" content=\"2025-07-16T13:30:19+00:00\" \/>\n<meta property=\"og:image\" content=\"https:\/\/brandyourshoes.com\/wp-content\/uploads\/2025\/05\/Portada_UNIFORMES-2.webp\" \/>\n\t<meta property=\"og:image:width\" content=\"858\" \/>\n\t<meta property=\"og:image:height\" content=\"572\" \/>\n\t<meta property=\"og:image:type\" content=\"image\/webp\" \/>\n<meta name=\"twitter:card\" content=\"summary_large_image\" \/>\n<meta name=\"twitter:label1\" content=\"Temps estimat de lectura\" \/>\n\t<meta name=\"twitter:data1\" content=\"3 minuts\" \/>\n<script type=\"application\/ld+json\" class=\"yoast-schema-graph\">{\"@context\":\"https:\/\/schema.org\",\"@graph\":[{\"@type\":\"WebPage\",\"@id\":\"https:\/\/brandyourshoes.com\/ca\/projectes\/\",\"url\":\"https:\/\/brandyourshoes.com\/ca\/projectes\/\",\"name\":\"Projectes - BrandYourShoes\",\"isPartOf\":{\"@id\":\"https:\/\/brandyourshoes.com\/ca\/#website\"},\"primaryImageOfPage\":{\"@id\":\"https:\/\/brandyourshoes.com\/ca\/projectes\/#primaryimage\"},\"image\":{\"@id\":\"https:\/\/brandyourshoes.com\/ca\/projectes\/#primaryimage\"},\"thumbnailUrl\":\"https:\/\/brandyourshoes.com\/wp-content\/uploads\/2025\/05\/Portada_UNIFORMES-2.webp\",\"datePublished\":\"2025-05-16T09:14:02+00:00\",\"dateModified\":\"2025-07-16T13:30:19+00:00\",\"breadcrumb\":{\"@id\":\"https:\/\/brandyourshoes.com\/ca\/projectes\/#breadcrumb\"},\"inLanguage\":\"ca\",\"potentialAction\":[{\"@type\":\"ReadAction\",\"target\":[\"https:\/\/brandyourshoes.com\/ca\/projectes\/\"]}]},{\"@type\":\"ImageObject\",\"inLanguage\":\"ca\",\"@id\":\"https:\/\/brandyourshoes.com\/ca\/projectes\/#primaryimage\",\"url\":\"https:\/\/brandyourshoes.com\/wp-content\/uploads\/2025\/05\/Portada_UNIFORMES-2.webp\",\"contentUrl\":\"https:\/\/brandyourshoes.com\/wp-content\/uploads\/2025\/05\/Portada_UNIFORMES-2.webp\"},{\"@type\":\"BreadcrumbList\",\"@id\":\"https:\/\/brandyourshoes.com\/ca\/projectes\/#breadcrumb\",\"itemListElement\":[{\"@type\":\"ListItem\",\"position\":1,\"name\":\"Portada\",\"item\":\"https:\/\/brandyourshoes.com\/ca\/\"},{\"@type\":\"ListItem\",\"position\":2,\"name\":\"Projects CA\"}]},{\"@type\":\"WebSite\",\"@id\":\"https:\/\/brandyourshoes.com\/ca\/#website\",\"url\":\"https:\/\/brandyourshoes.com\/ca\/\",\"name\":\"BrandYourShoes\",\"description\":\"Customized Sneakers\",\"publisher\":{\"@id\":\"https:\/\/brandyourshoes.com\/ca\/#organization\"},\"potentialAction\":[{\"@type\":\"SearchAction\",\"target\":{\"@type\":\"EntryPoint\",\"urlTemplate\":\"https:\/\/brandyourshoes.com\/ca\/?s={search_term_string}\"},\"query-input\":{\"@type\":\"PropertyValueSpecification\",\"valueRequired\":true,\"valueName\":\"search_term_string\"}}],\"inLanguage\":\"ca\"},{\"@type\":\"Organization\",\"@id\":\"https:\/\/brandyourshoes.com\/ca\/#organization\",\"name\":\"BrandYourShoes\",\"url\":\"https:\/\/brandyourshoes.com\/ca\/\",\"logo\":{\"@type\":\"ImageObject\",\"inLanguage\":\"ca\",\"@id\":\"https:\/\/brandyourshoes.com\/ca\/#\/schema\/logo\/image\/\",\"url\":\"https:\/\/brandyourshoes.com\/wp-content\/uploads\/2024\/02\/logo-horizontal-e1707810262679.png\",\"contentUrl\":\"https:\/\/brandyourshoes.com\/wp-content\/uploads\/2024\/02\/logo-horizontal-e1707810262679.png\",\"width\":292,\"height\":61,\"caption\":\"BrandYourShoes\"},\"image\":{\"@id\":\"https:\/\/brandyourshoes.com\/ca\/#\/schema\/logo\/image\/\"}}]}<\/script>\n<!-- \/ Yoast SEO plugin. -->","yoast_head_json":{"title":"Projectes - BrandYourShoes","robots":{"index":"index","follow":"follow","max-snippet":"max-snippet:-1","max-image-preview":"max-image-preview:large","max-video-preview":"max-video-preview:-1"},"canonical":"https:\/\/brandyourshoes.com\/ca\/projectes\/","og_locale":"ca_ES","og_type":"article","og_title":"Projectes - BrandYourShoes","og_description":"TRACE YOUR STORY TROBA LA SOLUCI\u00d3 IDEAL PER IMPULSAR LA TEVA MARCA UNIFORMES VEURE PROJECTES FIRES I ESDEVENIMENTS VEURE PROJECTES Expressa\u2019t, inspira, avan\u00e7a amb prop\u00f2sit M\u00c0RQUETING I PROMOCI\u00d3 DE PRODUCTE VEURE PROJECTES BRANDING I MERCHANDISING VEURE PROJECTES REGALS, EQUIP I INCENTIUS VEURE PROJECTES","og_url":"https:\/\/brandyourshoes.com\/ca\/projectes\/","og_site_name":"BrandYourShoes","article_modified_time":"2025-07-16T13:30:19+00:00","og_image":[{"width":858,"height":572,"url":"https:\/\/brandyourshoes.com\/wp-content\/uploads\/2025\/05\/Portada_UNIFORMES-2.webp","type":"image\/webp"}],"twitter_card":"summary_large_image","twitter_misc":{"Temps estimat de lectura":"3 minuts"},"schema":{"@context":"https:\/\/schema.org","@graph":[{"@type":"WebPage","@id":"https:\/\/brandyourshoes.com\/ca\/projectes\/","url":"https:\/\/brandyourshoes.com\/ca\/projectes\/","name":"Projectes - BrandYourShoes","isPartOf":{"@id":"https:\/\/brandyourshoes.com\/ca\/#website"},"primaryImageOfPage":{"@id":"https:\/\/brandyourshoes.com\/ca\/projectes\/#primaryimage"},"image":{"@id":"https:\/\/brandyourshoes.com\/ca\/projectes\/#primaryimage"},"thumbnailUrl":"https:\/\/brandyourshoes.com\/wp-content\/uploads\/2025\/05\/Portada_UNIFORMES-2.webp","datePublished":"2025-05-16T09:14:02+00:00","dateModified":"2025-07-16T13:30:19+00:00","breadcrumb":{"@id":"https:\/\/brandyourshoes.com\/ca\/projectes\/#breadcrumb"},"inLanguage":"ca","potentialAction":[{"@type":"ReadAction","target":["https:\/\/brandyourshoes.com\/ca\/projectes\/"]}]},{"@type":"ImageObject","inLanguage":"ca","@id":"https:\/\/brandyourshoes.com\/ca\/projectes\/#primaryimage","url":"https:\/\/brandyourshoes.com\/wp-content\/uploads\/2025\/05\/Portada_UNIFORMES-2.webp","contentUrl":"https:\/\/brandyourshoes.com\/wp-content\/uploads\/2025\/05\/Portada_UNIFORMES-2.webp"},{"@type":"BreadcrumbList","@id":"https:\/\/brandyourshoes.com\/ca\/projectes\/#breadcrumb","itemListElement":[{"@type":"ListItem","position":1,"name":"Portada","item":"https:\/\/brandyourshoes.com\/ca\/"},{"@type":"ListItem","position":2,"name":"Projects CA"}]},{"@type":"WebSite","@id":"https:\/\/brandyourshoes.com\/ca\/#website","url":"https:\/\/brandyourshoes.com\/ca\/","name":"BrandYourShoes","description":"Customized Sneakers","publisher":{"@id":"https:\/\/brandyourshoes.com\/ca\/#organization"},"potentialAction":[{"@type":"SearchAction","target":{"@type":"EntryPoint","urlTemplate":"https:\/\/brandyourshoes.com\/ca\/?s={search_term_string}"},"query-input":{"@type":"PropertyValueSpecification","valueRequired":true,"valueName":"search_term_string"}}],"inLanguage":"ca"},{"@type":"Organization","@id":"https:\/\/brandyourshoes.com\/ca\/#organization","name":"BrandYourShoes","url":"https:\/\/brandyourshoes.com\/ca\/","logo":{"@type":"ImageObject","inLanguage":"ca","@id":"https:\/\/brandyourshoes.com\/ca\/#\/schema\/logo\/image\/","url":"https:\/\/brandyourshoes.com\/wp-content\/uploads\/2024\/02\/logo-horizontal-e1707810262679.png","contentUrl":"https:\/\/brandyourshoes.com\/wp-content\/uploads\/2024\/02\/logo-horizontal-e1707810262679.png","width":292,"height":61,"caption":"BrandYourShoes"},"image":{"@id":"https:\/\/brandyourshoes.com\/ca\/#\/schema\/logo\/image\/"}}]}},"_links":{"self":[{"href":"https:\/\/brandyourshoes.com\/ca\/wp-json\/wp\/v2\/pages\/16233","targetHints":{"allow":["GET"]}}],"collection":[{"href":"https:\/\/brandyourshoes.com\/ca\/wp-json\/wp\/v2\/pages"}],"about":[{"href":"https:\/\/brandyourshoes.com\/ca\/wp-json\/wp\/v2\/types\/page"}],"author":[{"embeddable":true,"href":"https:\/\/brandyourshoes.com\/ca\/wp-json\/wp\/v2\/users\/1"}],"replies":[{"embeddable":true,"href":"https:\/\/brandyourshoes.com\/ca\/wp-json\/wp\/v2\/comments?post=16233"}],"version-history":[{"count":0,"href":"https:\/\/brandyourshoes.com\/ca\/wp-json\/wp\/v2\/pages\/16233\/revisions"}],"wp:attachment":[{"href":"https:\/\/brandyourshoes.com\/ca\/wp-json\/wp\/v2\/media?parent=16233"}],"wp:term":[{"taxonomy":"funcionalitat","embeddable":true,"href":"https:\/\/brandyourshoes.com\/ca\/wp-json\/wp\/v2\/funcionalitat?post=16233"}],"curies":[{"name":"wp","href":"https:\/\/api.w.org\/{rel}","templated":true}]}}